{"id":58836,"date":"2026-04-03T00:55:05","date_gmt":"2026-04-02T21:55:05","guid":{"rendered":"http:\/\/new.ceasuri.md\/shop\/uncategorized\/casio-g-shock-gd-010bbr-1er\/"},"modified":"2026-04-20T01:50:39","modified_gmt":"2026-04-19T22:50:39","slug":"casio-g-shock-gd-010bbr-1er","status":"publish","type":"product","link":"https:\/\/ceasuri.md\/ru\/shop\/branduri\/casio\/casio-g-shock-gd-010bbr-1er\/","title":{"rendered":"Ceas CASIO G-SHOCK GD-010BBR-1ER"},"content":{"rendered":"<p>Fi\u021bi \u00eendr\u0103zne\u021b, decisiv \u0219i irezistibil cu colec\u021bia G-SHOCK Black &amp; Red.<\/p>\n<p>Culoarea ro\u0219ie aprins\u0103 \u0219i bogat\u0103 a afi\u0219ajului LCD iese \u00een eviden\u021b\u0103 fa\u021b\u0103 de luneta \u0219i curea negre, nu numai c\u0103 \u00eembun\u0103t\u0103\u021be\u0219te lizibilitatea, dar confer\u0103 \u0219i designului un caracter \u00eendr\u0103zne\u021b.<\/p>\n<p>Activa\u021bi lumina de fundal pentru a ilumina afi\u0219ajul digital pentru o vizibilitate \u0219i mai bun\u0103.<\/p>\n<p>Ceasul este echipat cu urm\u0103toarele func\u021bii: ora mondial\u0103, num\u0103r\u0103toare invers\u0103, calendar, cronometru, alarm\u0103.<\/p>\n<p>Rezisten\u021b\u0103 la ap\u0103 de 200 m.<\/p>\n<p>Face\u021bi o declara\u021bie unic\u0103 \u00een stilul all-black cu un accent izbitor de ro\u0219u.<\/p>","protected":false},"excerpt":{"rendered":"<p>Fi\u021bi \u00eendr\u0103zne\u021b, decisiv \u0219i irezistibil cu colec\u021bia G-SHOCK Black &amp; Red. Culoarea ro\u0219ie aprins\u0103 \u0219i bogat\u0103 a afi\u0219ajului LCD iese \u00een eviden\u021b\u0103 fa\u021b\u0103 de luneta \u0219i curea negre, nu numai c\u0103 \u00eembun\u0103t\u0103\u021be\u0219te lizibilitatea, dar confer\u0103 \u0219i designului un caracter \u00eendr\u0103zne\u021b. Activa\u021bi lumina de fundal pentru a ilumina afi\u0219ajul digital pentru o vizibilitate \u0219i mai bun\u0103. [&hellip;]<\/p>\n","protected":false},"featured_media":58837,"comment_status":"closed","ping_status":"open","template":"","meta":{"_acf_changed":false},"product_brand":[],"product_cat":[27,20,419],"product_tag":[],"class_list":{"0":"post-58836","1":"product","2":"type-product","3":"status-publish","4":"has-post-thumbnail","6":"product_cat-casio","7":"product_cat-ceasuri-barbati","8":"product_cat-g-shock","9":"pa_brand-casio","10":"pa_brand-g-shock","11":"pa_braslet-plastic","12":"pa_corpus-52-mm","13":"pa_forma-rotund","14":"pa_funcii-alarma","15":"pa_funcii-calendar","16":"pa_funcii-cronometru","17":"pa_funcii-iluminare","18":"pa_funcii-timp-mondial","19":"pa_garatia-24-luni","20":"pa_korpus-negru","21":"pa_kvarc-quartz","22":"pa_material-carbon","23":"pa_material-plastic","24":"pa_mehanizm-electronic","25":"pa_remeshok-negru","26":"pa_steklo-cristal-mineral","27":"pa_strana-japonia","28":"pa_voda-20-atm","30":"first","31":"instock","32":"purchasable","33":"product-type-simple"},"acf":[],"_links":{"self":[{"href":"https:\/\/ceasuri.md\/ru\/wp-json\/wp\/v2\/product\/58836","targetHints":{"allow":["GET"]}}],"collection":[{"href":"https:\/\/ceasuri.md\/ru\/wp-json\/wp\/v2\/product"}],"about":[{"href":"https:\/\/ceasuri.md\/ru\/wp-json\/wp\/v2\/types\/product"}],"replies":[{"embeddable":true,"href":"https:\/\/ceasuri.md\/ru\/wp-json\/wp\/v2\/comments?post=58836"}],"wp:featuredmedia":[{"embeddable":true,"href":"https:\/\/ceasuri.md\/ru\/wp-json\/wp\/v2\/media\/58837"}],"wp:attachment":[{"href":"https:\/\/ceasuri.md\/ru\/wp-json\/wp\/v2\/media?parent=58836"}],"wp:term":[{"taxonomy":"product_brand","embeddable":true,"href":"https:\/\/ceasuri.md\/ru\/wp-json\/wp\/v2\/product_brand?post=58836"},{"taxonomy":"product_cat","embeddable":true,"href":"https:\/\/ceasuri.md\/ru\/wp-json\/wp\/v2\/product_cat?post=58836"},{"taxonomy":"product_tag","embeddable":true,"href":"https:\/\/ceasuri.md\/ru\/wp-json\/wp\/v2\/product_tag?post=58836"}],"curies":[{"name":"wp","href":"https:\/\/api.w.org\/{rel}","templated":true}]}}