{"id":58833,"date":"2026-04-03T00:55:05","date_gmt":"2026-04-02T21:55:05","guid":{"rendered":"http:\/\/new.ceasuri.md\/shop\/uncategorized\/casio-g-shock-gma-p2100m-2aer\/"},"modified":"2026-04-20T01:50:39","modified_gmt":"2026-04-19T22:50:39","slug":"casio-g-shock-gma-p2100m-2aer","status":"publish","type":"product","link":"https:\/\/ceasuri.md\/ru\/shop\/branduri\/casio\/casio-g-shock-gma-p2100m-2aer\/","title":{"rendered":"Ceas CASIO G-SHOCK GMA-P2100M-2AER"},"content":{"rendered":"<p>Alegerea perfect\u0103 pentru cei care caut\u0103 un ceas fiabil \u0219i func\u021bional, cu un design clasic.<\/p>\n<p>Acest ceas impresioneaz\u0103 prin carcasa \u0219i curea robust\u0103 din biopolimer, care sunt at\u00e2t ecologice, c\u00e2t \u0219i durabile.<\/p>\n<p>Ceasul este echipat cu multe func\u021bii utile care fac via\u021ba de zi cu zi mai u\u0219oar\u0103. Datorit\u0103 rezisten\u021bei la \u0219ocuri \u0219i a rezisten\u021bei la ap\u0103 de p\u00e2n\u0103 la 20 bar, acesta este ideal pentru activit\u0103\u021bile \u00een aer liber.<\/p>\n<p>O func\u021bie integrat\u0103 de or\u0103 mondial\u0103, cronometru, cronometru \u0219i calendar automat sunt doar c\u00e2teva dintre caracteristicile tehnice.<\/p>\n<p>Deosebit de util\u0103 este func\u021bia de mi\u0219care a m\u00e2inilor, care la atingerea unui buton mut\u0103 m\u00e2inile \u00een afara zonei de afi\u0219are, facilit\u00e2nd vederea elementelor numerice.<\/p>\n<p>Echipat cu o baterie, acest ceas ofer\u0103 performan\u021be fiabile \u0219i de lung\u0103 durat\u0103.<\/p>","protected":false},"excerpt":{"rendered":"<p>Alegerea perfect\u0103 pentru cei care caut\u0103 un ceas fiabil \u0219i func\u021bional, cu un design clasic. Acest ceas impresioneaz\u0103 prin carcasa \u0219i curea robust\u0103 din biopolimer, care sunt at\u00e2t ecologice, c\u00e2t \u0219i durabile. Ceasul este echipat cu multe func\u021bii utile care fac via\u021ba de zi cu zi mai u\u0219oar\u0103. Datorit\u0103 rezisten\u021bei la \u0219ocuri \u0219i a rezisten\u021bei [&hellip;]<\/p>\n","protected":false},"featured_media":58834,"comment_status":"closed","ping_status":"open","template":"","meta":{"_acf_changed":false},"product_brand":[],"product_cat":[27,20,25,419],"product_tag":[],"class_list":{"0":"post-58833","1":"product","2":"type-product","3":"status-publish","4":"has-post-thumbnail","6":"product_cat-casio","7":"product_cat-ceasuri-barbati","8":"product_cat-ceasuri-dama","9":"product_cat-g-shock","10":"pa_brand-casio","11":"pa_brand-g-shock","12":"pa_braslet-plastic","13":"pa_corpus-40x46mm","14":"pa_forma-octogonala","15":"pa_funcii-alarma","16":"pa_funcii-calendar","17":"pa_funcii-cronometru","18":"pa_funcii-iluminare","19":"pa_funcii-timp-mondial","20":"pa_garatia-24-luni","21":"pa_korpus-albastru-inchis","22":"pa_kvarc-quartz","23":"pa_material-plastic","24":"pa_mehanizm-electronic","25":"pa_mehanizm-quartz","26":"pa_remeshok-albastru-inchis","27":"pa_steklo-cristal-mineral","28":"pa_strana-japonia","29":"pa_voda-20-atm","31":"first","32":"instock","33":"purchasable","34":"product-type-simple"},"acf":[],"_links":{"self":[{"href":"https:\/\/ceasuri.md\/ru\/wp-json\/wp\/v2\/product\/58833","targetHints":{"allow":["GET"]}}],"collection":[{"href":"https:\/\/ceasuri.md\/ru\/wp-json\/wp\/v2\/product"}],"about":[{"href":"https:\/\/ceasuri.md\/ru\/wp-json\/wp\/v2\/types\/product"}],"replies":[{"embeddable":true,"href":"https:\/\/ceasuri.md\/ru\/wp-json\/wp\/v2\/comments?post=58833"}],"wp:featuredmedia":[{"embeddable":true,"href":"https:\/\/ceasuri.md\/ru\/wp-json\/wp\/v2\/media\/58834"}],"wp:attachment":[{"href":"https:\/\/ceasuri.md\/ru\/wp-json\/wp\/v2\/media?parent=58833"}],"wp:term":[{"taxonomy":"product_brand","embeddable":true,"href":"https:\/\/ceasuri.md\/ru\/wp-json\/wp\/v2\/product_brand?post=58833"},{"taxonomy":"product_cat","embeddable":true,"href":"https:\/\/ceasuri.md\/ru\/wp-json\/wp\/v2\/product_cat?post=58833"},{"taxonomy":"product_tag","embeddable":true,"href":"https:\/\/ceasuri.md\/ru\/wp-json\/wp\/v2\/product_tag?post=58833"}],"curies":[{"name":"wp","href":"https:\/\/api.w.org\/{rel}","templated":true}]}}