{"id":58819,"date":"2026-04-03T00:55:05","date_gmt":"2026-04-02T21:55:05","guid":{"rendered":"http:\/\/new.ceasuri.md\/shop\/uncategorized\/casio-g-shock-gm-b2100sd-1aer\/"},"modified":"2026-04-20T01:50:41","modified_gmt":"2026-04-19T22:50:41","slug":"casio-g-shock-gm-b2100sd-1aer","status":"publish","type":"product","link":"https:\/\/ceasuri.md\/ru\/shop\/branduri\/casio\/casio-g-shock-gm-b2100sd-1aer\/","title":{"rendered":"Ceas CASIO G-SHOCK GM-B2100SD-1AER"},"content":{"rendered":"<p>O adi\u021bie metalic\u0103 la stilul \u00een continu\u0103 evolu\u021bie al ceasului 2100 care mo\u0219tene\u0219te tradi\u021bia primului G-SHOCK, DW-5000C.<\/p>\n<p>Construc\u021bia complet metalic\u0103, cu spatele carcasei \u00een\u0219urubat, luneta \u0219i br\u0103\u021bara din o\u021bel inoxidabil creeaz\u0103 un design aerodinamic \u0219i minimalist, protej\u00e2nd modulul de \u0219ocuri atunci c\u00e2nd cade. Suportul de \u00eenalt\u0103 densitate men\u021bine modulul analog-digital sub\u021bire, oferind \u00een acela\u0219i timp caracteristicile avansate pe care le iubi\u021bi \u00eentr-un profil compact \u0219i o potrivire confortabil\u0103.<\/p>\n<p>\u00centorc\u00e2ndu-se \u00een trecut, luneta octogonal\u0103 \u0219i designul curelelor cu gropi\u021be caracteristice originalului din 1983 sunt realizate din metal. Luneta din o\u021bel inoxidabil format\u0103 \u00een trei dimensiuni este frumos finisat\u0103 cu peri circulari pe suprafa\u021ba superioar\u0103 \u0219i luciu oglind\u0103 pe laturi.<\/p>\n<p>\u00centre luneta \u0219i carcas\u0103 se afl\u0103 componente tampon realizate din r\u0103\u0219in\u0103 fin\u0103, oferind o construc\u021bie rezistent\u0103 la impact cu o suprafa\u021b\u0103 exterioar\u0103 complet metalic\u0103.<\/p>\n<p>Finisajul subtil Yamagata Casio de pe cadran este completat de indicii placa\u021bi cu argint, f\u0103c\u00e2nd designul atr\u0103g\u0103tor \u0219i u\u0219or de citit.<\/p>\n<p>\u00cemperecheaz\u0103-te cu smartphone-ul t\u0103u prin Bluetooth\u00ae. Pur \u0219i simplu accesa\u021bi aplica\u021bia dedicat\u0103 pentru o cronometrare precis\u0103, pentru a r\u0103m\u00e2ne pe drumul cel bun.<\/p>\n<p>Cu Tough Solar, un indicator LED cu luminozitate ridicat\u0103 \u0219i o serie de alte caracteristici utile, acest ceas este elegant \u0219i practic.<\/p>","protected":false},"excerpt":{"rendered":"<p>O adi\u021bie metalic\u0103 la stilul \u00een continu\u0103 evolu\u021bie al ceasului 2100 care mo\u0219tene\u0219te tradi\u021bia primului G-SHOCK, DW-5000C. Construc\u021bia complet metalic\u0103, cu spatele carcasei \u00een\u0219urubat, luneta \u0219i br\u0103\u021bara din o\u021bel inoxidabil creeaz\u0103 un design aerodinamic \u0219i minimalist, protej\u00e2nd modulul de \u0219ocuri atunci c\u00e2nd cade. Suportul de \u00eenalt\u0103 densitate men\u021bine modulul analog-digital sub\u021bire, oferind \u00een acela\u0219i timp [&hellip;]<\/p>\n","protected":false},"featured_media":58820,"comment_status":"closed","ping_status":"open","template":"","meta":{"_acf_changed":false},"product_brand":[],"product_cat":[27,20,419],"product_tag":[],"class_list":{"0":"post-58819","1":"product","2":"type-product","3":"status-publish","4":"has-post-thumbnail","6":"product_cat-casio","7":"product_cat-ceasuri-barbati","8":"product_cat-g-shock","9":"pa_brand-casio","10":"pa_brand-g-shock","11":"pa_braslet-otel-inoxidabil","12":"pa_corpus-44x50mm","13":"pa_forma-octogonala","14":"pa_funcii-alarma","15":"pa_funcii-bluetooth-smart","16":"pa_funcii-calendar","17":"pa_funcii-cronometru","18":"pa_funcii-iluminare","19":"pa_funcii-rezerva-de-energie","20":"pa_funcii-timp-mondial","21":"pa_garatia-24-luni","22":"pa_korpus-argintiu","23":"pa_kvarc-quartz","24":"pa_material-otel-inoxidabil","25":"pa_mehanizm-baterie-solara","26":"pa_mehanizm-electronic","27":"pa_mehanizm-quartz","28":"pa_remeshok-argintiu","29":"pa_steklo-cristal-mineral","30":"pa_strana-japonia","31":"pa_voda-20-atm","33":"first","34":"instock","35":"purchasable","36":"product-type-simple"},"acf":[],"_links":{"self":[{"href":"https:\/\/ceasuri.md\/ru\/wp-json\/wp\/v2\/product\/58819","targetHints":{"allow":["GET"]}}],"collection":[{"href":"https:\/\/ceasuri.md\/ru\/wp-json\/wp\/v2\/product"}],"about":[{"href":"https:\/\/ceasuri.md\/ru\/wp-json\/wp\/v2\/types\/product"}],"replies":[{"embeddable":true,"href":"https:\/\/ceasuri.md\/ru\/wp-json\/wp\/v2\/comments?post=58819"}],"wp:featuredmedia":[{"embeddable":true,"href":"https:\/\/ceasuri.md\/ru\/wp-json\/wp\/v2\/media\/58820"}],"wp:attachment":[{"href":"https:\/\/ceasuri.md\/ru\/wp-json\/wp\/v2\/media?parent=58819"}],"wp:term":[{"taxonomy":"product_brand","embeddable":true,"href":"https:\/\/ceasuri.md\/ru\/wp-json\/wp\/v2\/product_brand?post=58819"},{"taxonomy":"product_cat","embeddable":true,"href":"https:\/\/ceasuri.md\/ru\/wp-json\/wp\/v2\/product_cat?post=58819"},{"taxonomy":"product_tag","embeddable":true,"href":"https:\/\/ceasuri.md\/ru\/wp-json\/wp\/v2\/product_tag?post=58819"}],"curies":[{"name":"wp","href":"https:\/\/api.w.org\/{rel}","templated":true}]}}