{"id":58816,"date":"2026-04-03T00:55:05","date_gmt":"2026-04-02T21:55:05","guid":{"rendered":"http:\/\/new.ceasuri.md\/shop\/uncategorized\/casio-g-shock-gx-56bbr-1er\/"},"modified":"2026-04-16T21:33:54","modified_gmt":"2026-04-16T18:33:54","slug":"casio-g-shock-gx-56bbr-1er","status":"publish","type":"product","link":"https:\/\/ceasuri.md\/ru\/shop\/branduri\/casio\/casio-g-shock-gx-56bbr-1er\/","title":{"rendered":"Ceas CASIO GX-56BBR-1ER G-Shock"},"content":{"rendered":"<p>Fii \u00eendr\u0103zne\u021b cu colec\u021bia G-SHOCK Black &amp; Red.<\/p>\n<p>Culoarea ro\u0219ie aprins\u0103 \u0219i bogat\u0103 a afi\u0219ajului LCD iese \u00een eviden\u021b\u0103 fa\u021b\u0103 de luneta \u0219i curea negre, nu numai c\u0103 spore\u0219te vizibilitatea, dar \u0219i subliniaz\u0103 \u00eendr\u0103zneala designului.<\/p>\n<p>Activa\u021bi lumina de fundal pentru a face afi\u0219ajul digital \u0219i mai vizibil.<\/p>\n<p>Ceasul este echipat cu urm\u0103toarele func\u021bii: ora mondial\u0103, num\u0103r\u0103toare invers\u0103, iluminare din spate, calendar, cronometru, alarm\u0103, indicator al rezervei de energie.<\/p>\n<p>Acest model este alimentat cu energie solar\u0103 (poate fi \u00eenc\u0103rcat de la aproape orice surs\u0103 de lumin\u0103).<\/p>\n<p>Rezistent la ap\u0103 p\u00e2n\u0103 la 200 de metri.<\/p>","protected":false},"excerpt":{"rendered":"<p>Fii \u00eendr\u0103zne\u021b cu colec\u021bia G-SHOCK Black &amp; Red. Culoarea ro\u0219ie aprins\u0103 \u0219i bogat\u0103 a afi\u0219ajului LCD iese \u00een eviden\u021b\u0103 fa\u021b\u0103 de luneta \u0219i curea negre, nu numai c\u0103 spore\u0219te vizibilitatea, dar \u0219i subliniaz\u0103 \u00eendr\u0103zneala designului. Activa\u021bi lumina de fundal pentru a face afi\u0219ajul digital \u0219i mai vizibil. Ceasul este echipat cu urm\u0103toarele func\u021bii: ora mondial\u0103, [&hellip;]<\/p>\n","protected":false},"featured_media":58817,"comment_status":"closed","ping_status":"open","template":"","meta":{"_acf_changed":false},"product_brand":[],"product_cat":[27,20,419],"product_tag":[],"class_list":{"0":"post-58816","1":"product","2":"type-product","3":"status-publish","4":"has-post-thumbnail","6":"product_cat-casio","7":"product_cat-ceasuri-barbati","8":"product_cat-g-shock","9":"pa_brand-casio","10":"pa_brand-g-shock","11":"pa_braslet-plastic","12":"pa_corpus-54x56mm","13":"pa_forma-octogonala","14":"pa_funcii-alarma","15":"pa_funcii-calendar","16":"pa_funcii-cronometru","17":"pa_funcii-iluminare","18":"pa_funcii-rezerva-de-energie","19":"pa_funcii-timp-mondial","20":"pa_garatia-24-luni","21":"pa_korpus-negru","22":"pa_kvarc-quartz","23":"pa_material-plastic","24":"pa_mehanizm-baterie-solara","25":"pa_mehanizm-electronic","26":"pa_remeshok-negru","27":"pa_steklo-cristal-mineral","28":"pa_strana-japonia","29":"pa_voda-20-atm","31":"first","32":"instock","33":"purchasable","34":"product-type-simple"},"acf":[],"_links":{"self":[{"href":"https:\/\/ceasuri.md\/ru\/wp-json\/wp\/v2\/product\/58816","targetHints":{"allow":["GET"]}}],"collection":[{"href":"https:\/\/ceasuri.md\/ru\/wp-json\/wp\/v2\/product"}],"about":[{"href":"https:\/\/ceasuri.md\/ru\/wp-json\/wp\/v2\/types\/product"}],"replies":[{"embeddable":true,"href":"https:\/\/ceasuri.md\/ru\/wp-json\/wp\/v2\/comments?post=58816"}],"wp:featuredmedia":[{"embeddable":true,"href":"https:\/\/ceasuri.md\/ru\/wp-json\/wp\/v2\/media\/58817"}],"wp:attachment":[{"href":"https:\/\/ceasuri.md\/ru\/wp-json\/wp\/v2\/media?parent=58816"}],"wp:term":[{"taxonomy":"product_brand","embeddable":true,"href":"https:\/\/ceasuri.md\/ru\/wp-json\/wp\/v2\/product_brand?post=58816"},{"taxonomy":"product_cat","embeddable":true,"href":"https:\/\/ceasuri.md\/ru\/wp-json\/wp\/v2\/product_cat?post=58816"},{"taxonomy":"product_tag","embeddable":true,"href":"https:\/\/ceasuri.md\/ru\/wp-json\/wp\/v2\/product_tag?post=58816"}],"curies":[{"name":"wp","href":"https:\/\/api.w.org\/{rel}","templated":true}]}}