{"id":58814,"date":"2026-04-03T00:55:05","date_gmt":"2026-04-02T21:55:05","guid":{"rendered":"http:\/\/new.ceasuri.md\/shop\/uncategorized\/casio-collection-w-218h-3bvef\/"},"modified":"2026-04-15T21:09:59","modified_gmt":"2026-04-15T18:09:59","slug":"casio-collection-w-218h-3bvef","status":"publish","type":"product","link":"https:\/\/ceasuri.md\/ru\/shop\/branduri\/casio\/casio-collection-w-218h-3bvef\/","title":{"rendered":"Ceas CASIO COLLECTION W-218H-3BVEF"},"content":{"rendered":"<p>Ceasurile Casio Collection au devenit un simbol al ideilor originale \u0219i al tehnologiei moderne. Este o colec\u021bie foarte divers\u0103, cu design original \u0219i solu\u021bii multifunc\u021bionale.<\/p>\n<p>Exist\u0103 ceasuri cu func\u021bii de calculator, afi\u0219aje moderne, capacitatea de a se sincroniza cu un smartphone \u0219i multe altele.<\/p>\n<p>Majoritatea modelelor sunt realizate \u00eentr-un stil clasic elegant, care nu pune \u00een umbr\u0103 designul lor unic \u0219i recunoa\u0219terea excelent\u0103.<\/p>\n<p>Acest model este \u00eentr-un stil sportiv \u0219i o culoare \u00eendr\u0103znea\u021b\u0103. Ceasul nu este doar confortabil, ci \u0219i practic.<\/p>\n<p>Func\u021bionalitatea ceasului &#8211; retroiluminare LED pentru o citire u\u0219oar\u0103 \u00een \u00eentuneric, cronometru de 1\/100 de secunde, alarm\u0103 \u0219i calendar sunt toate protejate de rezisten\u021ba la ap\u0103 de 50 de metri.<\/p>\n<p>Dac\u0103 sunte\u021bi \u00een c\u0103utarea unui ceas accesibil, dar fiabil, de la un brand legendar, alege\u021bi un ceas Casio Collection.<\/p>","protected":false},"excerpt":{"rendered":"<p>Ceasurile Casio Collection au devenit un simbol al ideilor originale \u0219i al tehnologiei moderne. Este o colec\u021bie foarte divers\u0103, cu design original \u0219i solu\u021bii multifunc\u021bionale. Exist\u0103 ceasuri cu func\u021bii de calculator, afi\u0219aje moderne, capacitatea de a se sincroniza cu un smartphone \u0219i multe altele. Majoritatea modelelor sunt realizate \u00eentr-un stil clasic elegant, care nu pune [&hellip;]<\/p>\n","protected":false},"featured_media":58815,"comment_status":"closed","ping_status":"open","template":"","meta":{"_acf_changed":false},"product_brand":[],"product_cat":[27,20],"product_tag":[],"class_list":{"0":"post-58814","1":"product","2":"type-product","3":"status-publish","4":"has-post-thumbnail","6":"product_cat-casio","7":"product_cat-ceasuri-barbati","8":"pa_brand-casio","9":"pa_braslet-plastic","10":"pa_corpus-43-mm","11":"pa_forma-octogonala","12":"pa_funcii-alarma","13":"pa_funcii-calendar","14":"pa_funcii-cronometru","15":"pa_funcii-iluminare","16":"pa_garatia-24-luni","17":"pa_korpus-verde","18":"pa_kvarc-quartz","19":"pa_material-plastic","20":"pa_mehanizm-electronic","21":"pa_remeshok-verde","22":"pa_steklo-plastic","23":"pa_strana-japonia","24":"pa_voda-5-atm","26":"first","27":"instock","28":"purchasable","29":"product-type-simple"},"acf":[],"_links":{"self":[{"href":"https:\/\/ceasuri.md\/ru\/wp-json\/wp\/v2\/product\/58814","targetHints":{"allow":["GET"]}}],"collection":[{"href":"https:\/\/ceasuri.md\/ru\/wp-json\/wp\/v2\/product"}],"about":[{"href":"https:\/\/ceasuri.md\/ru\/wp-json\/wp\/v2\/types\/product"}],"replies":[{"embeddable":true,"href":"https:\/\/ceasuri.md\/ru\/wp-json\/wp\/v2\/comments?post=58814"}],"wp:featuredmedia":[{"embeddable":true,"href":"https:\/\/ceasuri.md\/ru\/wp-json\/wp\/v2\/media\/58815"}],"wp:attachment":[{"href":"https:\/\/ceasuri.md\/ru\/wp-json\/wp\/v2\/media?parent=58814"}],"wp:term":[{"taxonomy":"product_brand","embeddable":true,"href":"https:\/\/ceasuri.md\/ru\/wp-json\/wp\/v2\/product_brand?post=58814"},{"taxonomy":"product_cat","embeddable":true,"href":"https:\/\/ceasuri.md\/ru\/wp-json\/wp\/v2\/product_cat?post=58814"},{"taxonomy":"product_tag","embeddable":true,"href":"https:\/\/ceasuri.md\/ru\/wp-json\/wp\/v2\/product_tag?post=58814"}],"curies":[{"name":"wp","href":"https:\/\/api.w.org\/{rel}","templated":true}]}}