{"id":58804,"date":"2025-05-07T10:46:31","date_gmt":"2025-05-07T07:46:31","guid":{"rendered":"http:\/\/new.ceasuri.md\/shop\/uncategorized\/orient-sports-neo-70s-revival-ra-aa0b02r39b\/"},"modified":"2026-05-01T19:26:09","modified_gmt":"2026-05-01T16:26:09","slug":"orient-sports-neo-70s-revival-ra-aa0b02r39b","status":"publish","type":"product","link":"https:\/\/ceasuri.md\/ru\/shop\/branduri\/orient\/orient-sports-neo-70s-revival-ra-aa0b02r39b\/","title":{"rendered":"\u0427\u0430\u0441\u044b ORIENT SPORTS Neo 70&#8217;s revival RA-AA0B02R39B"},"content":{"rendered":"<p>Ceasul b\u0103rb\u0103tesc este un model unic care combin\u0103 designul clasic cu solu\u021bii moderne.<\/p>\n<p>Echipat cu mi\u0219carea automat\u0103 japonez\u0103 Orient F6922, acesta ofer\u0103 o rezerv\u0103 de putere de 40 de ore, 22 de bijuterii \u0219i o func\u021bie stop-secund\u0103.<\/p>\n<p>Cadranul rosu, protejat de sticl\u0103 mineral\u0103, \u00eei confer\u0103 o not\u0103 distinctiv\u0103.<\/p>\n<p>\u00cenveli\u0219ul \u0219i br\u0103\u021bara din o\u021bel inoxidabil argintiu asigur\u0103 robuste\u021bea.<\/p>\n<p>Ceasul are un caseback \u00een\u0219urubat, afi\u0219aje pentru ziua s\u0103pt\u0103m\u00e2nii \u0219i data lunii \u0219i un strat luminescent care permite citirea orei pe \u00eentuneric.<\/p>\n<p>Rezisten\u021ba la ap\u0103 de 50 de metri.<\/p>","protected":false},"excerpt":{"rendered":"<p>Ceasul b\u0103rb\u0103tesc este un model unic care combin\u0103 designul clasic cu solu\u021bii moderne. Echipat cu mi\u0219carea automat\u0103 japonez\u0103 Orient F6922, acesta ofer\u0103 o rezerv\u0103 de putere de 40 de ore, 22 de bijuterii \u0219i o func\u021bie stop-secund\u0103. Cadranul rosu, protejat de sticl\u0103 mineral\u0103, \u00eei confer\u0103 o not\u0103 distinctiv\u0103. \u00cenveli\u0219ul \u0219i br\u0103\u021bara din o\u021bel inoxidabil argintiu [&hellip;]<\/p>\n","protected":false},"featured_media":58805,"comment_status":"closed","ping_status":"open","template":"","meta":{"_acf_changed":false},"product_brand":[],"product_cat":[20,596],"product_tag":[],"class_list":{"0":"post-58804","1":"product","2":"type-product","3":"status-publish","4":"has-post-thumbnail","6":"product_cat-ceasuri-barbati","7":"product_cat-orient","8":"pa_brand-orient","9":"pa_braslet-otel-inoxidabil","10":"pa_corpus-42-mm","11":"pa_forma-rotund","12":"pa_funcii-data","13":"pa_funcii-ziua-saptamanii","14":"pa_garatia-24-luni","15":"pa_korpus-argintiu","16":"pa_material-otel-inoxidabil","17":"pa_mehanizm-mecanic","18":"pa_mehanizm-mecanism-automatic","19":"pa_remeshok-argintiu","20":"pa_steklo-cristal-mineral","21":"pa_strana-japonia","22":"pa_voda-5-atm","24":"first","25":"instock","26":"purchasable","27":"product-type-simple"},"acf":[],"_links":{"self":[{"href":"https:\/\/ceasuri.md\/ru\/wp-json\/wp\/v2\/product\/58804","targetHints":{"allow":["GET"]}}],"collection":[{"href":"https:\/\/ceasuri.md\/ru\/wp-json\/wp\/v2\/product"}],"about":[{"href":"https:\/\/ceasuri.md\/ru\/wp-json\/wp\/v2\/types\/product"}],"replies":[{"embeddable":true,"href":"https:\/\/ceasuri.md\/ru\/wp-json\/wp\/v2\/comments?post=58804"}],"wp:featuredmedia":[{"embeddable":true,"href":"https:\/\/ceasuri.md\/ru\/wp-json\/wp\/v2\/media\/58805"}],"wp:attachment":[{"href":"https:\/\/ceasuri.md\/ru\/wp-json\/wp\/v2\/media?parent=58804"}],"wp:term":[{"taxonomy":"product_brand","embeddable":true,"href":"https:\/\/ceasuri.md\/ru\/wp-json\/wp\/v2\/product_brand?post=58804"},{"taxonomy":"product_cat","embeddable":true,"href":"https:\/\/ceasuri.md\/ru\/wp-json\/wp\/v2\/product_cat?post=58804"},{"taxonomy":"product_tag","embeddable":true,"href":"https:\/\/ceasuri.md\/ru\/wp-json\/wp\/v2\/product_tag?post=58804"}],"curies":[{"name":"wp","href":"https:\/\/api.w.org\/{rel}","templated":true}]}}