{"id":58799,"date":"2026-04-03T00:55:05","date_gmt":"2026-04-02T21:55:05","guid":{"rendered":"http:\/\/new.ceasuri.md\/shop\/uncategorized\/orient-sports-neo-70s-revival-ra-aa0b03l39b\/"},"modified":"2026-04-20T01:49:00","modified_gmt":"2026-04-19T22:49:00","slug":"orient-sports-neo-70s-revival-ra-aa0b03l39b","status":"publish","type":"product","link":"https:\/\/ceasuri.md\/ru\/shop\/branduri\/orient\/orient-sports-neo-70s-revival-ra-aa0b03l39b\/","title":{"rendered":"\u0427\u0430\u0441\u044b ORIENT SPORTS Neo 70&#8217;s revival RA-AA0B03L39B"},"content":{"rendered":"<p>Orient NEO 70&#8217;s Revival este un model inspirat de stilul clasic al anilor 1970, care atrage aten\u021bia prin elegan\u021ba \u0219i designul s\u0103u atemporal.<\/p>\n<p>Cadranul albastru inchis cu data din ziua lunii, protejat de sticl\u0103 mineral\u0103, se potrive\u0219te perfect cu plicul \u0219i br\u0103\u021bara din o\u021bel inoxidabil de culoare argintie.<\/p>\n<p>Ceasul func\u021bioneaz\u0103 pe baza mi\u0219c\u0103rii automate japoneze Orient F6922 cu func\u021bie de oprire a secundei.<\/p>\n<p>Cu o rezisten\u021b\u0103 la ap\u0103 de 50 de metri, ceasul este potrivit pentru purtarea zilnic\u0103.<\/p>","protected":false},"excerpt":{"rendered":"<p>Orient NEO 70&#8217;s Revival este un model inspirat de stilul clasic al anilor 1970, care atrage aten\u021bia prin elegan\u021ba \u0219i designul s\u0103u atemporal. Cadranul albastru inchis cu data din ziua lunii, protejat de sticl\u0103 mineral\u0103, se potrive\u0219te perfect cu plicul \u0219i br\u0103\u021bara din o\u021bel inoxidabil de culoare argintie. Ceasul func\u021bioneaz\u0103 pe baza mi\u0219c\u0103rii automate japoneze [&hellip;]<\/p>\n","protected":false},"featured_media":58800,"comment_status":"closed","ping_status":"open","template":"","meta":{"_acf_changed":false},"product_brand":[],"product_cat":[20,596],"product_tag":[],"class_list":{"0":"post-58799","1":"product","2":"type-product","3":"status-publish","4":"has-post-thumbnail","6":"product_cat-ceasuri-barbati","7":"product_cat-orient","8":"pa_brand-orient","9":"pa_braslet-otel-inoxidabil","10":"pa_corpus-42-mm","11":"pa_forma-rotund","12":"pa_funcii-data","13":"pa_funcii-ziua-saptamanii","14":"pa_garatia-24-luni","15":"pa_korpus-argintiu","16":"pa_material-otel-inoxidabil","17":"pa_mehanizm-mecanic","18":"pa_mehanizm-mecanism-automatic","19":"pa_remeshok-argintiu","20":"pa_steklo-cristal-mineral","21":"pa_strana-japonia","22":"pa_voda-5-atm","24":"first","25":"instock","26":"purchasable","27":"product-type-simple"},"acf":[],"_links":{"self":[{"href":"https:\/\/ceasuri.md\/ru\/wp-json\/wp\/v2\/product\/58799","targetHints":{"allow":["GET"]}}],"collection":[{"href":"https:\/\/ceasuri.md\/ru\/wp-json\/wp\/v2\/product"}],"about":[{"href":"https:\/\/ceasuri.md\/ru\/wp-json\/wp\/v2\/types\/product"}],"replies":[{"embeddable":true,"href":"https:\/\/ceasuri.md\/ru\/wp-json\/wp\/v2\/comments?post=58799"}],"wp:featuredmedia":[{"embeddable":true,"href":"https:\/\/ceasuri.md\/ru\/wp-json\/wp\/v2\/media\/58800"}],"wp:attachment":[{"href":"https:\/\/ceasuri.md\/ru\/wp-json\/wp\/v2\/media?parent=58799"}],"wp:term":[{"taxonomy":"product_brand","embeddable":true,"href":"https:\/\/ceasuri.md\/ru\/wp-json\/wp\/v2\/product_brand?post=58799"},{"taxonomy":"product_cat","embeddable":true,"href":"https:\/\/ceasuri.md\/ru\/wp-json\/wp\/v2\/product_cat?post=58799"},{"taxonomy":"product_tag","embeddable":true,"href":"https:\/\/ceasuri.md\/ru\/wp-json\/wp\/v2\/product_tag?post=58799"}],"curies":[{"name":"wp","href":"https:\/\/api.w.org\/{rel}","templated":true}]}}