{"id":58794,"date":"2026-04-03T00:55:05","date_gmt":"2026-04-02T21:55:05","guid":{"rendered":"http:\/\/new.ceasuri.md\/shop\/uncategorized\/orient-classic-bambino-ra-ac0023e30b\/"},"modified":"2026-04-20T01:49:00","modified_gmt":"2026-04-19T22:49:00","slug":"orient-classic-bambino-ra-ac0023e30b","status":"publish","type":"product","link":"https:\/\/ceasuri.md\/ru\/shop\/branduri\/orient\/orient-classic-bambino-ra-ac0023e30b\/","title":{"rendered":"\u0427\u0430\u0441\u044b ORIENT CLASSIC BAMBINO RA-AC0023E30B"},"content":{"rendered":"<p>Ceasul automat cu cadran verde este o op\u021biune \u00eendr\u0103git\u0103 \u00een materie de ceasuri elegante, cu stilul s\u0103u atemporal \u0219i designul s\u0103u sofisticat.<\/p>\n<p>M\u0103sur\u00e2nd 41 mm, carcasa este \u00eemperecheat\u0103 cu un cristal mineral bombat semnat \u0219i alimentat de calibrul automat de \u00eencredere Orient F6724 in-house. Mi\u0219carea poate fi admirat\u0103 prin spatele transparent al carcasei, iar ceasul este completat cu m\u00e2ini elegante \u0219i cifre romane de bun gust.<\/p>\n<p>Cadranul colorat adaug\u0103 versatilitate, f\u0103c\u00e2ndu-l potrivit at\u00e2t pentru ocaziile formale, c\u00e2t \u0219i pentru cele casual.<\/p>","protected":false},"excerpt":{"rendered":"<p>Ceasul automat cu cadran verde este o op\u021biune \u00eendr\u0103git\u0103 \u00een materie de ceasuri elegante, cu stilul s\u0103u atemporal \u0219i designul s\u0103u sofisticat. M\u0103sur\u00e2nd 41 mm, carcasa este \u00eemperecheat\u0103 cu un cristal mineral bombat semnat \u0219i alimentat de calibrul automat de \u00eencredere Orient F6724 in-house. Mi\u0219carea poate fi admirat\u0103 prin spatele transparent al carcasei, iar ceasul [&hellip;]<\/p>\n","protected":false},"featured_media":58795,"comment_status":"closed","ping_status":"open","template":"","meta":{"_acf_changed":false},"product_brand":[],"product_cat":[20,596],"product_tag":[],"class_list":{"0":"post-58794","1":"product","2":"type-product","3":"status-publish","4":"has-post-thumbnail","6":"product_cat-ceasuri-barbati","7":"product_cat-orient","8":"pa_brand-orient","9":"pa_braslet-piele","10":"pa_corpus-41-mm","11":"pa_forma-rotund","12":"pa_funcii-data","13":"pa_garatia-24-luni","14":"pa_korpus-argintiu","15":"pa_material-otel-inoxidabil","16":"pa_mehanizm-mecanic","17":"pa_mehanizm-mecanism-automatic","18":"pa_remeshok-maro","19":"pa_steklo-cristal-mineral","20":"pa_strana-japonia","21":"pa_voda-3-atm","23":"first","24":"instock","25":"purchasable","26":"product-type-simple"},"acf":[],"_links":{"self":[{"href":"https:\/\/ceasuri.md\/ru\/wp-json\/wp\/v2\/product\/58794","targetHints":{"allow":["GET"]}}],"collection":[{"href":"https:\/\/ceasuri.md\/ru\/wp-json\/wp\/v2\/product"}],"about":[{"href":"https:\/\/ceasuri.md\/ru\/wp-json\/wp\/v2\/types\/product"}],"replies":[{"embeddable":true,"href":"https:\/\/ceasuri.md\/ru\/wp-json\/wp\/v2\/comments?post=58794"}],"wp:featuredmedia":[{"embeddable":true,"href":"https:\/\/ceasuri.md\/ru\/wp-json\/wp\/v2\/media\/58795"}],"wp:attachment":[{"href":"https:\/\/ceasuri.md\/ru\/wp-json\/wp\/v2\/media?parent=58794"}],"wp:term":[{"taxonomy":"product_brand","embeddable":true,"href":"https:\/\/ceasuri.md\/ru\/wp-json\/wp\/v2\/product_brand?post=58794"},{"taxonomy":"product_cat","embeddable":true,"href":"https:\/\/ceasuri.md\/ru\/wp-json\/wp\/v2\/product_cat?post=58794"},{"taxonomy":"product_tag","embeddable":true,"href":"https:\/\/ceasuri.md\/ru\/wp-json\/wp\/v2\/product_tag?post=58794"}],"curies":[{"name":"wp","href":"https:\/\/api.w.org\/{rel}","templated":true}]}}