{"id":58784,"date":"2025-05-07T10:46:30","date_gmt":"2025-05-07T07:46:30","guid":{"rendered":"http:\/\/new.ceasuri.md\/shop\/uncategorized\/orient-classic-bambino-ra-ac0025n30b\/"},"modified":"2026-05-01T19:26:02","modified_gmt":"2026-05-01T16:26:02","slug":"orient-classic-bambino-ra-ac0025n30b","status":"publish","type":"product","link":"https:\/\/ceasuri.md\/ru\/shop\/branduri\/orient\/orient-classic-bambino-ra-ac0025n30b\/","title":{"rendered":"\u0427\u0430\u0441\u044b ORIENT CLASSIC BAMBINO RA-AC0025N30B"},"content":{"rendered":"<p>Ceasul pentru b\u0103rba\u021bi Bambino Automatic este un model elegant care combin\u0103 stilul clasic cu solu\u021bii moderne.<\/p>\n<p>Echipat cu o mi\u0219care automat\u0103, ceasul ofer\u0103 confort de utilizare.<\/p>\n<p>Plicul argintiu din o\u021bel inoxidabil are o l\u0103\u021bime de 41 mm, ceea ce \u00eei confer\u0103 un aspect solid.<\/p>\n<p>Cadranul bej, este acoperit de sticl\u0103 mineral\u0103, care \u00eel protejeaz\u0103 de deterior\u0103ri.<\/p>\n<p>Ceasul vine cu o curea din piele de culoare gri, care \u00eei spore\u0219te caracterul \u0219i confortul la purtare.<\/p>\n<p>Rezisten\u021ba la ap\u0103 de 30 de metri \u00eel face rezistent la stropii minori.<\/p>","protected":false},"excerpt":{"rendered":"<p>Ceasul pentru b\u0103rba\u021bi Bambino Automatic este un model elegant care combin\u0103 stilul clasic cu solu\u021bii moderne. Echipat cu o mi\u0219care automat\u0103, ceasul ofer\u0103 confort de utilizare. Plicul argintiu din o\u021bel inoxidabil are o l\u0103\u021bime de 41 mm, ceea ce \u00eei confer\u0103 un aspect solid. Cadranul bej, este acoperit de sticl\u0103 mineral\u0103, care \u00eel protejeaz\u0103 de [&hellip;]<\/p>\n","protected":false},"featured_media":58785,"comment_status":"closed","ping_status":"open","template":"","meta":{"_acf_changed":false},"product_brand":[],"product_cat":[20,596],"product_tag":[],"class_list":{"0":"post-58784","1":"product","2":"type-product","3":"status-publish","4":"has-post-thumbnail","6":"product_cat-ceasuri-barbati","7":"product_cat-orient","8":"pa_brand-orient","9":"pa_braslet-piele","10":"pa_corpus-41-mm","11":"pa_forma-rotund","12":"pa_funcii-data","13":"pa_garatia-24-luni","14":"pa_korpus-argintiu","15":"pa_material-otel-inoxidabil","16":"pa_mehanizm-mecanic","17":"pa_mehanizm-mecanism-automatic","18":"pa_remeshok-gri","19":"pa_steklo-cristal-mineral","20":"pa_strana-japonia","21":"pa_voda-3-atm","23":"first","24":"instock","25":"purchasable","26":"product-type-simple"},"acf":[],"_links":{"self":[{"href":"https:\/\/ceasuri.md\/ru\/wp-json\/wp\/v2\/product\/58784","targetHints":{"allow":["GET"]}}],"collection":[{"href":"https:\/\/ceasuri.md\/ru\/wp-json\/wp\/v2\/product"}],"about":[{"href":"https:\/\/ceasuri.md\/ru\/wp-json\/wp\/v2\/types\/product"}],"replies":[{"embeddable":true,"href":"https:\/\/ceasuri.md\/ru\/wp-json\/wp\/v2\/comments?post=58784"}],"wp:featuredmedia":[{"embeddable":true,"href":"https:\/\/ceasuri.md\/ru\/wp-json\/wp\/v2\/media\/58785"}],"wp:attachment":[{"href":"https:\/\/ceasuri.md\/ru\/wp-json\/wp\/v2\/media?parent=58784"}],"wp:term":[{"taxonomy":"product_brand","embeddable":true,"href":"https:\/\/ceasuri.md\/ru\/wp-json\/wp\/v2\/product_brand?post=58784"},{"taxonomy":"product_cat","embeddable":true,"href":"https:\/\/ceasuri.md\/ru\/wp-json\/wp\/v2\/product_cat?post=58784"},{"taxonomy":"product_tag","embeddable":true,"href":"https:\/\/ceasuri.md\/ru\/wp-json\/wp\/v2\/product_tag?post=58784"}],"curies":[{"name":"wp","href":"https:\/\/api.w.org\/{rel}","templated":true}]}}