{"id":58779,"date":"2026-04-03T00:54:25","date_gmt":"2026-04-02T21:54:25","guid":{"rendered":"http:\/\/new.ceasuri.md\/shop\/uncategorized\/orient-classic-sun-moon-ra-ak0806l30b\/"},"modified":"2026-04-20T01:49:02","modified_gmt":"2026-04-19T22:49:02","slug":"orient-classic-sun-moon-ra-ak0806l30b","status":"publish","type":"product","link":"https:\/\/ceasuri.md\/ru\/shop\/branduri\/orient\/orient-classic-sun-moon-ra-ak0806l30b\/","title":{"rendered":"\u0427\u0430\u0441\u044b ORIENT CLASSIC Sun &#038; Moon RA-AK0806L30B"},"content":{"rendered":"<p>Ceasul pentru b\u0103rba\u021bi Orient Classic Sun &amp; Moon este un model unic, care combin\u0103 elegan\u021ba \u0219i func\u021bionalitatea.<\/p>\n<p>Acesta dispune de mi\u0219carea automat\u0103 cu o rezerv\u0103 de putere de 40 de ore, ceea ce \u00eel face o alegere ideal\u0103 pentru iubitorii de func\u021bionalitate.<\/p>\n<p>\u00cenveli\u0219ul ceasului este realizat din o\u021bel inoxidabil de culoare argintie, ceea ce \u00eei confer\u0103 un aspect modern. Cadranul albastru este acoperit de sticl\u0103 mineral\u0103. Ceasul are o l\u0103\u021bime a plicului de 42 mm, ceea ce \u00eel face potrivit pentru b\u0103rba\u021bii care apreciaz\u0103 accentele distinctive pe \u00eencheietura m\u00e2inii.<\/p>\n<p>Cureaua din piele de culoare albastr\u0103 func\u021bioneaz\u0103 perfect cu designul general, iar stilul s\u0103u clasic adaug\u0103 caracter ceasului.<\/p>\n<p>Ceasul are o rezisten\u021b\u0103 la ap\u0103 de p\u00e2n\u0103 la 30 de metri, care protejeaz\u0103 \u00eempotriva stropirii minore.<\/p>\n<p>Aceasta este o alegere excelent\u0103 pentru cei care caut\u0103 un ceas care combin\u0103 stilul cu caracterul practic.<\/p>","protected":false},"excerpt":{"rendered":"<p>Ceasul pentru b\u0103rba\u021bi Orient Classic Sun &amp; Moon este un model unic, care combin\u0103 elegan\u021ba \u0219i func\u021bionalitatea. Acesta dispune de mi\u0219carea automat\u0103 cu o rezerv\u0103 de putere de 40 de ore, ceea ce \u00eel face o alegere ideal\u0103 pentru iubitorii de func\u021bionalitate. \u00cenveli\u0219ul ceasului este realizat din o\u021bel inoxidabil de culoare argintie, ceea ce \u00eei [&hellip;]<\/p>\n","protected":false},"featured_media":58780,"comment_status":"closed","ping_status":"open","template":"","meta":{"_acf_changed":false},"product_brand":[],"product_cat":[20,596],"product_tag":[],"class_list":{"0":"post-58779","1":"product","2":"type-product","3":"status-publish","4":"has-post-thumbnail","6":"product_cat-ceasuri-barbati","7":"product_cat-orient","8":"pa_brand-orient","9":"pa_braslet-piele","10":"pa_corpus-42-mm","11":"pa_forma-rotund","12":"pa_funcii-data","13":"pa_funcii-daynight","14":"pa_funcii-ziua-saptamanii","15":"pa_garatia-24-luni","16":"pa_korpus-argintiu","17":"pa_material-otel-inoxidabil","18":"pa_mehanizm-mecanic","19":"pa_mehanizm-mecanism-automatic","20":"pa_remeshok-albastru-inchis","21":"pa_steklo-cristal-mineral","22":"pa_strana-japonia","23":"pa_voda-3-atm","25":"first","26":"instock","27":"purchasable","28":"product-type-simple"},"acf":[],"_links":{"self":[{"href":"https:\/\/ceasuri.md\/ru\/wp-json\/wp\/v2\/product\/58779","targetHints":{"allow":["GET"]}}],"collection":[{"href":"https:\/\/ceasuri.md\/ru\/wp-json\/wp\/v2\/product"}],"about":[{"href":"https:\/\/ceasuri.md\/ru\/wp-json\/wp\/v2\/types\/product"}],"replies":[{"embeddable":true,"href":"https:\/\/ceasuri.md\/ru\/wp-json\/wp\/v2\/comments?post=58779"}],"wp:featuredmedia":[{"embeddable":true,"href":"https:\/\/ceasuri.md\/ru\/wp-json\/wp\/v2\/media\/58780"}],"wp:attachment":[{"href":"https:\/\/ceasuri.md\/ru\/wp-json\/wp\/v2\/media?parent=58779"}],"wp:term":[{"taxonomy":"product_brand","embeddable":true,"href":"https:\/\/ceasuri.md\/ru\/wp-json\/wp\/v2\/product_brand?post=58779"},{"taxonomy":"product_cat","embeddable":true,"href":"https:\/\/ceasuri.md\/ru\/wp-json\/wp\/v2\/product_cat?post=58779"},{"taxonomy":"product_tag","embeddable":true,"href":"https:\/\/ceasuri.md\/ru\/wp-json\/wp\/v2\/product_tag?post=58779"}],"curies":[{"name":"wp","href":"https:\/\/api.w.org\/{rel}","templated":true}]}}