{"id":58771,"date":"2025-04-22T14:02:22","date_gmt":"2025-04-22T11:02:22","guid":{"rendered":"http:\/\/new.ceasuri.md\/shop\/uncategorized\/swiss-military-by-chrono-sm34103-04\/"},"modified":"2026-05-01T19:25:57","modified_gmt":"2026-05-01T16:25:57","slug":"swiss-military-by-chrono-sm34103-04","status":"publish","type":"product","link":"https:\/\/ceasuri.md\/ru\/shop\/branduri\/swiss-military\/swiss-military-by-chrono-sm34103-04\/","title":{"rendered":"\u0427\u0430\u0441\u044b SWISS MILITARY BY CHRONO SM34103.04"},"content":{"rendered":"<p>Ceasul \u00eembin\u0103 precizia elve\u021bian\u0103 cu stilul \u00eendr\u0103zne\u021b.<\/p>\n<p>Dispun\u00e2nd de un cadran verde sunray frapant \u0219i de un luneta rotativ\u0103 verde asortat\u0103, acest ceas iese \u00een eviden\u021b\u0103 prin designul s\u0103u vibrant. Indicii \u0219i m\u00e2inile albe luminoase ofer\u0103 o vizibilitate excelent\u0103 \u00een condi\u021bii de lumin\u0103 slab\u0103, \u00een timp ce m\u00e2na ro\u0219ie a secundelor cronografului adaug\u0103 o not\u0103 dinamic\u0103, sportiv\u0103.<\/p>\n<p>Fabricat pentru a rezista uzurii zilnice, modelul este echipat cu sticl\u0103 safir rezistent\u0103 la zg\u00e2rieturi pentru a proteja cadranul. Carcasa robust\u0103 din o\u021bel inoxidabil \u0219i br\u0103\u021bara cu 5 verigi, cu finisaje periate \u0219i lustruite, ofer\u0103 durabilitate \u0219i confort.<\/p>\n<p>Conceput pentru un stil de via\u021b\u0103 activ, acest ceas Swiss Sports Chronograph este rezistent la ap\u0103 p\u00e2n\u0103 la 100 de metri, fiind ideal pentru orice aventur\u0103.<\/p>\n<p>Ac\u021bionat de o mi\u0219care fabricat\u0103 \u00een Elve\u021bia, ceasul asigur\u0103 o cronometrare precis\u0103, \u00een timp ce construc\u021bia sa asamblat\u0103 manual \u00een Elve\u021bia garanteaz\u0103 o m\u0103iestrie de top.<\/p>\n<p>Fie c\u0103 v\u0103 afla\u021bi \u00eentr-o aventur\u0103 sportiv\u0103 sau v\u0103 relaxa\u021bi \u00een weekend, acest ceas cronograf sportiv combin\u0103 cele mai bune calit\u0103\u021bi ale me\u0219te\u0219ugului elve\u021bian, designul \u00eendr\u0103zne\u021b \u0219i func\u021bionalitatea.<\/p>","protected":false},"excerpt":{"rendered":"<p>Ceasul \u00eembin\u0103 precizia elve\u021bian\u0103 cu stilul \u00eendr\u0103zne\u021b. Dispun\u00e2nd de un cadran verde sunray frapant \u0219i de un luneta rotativ\u0103 verde asortat\u0103, acest ceas iese \u00een eviden\u021b\u0103 prin designul s\u0103u vibrant. Indicii \u0219i m\u00e2inile albe luminoase ofer\u0103 o vizibilitate excelent\u0103 \u00een condi\u021bii de lumin\u0103 slab\u0103, \u00een timp ce m\u00e2na ro\u0219ie a secundelor cronografului adaug\u0103 o not\u0103 [&hellip;]<\/p>\n","protected":false},"featured_media":58772,"comment_status":"closed","ping_status":"open","template":"","meta":{"_acf_changed":false},"product_brand":[],"product_cat":[20,572],"product_tag":[],"class_list":{"0":"post-58771","1":"product","2":"type-product","3":"status-publish","4":"has-post-thumbnail","6":"product_cat-ceasuri-barbati","7":"product_cat-swiss-military","8":"pa_brand-swiss-military","9":"pa_braslet-otel-inoxidabil","10":"pa_corpus-43-mm","11":"pa_forma-rotund","12":"pa_funcii-cronograf","13":"pa_funcii-data","14":"pa_garatia-24-luni","15":"pa_korpus-argintiu","16":"pa_korpus-verde","17":"pa_kvarc-quartz","18":"pa_material-otel-inoxidabil","19":"pa_mehanizm-quartz","20":"pa_remeshok-argintiu","21":"pa_steklo-cristal-safir","22":"pa_strana-elvetia","23":"pa_voda-10-atm","25":"first","26":"instock","27":"purchasable","28":"product-type-simple"},"acf":[],"_links":{"self":[{"href":"https:\/\/ceasuri.md\/ru\/wp-json\/wp\/v2\/product\/58771","targetHints":{"allow":["GET"]}}],"collection":[{"href":"https:\/\/ceasuri.md\/ru\/wp-json\/wp\/v2\/product"}],"about":[{"href":"https:\/\/ceasuri.md\/ru\/wp-json\/wp\/v2\/types\/product"}],"replies":[{"embeddable":true,"href":"https:\/\/ceasuri.md\/ru\/wp-json\/wp\/v2\/comments?post=58771"}],"wp:featuredmedia":[{"embeddable":true,"href":"https:\/\/ceasuri.md\/ru\/wp-json\/wp\/v2\/media\/58772"}],"wp:attachment":[{"href":"https:\/\/ceasuri.md\/ru\/wp-json\/wp\/v2\/media?parent=58771"}],"wp:term":[{"taxonomy":"product_brand","embeddable":true,"href":"https:\/\/ceasuri.md\/ru\/wp-json\/wp\/v2\/product_brand?post=58771"},{"taxonomy":"product_cat","embeddable":true,"href":"https:\/\/ceasuri.md\/ru\/wp-json\/wp\/v2\/product_cat?post=58771"},{"taxonomy":"product_tag","embeddable":true,"href":"https:\/\/ceasuri.md\/ru\/wp-json\/wp\/v2\/product_tag?post=58771"}],"curies":[{"name":"wp","href":"https:\/\/api.w.org\/{rel}","templated":true}]}}