{"id":58769,"date":"2025-04-22T14:02:22","date_gmt":"2025-04-22T11:02:22","guid":{"rendered":"http:\/\/new.ceasuri.md\/shop\/uncategorized\/swiss-military-by-chrono-sm34103-05\/"},"modified":"2026-05-01T19:25:54","modified_gmt":"2026-05-01T16:25:54","slug":"swiss-military-by-chrono-sm34103-05","status":"publish","type":"product","link":"https:\/\/ceasuri.md\/ru\/shop\/branduri\/swiss-military\/swiss-military-by-chrono-sm34103-05\/","title":{"rendered":"\u0427\u0430\u0441\u044b SWISS MILITARY BY CHRONO SM34103.05"},"content":{"rendered":"<p>Ceasul este un amestec perfect de stil \u0219i func\u021bionalitate.<\/p>\n<p>Cadranul portocaliu \u00eendr\u0103zne\u021b \u0219i luneta neagr\u0103 fac un contrast izbitor, \u00een timp ce m\u00e2na a doua cronograf ro\u0219ie adaug\u0103 o not\u0103 sportiv\u0103. Indicii \u0219i m\u00e2inile luminoase v\u0103 asigur\u0103 c\u0103 pute\u021bi citi timpul cu u\u0219urin\u021b\u0103, chiar \u0219i \u00een condi\u021bii de lumin\u0103 slab\u0103.<\/p>\n<p>Acest ceas este construit pentru a dura. Sticla safir rezistent\u0103 la zg\u00e2rieturi protejeaz\u0103 cadranul de uzura zilnic\u0103, iar carcasa din o\u021bel inoxidabil ofer\u0103 durabilitate. Br\u0103\u021bara din o\u021bel inoxidabil cu 5 verigi, cu finisaje periate \u0219i lustruite, combin\u0103 confortul \u0219i un aspect premium.<\/p>\n<p>Cu o rezisten\u021b\u0103 la ap\u0103 de 100 de metri, acest ceas este preg\u0103tit pentru toate aventurile dumneavoastr\u0103.<\/p>\n<p>Ac\u021bionat de o mi\u0219care fabricat\u0103 \u00een Elve\u021bia, ceasul ofer\u0103 o cronometrare precis\u0103. Fiecare ceas este asamblat manual \u00een Elve\u021bia, garant\u00e2nd cele mai \u00eenalte standarde de m\u0103iestrie.<\/p>\n<p>Fie c\u0103 sunte\u021bi pasionat de sport sau pur \u0219i simplu iubi\u021bi un ceas elegant \u0219i durabil, este alegerea ideal\u0103.<\/p>","protected":false},"excerpt":{"rendered":"<p>Ceasul este un amestec perfect de stil \u0219i func\u021bionalitate. Cadranul portocaliu \u00eendr\u0103zne\u021b \u0219i luneta neagr\u0103 fac un contrast izbitor, \u00een timp ce m\u00e2na a doua cronograf ro\u0219ie adaug\u0103 o not\u0103 sportiv\u0103. Indicii \u0219i m\u00e2inile luminoase v\u0103 asigur\u0103 c\u0103 pute\u021bi citi timpul cu u\u0219urin\u021b\u0103, chiar \u0219i \u00een condi\u021bii de lumin\u0103 slab\u0103. Acest ceas este construit pentru [&hellip;]<\/p>\n","protected":false},"featured_media":58770,"comment_status":"closed","ping_status":"open","template":"","meta":{"_acf_changed":false},"product_brand":[],"product_cat":[20,572],"product_tag":[],"class_list":{"0":"post-58769","1":"product","2":"type-product","3":"status-publish","4":"has-post-thumbnail","6":"product_cat-ceasuri-barbati","7":"product_cat-swiss-military","8":"pa_brand-swiss-military","9":"pa_braslet-otel-inoxidabil","10":"pa_corpus-43-mm","11":"pa_forma-rotund","12":"pa_funcii-cronograf","13":"pa_funcii-data","14":"pa_garatia-24-luni","15":"pa_korpus-argintiu","16":"pa_korpus-negru","17":"pa_kvarc-quartz","18":"pa_material-otel-inoxidabil","19":"pa_mehanizm-quartz","20":"pa_remeshok-argintiu","21":"pa_steklo-cristal-safir","22":"pa_strana-elvetia","23":"pa_voda-10-atm","25":"first","26":"instock","27":"purchasable","28":"product-type-simple"},"acf":[],"_links":{"self":[{"href":"https:\/\/ceasuri.md\/ru\/wp-json\/wp\/v2\/product\/58769","targetHints":{"allow":["GET"]}}],"collection":[{"href":"https:\/\/ceasuri.md\/ru\/wp-json\/wp\/v2\/product"}],"about":[{"href":"https:\/\/ceasuri.md\/ru\/wp-json\/wp\/v2\/types\/product"}],"replies":[{"embeddable":true,"href":"https:\/\/ceasuri.md\/ru\/wp-json\/wp\/v2\/comments?post=58769"}],"wp:featuredmedia":[{"embeddable":true,"href":"https:\/\/ceasuri.md\/ru\/wp-json\/wp\/v2\/media\/58770"}],"wp:attachment":[{"href":"https:\/\/ceasuri.md\/ru\/wp-json\/wp\/v2\/media?parent=58769"}],"wp:term":[{"taxonomy":"product_brand","embeddable":true,"href":"https:\/\/ceasuri.md\/ru\/wp-json\/wp\/v2\/product_brand?post=58769"},{"taxonomy":"product_cat","embeddable":true,"href":"https:\/\/ceasuri.md\/ru\/wp-json\/wp\/v2\/product_cat?post=58769"},{"taxonomy":"product_tag","embeddable":true,"href":"https:\/\/ceasuri.md\/ru\/wp-json\/wp\/v2\/product_tag?post=58769"}],"curies":[{"name":"wp","href":"https:\/\/api.w.org\/{rel}","templated":true}]}}