{"id":58767,"date":"2025-04-22T14:02:21","date_gmt":"2025-04-22T11:02:21","guid":{"rendered":"http:\/\/new.ceasuri.md\/shop\/uncategorized\/swiss-military-by-chrono-sm34103-06\/"},"modified":"2026-05-01T19:25:52","modified_gmt":"2026-05-01T16:25:52","slug":"swiss-military-by-chrono-sm34103-06","status":"publish","type":"product","link":"https:\/\/ceasuri.md\/ru\/shop\/branduri\/swiss-military\/swiss-military-by-chrono-sm34103-06\/","title":{"rendered":"\u0427\u0430\u0441\u044b SWISS MILITARY BY CHRONO SM34103.06"},"content":{"rendered":"<p>Ceasul \u00eembin\u0103 stilul \u00eendr\u0103zne\u021b cu precizia elve\u021bian\u0103.<\/p>\n<p>Cadranul s\u0103u albastru deschis cu raze de soare prezint\u0103 trei subcadrane maro care se potrivesc cu luneta rotativ\u0103 maro, oferind at\u00e2t atrac\u021bie estetic\u0103, c\u00e2t \u0219i caracter practic.<\/p>\n<p>Indicii \u0219i m\u00e2inile albe luminoase asigur\u0103 o lizibilitate excelent\u0103 \u00een orice lumin\u0103, \u00een timp ce m\u00e2na ro\u0219ie a secundelor cronografului adaug\u0103 o not\u0103 sportiv\u0103.<\/p>\n<p>\u00cen plus, ceasul este protejat de o sticl\u0103 de safir rezistent\u0103 la zg\u00e2rieturi, protej\u00e2ndu-l de uzura zilnic\u0103. Carcasa sa din o\u021bel inoxidabil \u0219i br\u0103\u021bara cu 5 verigi, cu finisaje at\u00e2t periate, c\u00e2t \u0219i lustruite, asigur\u0103 confort \u0219i un aspect premium. Rezistent la ap\u0103 p\u00e2n\u0103 la 100 de metri, acest ceas este perfect pentru orice aventur\u0103.<\/p>\n<p>Datorit\u0103 mi\u0219c\u0103rii sale fabricate \u00een Elve\u021bia, ceasul asigur\u0103 o cronometrare precis\u0103 \u0219i fiabil\u0103. Fiecare ceas este asamblat manual \u00een atelierul elve\u021bian, respect\u00e2nd cele mai \u00eenalte standarde de m\u0103iestrie.<\/p>\n<p>Fie pentru sport sau pentru petrecerea timpului liber, acest ceas sport ofer\u0103 nu numai stil, ci \u0219i performan\u021b\u0103 fiabil\u0103 pentru stilul dvs. de via\u021b\u0103 activ.<\/p>","protected":false},"excerpt":{"rendered":"<p>Ceasul \u00eembin\u0103 stilul \u00eendr\u0103zne\u021b cu precizia elve\u021bian\u0103. Cadranul s\u0103u albastru deschis cu raze de soare prezint\u0103 trei subcadrane maro care se potrivesc cu luneta rotativ\u0103 maro, oferind at\u00e2t atrac\u021bie estetic\u0103, c\u00e2t \u0219i caracter practic. Indicii \u0219i m\u00e2inile albe luminoase asigur\u0103 o lizibilitate excelent\u0103 \u00een orice lumin\u0103, \u00een timp ce m\u00e2na ro\u0219ie a secundelor cronografului adaug\u0103 [&hellip;]<\/p>\n","protected":false},"featured_media":58768,"comment_status":"closed","ping_status":"open","template":"","meta":{"_acf_changed":false},"product_brand":[],"product_cat":[20,572],"product_tag":[],"class_list":{"0":"post-58767","1":"product","2":"type-product","3":"status-publish","4":"has-post-thumbnail","6":"product_cat-ceasuri-barbati","7":"product_cat-swiss-military","8":"pa_brand-swiss-military","9":"pa_braslet-otel-inoxidabil","10":"pa_corpus-43-mm","11":"pa_forma-rotund","12":"pa_funcii-cronograf","13":"pa_funcii-data","14":"pa_garatia-24-luni","15":"pa_korpus-argintiu","16":"pa_korpus-maro","17":"pa_kvarc-quartz","18":"pa_material-otel-inoxidabil","19":"pa_mehanizm-quartz","20":"pa_remeshok-argintiu","21":"pa_steklo-cristal-safir","22":"pa_strana-elvetia","23":"pa_voda-10-atm","25":"first","26":"instock","27":"purchasable","28":"product-type-simple"},"acf":[],"_links":{"self":[{"href":"https:\/\/ceasuri.md\/ru\/wp-json\/wp\/v2\/product\/58767","targetHints":{"allow":["GET"]}}],"collection":[{"href":"https:\/\/ceasuri.md\/ru\/wp-json\/wp\/v2\/product"}],"about":[{"href":"https:\/\/ceasuri.md\/ru\/wp-json\/wp\/v2\/types\/product"}],"replies":[{"embeddable":true,"href":"https:\/\/ceasuri.md\/ru\/wp-json\/wp\/v2\/comments?post=58767"}],"wp:featuredmedia":[{"embeddable":true,"href":"https:\/\/ceasuri.md\/ru\/wp-json\/wp\/v2\/media\/58768"}],"wp:attachment":[{"href":"https:\/\/ceasuri.md\/ru\/wp-json\/wp\/v2\/media?parent=58767"}],"wp:term":[{"taxonomy":"product_brand","embeddable":true,"href":"https:\/\/ceasuri.md\/ru\/wp-json\/wp\/v2\/product_brand?post=58767"},{"taxonomy":"product_cat","embeddable":true,"href":"https:\/\/ceasuri.md\/ru\/wp-json\/wp\/v2\/product_cat?post=58767"},{"taxonomy":"product_tag","embeddable":true,"href":"https:\/\/ceasuri.md\/ru\/wp-json\/wp\/v2\/product_tag?post=58767"}],"curies":[{"name":"wp","href":"https:\/\/api.w.org\/{rel}","templated":true}]}}