{"id":58765,"date":"2026-04-03T00:54:25","date_gmt":"2026-04-02T21:54:25","guid":{"rendered":"http:\/\/new.ceasuri.md\/shop\/uncategorized\/swiss-military-by-chrono-sm34103-07\/"},"modified":"2026-04-20T01:49:42","modified_gmt":"2026-04-19T22:49:42","slug":"swiss-military-by-chrono-sm34103-07","status":"publish","type":"product","link":"https:\/\/ceasuri.md\/ru\/shop\/branduri\/swiss-military\/swiss-military-by-chrono-sm34103-07\/","title":{"rendered":"\u0427\u0430\u0441\u044b SWISS MILITARY BY CHRONO SM34103.07"},"content":{"rendered":"<p>Ceasul \u00eembin\u0103 stilul elegant cu performan\u021ba fiabil\u0103.<\/p>\n<p>Se m\u00e2ndre\u0219te cu un cadran negru \u0219i un luneta rotativ\u0103 neagr\u0103 asortat\u0103 pentru un aspect \u00eendr\u0103zne\u021b \u0219i rafinat.<br \/>\nIndicii \u0219i m\u00e2inile albe luminoase asigur\u0103 o vizibilitate excelent\u0103, \u00een timp ce m\u00e2na a doua ro\u0219ie a cronografului adaug\u0103 o not\u0103 sportiv\u0103.<\/p>\n<p>Acest ceas este construit pentru a dura. Sticla de safir rezistent\u0103 la zg\u00e2rieturi p\u0103streaz\u0103 cadranul la ad\u0103post de uzura zilnic\u0103, iar carcasa robust\u0103 din o\u021bel inoxidabil ofer\u0103 un plus de durabilitate.<\/p>\n<p>Cu rezisten\u021b\u0103 la ap\u0103 de p\u00e2n\u0103 la 100 de metri, ceasul este perfect pentru orice aventur\u0103.<\/p>\n<p>Datorit\u0103 mi\u0219c\u0103rii fabricate \u00een Elve\u021bia, ceasul p\u0103streaz\u0103 timpul exact. Fiecare ceas este asamblat manual \u00een Elve\u021bia, asigur\u00e2nd cea mai \u00eenalt\u0103 calitate.<\/p>\n<p>Fie c\u0103 v\u0103 antrena\u021bi sau pur \u0219i simplu c\u0103uta\u021bi un ceas versatil, ceasul cu cronograf sport Swiss Military ofer\u0103 o combina\u021bie c\u00e2\u0219tig\u0103toare de stil, precizie \u0219i durabilitate.<\/p>","protected":false},"excerpt":{"rendered":"<p>Ceasul \u00eembin\u0103 stilul elegant cu performan\u021ba fiabil\u0103. Se m\u00e2ndre\u0219te cu un cadran negru \u0219i un luneta rotativ\u0103 neagr\u0103 asortat\u0103 pentru un aspect \u00eendr\u0103zne\u021b \u0219i rafinat. Indicii \u0219i m\u00e2inile albe luminoase asigur\u0103 o vizibilitate excelent\u0103, \u00een timp ce m\u00e2na a doua ro\u0219ie a cronografului adaug\u0103 o not\u0103 sportiv\u0103. Acest ceas este construit pentru a dura. Sticla [&hellip;]<\/p>\n","protected":false},"featured_media":58766,"comment_status":"closed","ping_status":"open","template":"","meta":{"_acf_changed":false},"product_brand":[],"product_cat":[20,572],"product_tag":[],"class_list":{"0":"post-58765","1":"product","2":"type-product","3":"status-publish","4":"has-post-thumbnail","6":"product_cat-ceasuri-barbati","7":"product_cat-swiss-military","8":"pa_brand-swiss-military","9":"pa_braslet-cauciuc","10":"pa_corpus-43-mm","11":"pa_forma-rotund","12":"pa_funcii-cronograf","13":"pa_funcii-data","14":"pa_garatia-24-luni","15":"pa_korpus-argintiu","16":"pa_korpus-negru","17":"pa_kvarc-quartz","18":"pa_material-otel-inoxidabil","19":"pa_mehanizm-quartz","20":"pa_remeshok-negru","21":"pa_steklo-cristal-safir","22":"pa_strana-elvetia","23":"pa_voda-10-atm","25":"first","26":"instock","27":"purchasable","28":"product-type-simple"},"acf":[],"_links":{"self":[{"href":"https:\/\/ceasuri.md\/ru\/wp-json\/wp\/v2\/product\/58765","targetHints":{"allow":["GET"]}}],"collection":[{"href":"https:\/\/ceasuri.md\/ru\/wp-json\/wp\/v2\/product"}],"about":[{"href":"https:\/\/ceasuri.md\/ru\/wp-json\/wp\/v2\/types\/product"}],"replies":[{"embeddable":true,"href":"https:\/\/ceasuri.md\/ru\/wp-json\/wp\/v2\/comments?post=58765"}],"wp:featuredmedia":[{"embeddable":true,"href":"https:\/\/ceasuri.md\/ru\/wp-json\/wp\/v2\/media\/58766"}],"wp:attachment":[{"href":"https:\/\/ceasuri.md\/ru\/wp-json\/wp\/v2\/media?parent=58765"}],"wp:term":[{"taxonomy":"product_brand","embeddable":true,"href":"https:\/\/ceasuri.md\/ru\/wp-json\/wp\/v2\/product_brand?post=58765"},{"taxonomy":"product_cat","embeddable":true,"href":"https:\/\/ceasuri.md\/ru\/wp-json\/wp\/v2\/product_cat?post=58765"},{"taxonomy":"product_tag","embeddable":true,"href":"https:\/\/ceasuri.md\/ru\/wp-json\/wp\/v2\/product_tag?post=58765"}],"curies":[{"name":"wp","href":"https:\/\/api.w.org\/{rel}","templated":true}]}}