{"id":58763,"date":"2025-04-22T14:02:21","date_gmt":"2025-04-22T11:02:21","guid":{"rendered":"http:\/\/new.ceasuri.md\/shop\/uncategorized\/swiss-military-by-chrono-sm34103-08\/"},"modified":"2026-05-01T19:25:49","modified_gmt":"2026-05-01T16:25:49","slug":"swiss-military-by-chrono-sm34103-08","status":"publish","type":"product","link":"https:\/\/ceasuri.md\/ru\/shop\/branduri\/swiss-military\/swiss-military-by-chrono-sm34103-08\/","title":{"rendered":"\u0427\u0430\u0441\u044b SWISS MILITARY BY CHRONO SM34103.08"},"content":{"rendered":"<p>Ceasul combin\u0103 stilul \u00eendr\u0103zne\u021b cu performan\u021ba fiabil\u0103.<\/p>\n<p>Cadranul albastru cu raze de soare \u0219i luneta rotativ\u0103 albastr\u0103 asortat\u0103 creeaz\u0103 un aspect dinamic, sportiv. Indicii \u0219i m\u00e2inile albe luminoase asigur\u0103 o lizibilitate excelent\u0103, \u00een timp ce m\u00e2na a doua ro\u0219ie a cronografului adaug\u0103 un plus de culoare \u0219i energie.<\/p>\n<p>Acest ceas este construit pentru durabilitate. Sticla safir rezistent\u0103 la zg\u00e2rieturi protejeaz\u0103 cadranul, iar carcasa din o\u021bel inoxidabil spore\u0219te rezisten\u021ba.<\/p>\n<p>Este rezistent la ap\u0103 p\u00e2n\u0103 la 100 de metri, ceea ce \u00eel face potrivit pentru orice tip de aventur\u0103.<\/p>\n<p>Datorit\u0103 mi\u0219c\u0103rii sale fabricate \u00een Elve\u021bia, ceasul asigur\u0103 o cronometrare precis\u0103 \u0219i fiabil\u0103. Fiecare ceas este asamblat manual \u00een Elve\u021bia pentru a respecta cele mai \u00eenalte standarde.<\/p>\n<p>Fie c\u0103 v\u0103 antrena\u021bi sau pur \u0219i simplu v\u0103 bucura\u021bi de activit\u0103\u021bile \u00een aer liber, ceasul este partenerul dvs. perfect, oferind precizie, durabilitate \u0219i un stil de neegalat.<\/p>","protected":false},"excerpt":{"rendered":"<p>Ceasul combin\u0103 stilul \u00eendr\u0103zne\u021b cu performan\u021ba fiabil\u0103. Cadranul albastru cu raze de soare \u0219i luneta rotativ\u0103 albastr\u0103 asortat\u0103 creeaz\u0103 un aspect dinamic, sportiv. Indicii \u0219i m\u00e2inile albe luminoase asigur\u0103 o lizibilitate excelent\u0103, \u00een timp ce m\u00e2na a doua ro\u0219ie a cronografului adaug\u0103 un plus de culoare \u0219i energie. Acest ceas este construit pentru durabilitate. Sticla [&hellip;]<\/p>\n","protected":false},"featured_media":58764,"comment_status":"closed","ping_status":"open","template":"","meta":{"_acf_changed":false},"product_brand":[],"product_cat":[20,572],"product_tag":[],"class_list":{"0":"post-58763","1":"product","2":"type-product","3":"status-publish","4":"has-post-thumbnail","6":"product_cat-ceasuri-barbati","7":"product_cat-swiss-military","8":"pa_brand-swiss-military","9":"pa_braslet-cauciuc","10":"pa_corpus-43-mm","11":"pa_forma-rotund","12":"pa_funcii-cronograf","13":"pa_funcii-data","14":"pa_garatia-24-luni","15":"pa_korpus-albastru-inchis","16":"pa_korpus-argintiu","17":"pa_kvarc-quartz","18":"pa_material-otel-inoxidabil","19":"pa_mehanizm-quartz","20":"pa_remeshok-albastru-inchis","21":"pa_steklo-cristal-safir","22":"pa_strana-elvetia","23":"pa_voda-10-atm","25":"first","26":"instock","27":"purchasable","28":"product-type-simple"},"acf":[],"_links":{"self":[{"href":"https:\/\/ceasuri.md\/ru\/wp-json\/wp\/v2\/product\/58763","targetHints":{"allow":["GET"]}}],"collection":[{"href":"https:\/\/ceasuri.md\/ru\/wp-json\/wp\/v2\/product"}],"about":[{"href":"https:\/\/ceasuri.md\/ru\/wp-json\/wp\/v2\/types\/product"}],"replies":[{"embeddable":true,"href":"https:\/\/ceasuri.md\/ru\/wp-json\/wp\/v2\/comments?post=58763"}],"wp:featuredmedia":[{"embeddable":true,"href":"https:\/\/ceasuri.md\/ru\/wp-json\/wp\/v2\/media\/58764"}],"wp:attachment":[{"href":"https:\/\/ceasuri.md\/ru\/wp-json\/wp\/v2\/media?parent=58763"}],"wp:term":[{"taxonomy":"product_brand","embeddable":true,"href":"https:\/\/ceasuri.md\/ru\/wp-json\/wp\/v2\/product_brand?post=58763"},{"taxonomy":"product_cat","embeddable":true,"href":"https:\/\/ceasuri.md\/ru\/wp-json\/wp\/v2\/product_cat?post=58763"},{"taxonomy":"product_tag","embeddable":true,"href":"https:\/\/ceasuri.md\/ru\/wp-json\/wp\/v2\/product_tag?post=58763"}],"curies":[{"name":"wp","href":"https:\/\/api.w.org\/{rel}","templated":true}]}}