{"id":58760,"date":"2025-04-22T14:02:20","date_gmt":"2025-04-22T11:02:20","guid":{"rendered":"http:\/\/new.ceasuri.md\/shop\/uncategorized\/swiss-military-by-chrono-sm34107-01\/"},"modified":"2026-05-01T19:25:45","modified_gmt":"2026-05-01T16:25:45","slug":"swiss-military-by-chrono-sm34107-01","status":"publish","type":"product","link":"https:\/\/ceasuri.md\/ru\/shop\/branduri\/swiss-military\/swiss-military-by-chrono-sm34107-01\/","title":{"rendered":"\u0427\u0430\u0441\u044b SWISS MILITARY BY CHRONO SM34107.01"},"content":{"rendered":"<p>Ceasul combin\u0103 elegan\u021ba atemporal\u0103 cu func\u021bionalitatea sportiv\u0103.<\/p>\n<p>Cadranul negru cu raze de soare este ad\u0103postit \u00eentr-o carcas\u0103 puternic\u0103 din o\u021bel inoxidabil, oferind at\u00e2t durabilitate, c\u00e2t \u0219i stil. Br\u0103\u021bara prezint\u0103 verigi exterioare late cu cinci verigi centrale sub\u021biri, asigur\u00e2nd o potrivire confortabil\u0103.<\/p>\n<p>Sticla safir rezistent\u0103 la zg\u00e2rieturi p\u0103streaz\u0103 cadranul clar \u0219i protejat. \u00cen plus, m\u00e2inile \u0219i indicatoarele luminoase \u00eembun\u0103t\u0103\u021besc lizibilitatea \u00een orice lumin\u0103.<\/p>\n<p>Datorit\u0103 mi\u0219c\u0103rii cronografice fabricate \u00een Elve\u021bia, v\u0103 pute\u021bi baza pe o cronometrare precis\u0103. Ceasul este asamblat manual \u00een atelierul elve\u021bian, asigur\u00e2nd cel mai \u00eenalt nivel de m\u0103iestrie.<\/p>\n<p>Perfect pentru orice ocazie, acest cronograf ofer\u0103 at\u00e2t stil, c\u00e2t \u0219i performan\u021b\u0103. Fie pentru un eveniment formal sau o zi casual, se adapteaz\u0103 perfect stilului dumneavoastr\u0103 de via\u021b\u0103.<\/p>","protected":false},"excerpt":{"rendered":"<p>Ceasul combin\u0103 elegan\u021ba atemporal\u0103 cu func\u021bionalitatea sportiv\u0103. Cadranul negru cu raze de soare este ad\u0103postit \u00eentr-o carcas\u0103 puternic\u0103 din o\u021bel inoxidabil, oferind at\u00e2t durabilitate, c\u00e2t \u0219i stil. Br\u0103\u021bara prezint\u0103 verigi exterioare late cu cinci verigi centrale sub\u021biri, asigur\u00e2nd o potrivire confortabil\u0103. Sticla safir rezistent\u0103 la zg\u00e2rieturi p\u0103streaz\u0103 cadranul clar \u0219i protejat. \u00cen plus, m\u00e2inile \u0219i [&hellip;]<\/p>\n","protected":false},"featured_media":58761,"comment_status":"closed","ping_status":"open","template":"","meta":{"_acf_changed":false},"product_brand":[],"product_cat":[20,572],"product_tag":[],"class_list":{"0":"post-58760","1":"product","2":"type-product","3":"status-publish","4":"has-post-thumbnail","6":"product_cat-ceasuri-barbati","7":"product_cat-swiss-military","8":"pa_brand-swiss-military","9":"pa_braslet-otel-inoxidabil","10":"pa_corpus-40-mm","11":"pa_forma-rotund","12":"pa_funcii-cronograf","13":"pa_funcii-data","14":"pa_garatia-24-luni","15":"pa_korpus-argintiu","16":"pa_kvarc-quartz","17":"pa_material-otel-inoxidabil","18":"pa_mehanizm-quartz","19":"pa_remeshok-argintiu","20":"pa_steklo-cristal-safir","21":"pa_strana-elvetia","22":"pa_voda-10-atm","24":"first","25":"instock","26":"purchasable","27":"product-type-simple"},"acf":[],"_links":{"self":[{"href":"https:\/\/ceasuri.md\/ru\/wp-json\/wp\/v2\/product\/58760","targetHints":{"allow":["GET"]}}],"collection":[{"href":"https:\/\/ceasuri.md\/ru\/wp-json\/wp\/v2\/product"}],"about":[{"href":"https:\/\/ceasuri.md\/ru\/wp-json\/wp\/v2\/types\/product"}],"replies":[{"embeddable":true,"href":"https:\/\/ceasuri.md\/ru\/wp-json\/wp\/v2\/comments?post=58760"}],"wp:featuredmedia":[{"embeddable":true,"href":"https:\/\/ceasuri.md\/ru\/wp-json\/wp\/v2\/media\/58761"}],"wp:attachment":[{"href":"https:\/\/ceasuri.md\/ru\/wp-json\/wp\/v2\/media?parent=58760"}],"wp:term":[{"taxonomy":"product_brand","embeddable":true,"href":"https:\/\/ceasuri.md\/ru\/wp-json\/wp\/v2\/product_brand?post=58760"},{"taxonomy":"product_cat","embeddable":true,"href":"https:\/\/ceasuri.md\/ru\/wp-json\/wp\/v2\/product_cat?post=58760"},{"taxonomy":"product_tag","embeddable":true,"href":"https:\/\/ceasuri.md\/ru\/wp-json\/wp\/v2\/product_tag?post=58760"}],"curies":[{"name":"wp","href":"https:\/\/api.w.org\/{rel}","templated":true}]}}