{"id":58758,"date":"2025-04-22T14:02:20","date_gmt":"2025-04-22T11:02:20","guid":{"rendered":"http:\/\/new.ceasuri.md\/shop\/uncategorized\/swiss-military-by-chrono-sm34107-03\/"},"modified":"2026-05-01T19:25:43","modified_gmt":"2026-05-01T16:25:43","slug":"swiss-military-by-chrono-sm34107-03","status":"publish","type":"product","link":"https:\/\/ceasuri.md\/ru\/shop\/branduri\/swiss-military\/swiss-military-by-chrono-sm34107-03\/","title":{"rendered":"\u0427\u0430\u0441\u044b SWISS MILITARY BY CHRONO SM34107.03"},"content":{"rendered":"<p>Ceasul combin\u0103 elegan\u021ba cu performan\u021ba sportiv\u0103. <\/p>\n<p>Cadranul albastru cu raze de soare este ad\u0103postit \u00eentr-o carcas\u0103 puternic\u0103 din o\u021bel inoxidabil, oferind at\u00e2t durabilitate, c\u00e2t \u0219i stil. Br\u0103\u021bara are verigi exterioare late \u0219i cinci verigi centrale sub\u021biri, oferind o potrivire confortabil\u0103.<\/p>\n<p>Sticla safir protejeaz\u0103 cadranul, men\u021bin\u00e2ndu-l clar \u0219i f\u0103r\u0103 zg\u00e2rieturi. M\u00e2inile \u0219i indicatoarele luminoase \u00eembun\u0103t\u0103\u021besc vizibilitatea \u00een condi\u021bii de lumin\u0103 slab\u0103, \u00een timp ce mi\u0219carea de cronograf fabricat\u0103 \u00een Elve\u021bia asigur\u0103 o cronometrare precis\u0103.<\/p>\n<p>Acest ceas este asamblat manual \u00een atelierul elve\u021bian, demonstr\u00e2nd m\u0103iestria expert\u0103.<\/p>\n<p>Cu designul s\u0103u elegant, acest cronograf este potrivit pentru orice ocazie. Fie c\u0103 v\u0103 afla\u021bi \u00eentr-un cadru formal sau v\u0103 bucura\u021bi de o zi casual, acesta ofer\u0103 at\u00e2t stil, c\u00e2t \u0219i func\u021bionalitate.<\/p>","protected":false},"excerpt":{"rendered":"<p>Ceasul combin\u0103 elegan\u021ba cu performan\u021ba sportiv\u0103. Cadranul albastru cu raze de soare este ad\u0103postit \u00eentr-o carcas\u0103 puternic\u0103 din o\u021bel inoxidabil, oferind at\u00e2t durabilitate, c\u00e2t \u0219i stil. Br\u0103\u021bara are verigi exterioare late \u0219i cinci verigi centrale sub\u021biri, oferind o potrivire confortabil\u0103. Sticla safir protejeaz\u0103 cadranul, men\u021bin\u00e2ndu-l clar \u0219i f\u0103r\u0103 zg\u00e2rieturi. M\u00e2inile \u0219i indicatoarele luminoase \u00eembun\u0103t\u0103\u021besc vizibilitatea [&hellip;]<\/p>\n","protected":false},"featured_media":58759,"comment_status":"closed","ping_status":"open","template":"","meta":{"_acf_changed":false},"product_brand":[],"product_cat":[20,572],"product_tag":[],"class_list":{"0":"post-58758","1":"product","2":"type-product","3":"status-publish","4":"has-post-thumbnail","6":"product_cat-ceasuri-barbati","7":"product_cat-swiss-military","8":"pa_brand-swiss-military","9":"pa_braslet-otel-inoxidabil","10":"pa_corpus-40-mm","11":"pa_forma-rotund","12":"pa_funcii-cronograf","13":"pa_funcii-data","14":"pa_garatia-24-luni","15":"pa_korpus-argintiu","16":"pa_kvarc-quartz","17":"pa_material-otel-inoxidabil","18":"pa_mehanizm-quartz","19":"pa_remeshok-argintiu","20":"pa_steklo-cristal-safir","21":"pa_strana-elvetia","22":"pa_voda-10-atm","24":"first","25":"instock","26":"purchasable","27":"product-type-simple"},"acf":[],"_links":{"self":[{"href":"https:\/\/ceasuri.md\/ru\/wp-json\/wp\/v2\/product\/58758","targetHints":{"allow":["GET"]}}],"collection":[{"href":"https:\/\/ceasuri.md\/ru\/wp-json\/wp\/v2\/product"}],"about":[{"href":"https:\/\/ceasuri.md\/ru\/wp-json\/wp\/v2\/types\/product"}],"replies":[{"embeddable":true,"href":"https:\/\/ceasuri.md\/ru\/wp-json\/wp\/v2\/comments?post=58758"}],"wp:featuredmedia":[{"embeddable":true,"href":"https:\/\/ceasuri.md\/ru\/wp-json\/wp\/v2\/media\/58759"}],"wp:attachment":[{"href":"https:\/\/ceasuri.md\/ru\/wp-json\/wp\/v2\/media?parent=58758"}],"wp:term":[{"taxonomy":"product_brand","embeddable":true,"href":"https:\/\/ceasuri.md\/ru\/wp-json\/wp\/v2\/product_brand?post=58758"},{"taxonomy":"product_cat","embeddable":true,"href":"https:\/\/ceasuri.md\/ru\/wp-json\/wp\/v2\/product_cat?post=58758"},{"taxonomy":"product_tag","embeddable":true,"href":"https:\/\/ceasuri.md\/ru\/wp-json\/wp\/v2\/product_tag?post=58758"}],"curies":[{"name":"wp","href":"https:\/\/api.w.org\/{rel}","templated":true}]}}