{"id":58756,"date":"2025-04-22T14:02:20","date_gmt":"2025-04-22T11:02:20","guid":{"rendered":"http:\/\/new.ceasuri.md\/shop\/uncategorized\/swiss-military-by-chrono-sm34107-04\/"},"modified":"2026-05-01T19:25:40","modified_gmt":"2026-05-01T16:25:40","slug":"swiss-military-by-chrono-sm34107-04","status":"publish","type":"product","link":"https:\/\/ceasuri.md\/ru\/shop\/branduri\/swiss-military\/swiss-military-by-chrono-sm34107-04\/","title":{"rendered":"\u0427\u0430\u0441\u044b SWISS MILITARY BY CHRONO SM34107.04"},"content":{"rendered":"<p>Ceasul \u00eembin\u0103 f\u0103r\u0103 efort sofisticarea cu precizia sportiv\u0103.<\/p>\n<p>Cadranul verde cu raze de soare radiaz\u0103 cu stil, \u00eencadrat de o carcas\u0103 robust\u0103 din o\u021bel inoxidabil. Br\u0103\u021bara prezint\u0103 verigi exterioare late cu cinci verigi centrale sub\u021biri, oferind at\u00e2t rezisten\u021b\u0103, c\u00e2t \u0219i confort.<\/p>\n<p>Sticla din cristal safir men\u021bine cadranul f\u0103r\u0103 zg\u00e2rieturi, asigur\u00e2nd o vizibilitate clar\u0103 pentru anii urm\u0103tori. M\u00e2inile \u0219i indicatoarele luminoase fac ora u\u0219or de citit, chiar \u0219i \u00een condi\u021bii de lumin\u0103 slab\u0103.<\/p>\n<p>Ac\u021bionat de o mi\u0219care cronograf de \u00eencredere, fabricat\u0103 \u00een Elve\u021bia, acest ceas asigur\u0103 o cronometrare precis\u0103. Acesta este asamblat manual \u00een atelierul elve\u021bian, demonstr\u00e2nd o m\u0103iestrie de neegalat.<\/p>\n<p>Fie c\u0103 v\u0103 \u00eembr\u0103ca\u021bi elegant pentru o ocazie formal\u0103 sau v\u0103 \u00eembr\u0103ca\u021bi elegant pentru o escapad\u0103 de weekend, acest cronograf se adapteaz\u0103 perfect la orice situa\u021bie. Acesta ofer\u0103 un echilibru perfect \u00eentre stil \u0219i performan\u021b\u0103, care se potrive\u0219te at\u00e2t stilului de via\u021b\u0103 profesional, c\u00e2t \u0219i celui activ.<\/p>","protected":false},"excerpt":{"rendered":"<p>Ceasul \u00eembin\u0103 f\u0103r\u0103 efort sofisticarea cu precizia sportiv\u0103. Cadranul verde cu raze de soare radiaz\u0103 cu stil, \u00eencadrat de o carcas\u0103 robust\u0103 din o\u021bel inoxidabil. Br\u0103\u021bara prezint\u0103 verigi exterioare late cu cinci verigi centrale sub\u021biri, oferind at\u00e2t rezisten\u021b\u0103, c\u00e2t \u0219i confort. Sticla din cristal safir men\u021bine cadranul f\u0103r\u0103 zg\u00e2rieturi, asigur\u00e2nd o vizibilitate clar\u0103 pentru anii [&hellip;]<\/p>\n","protected":false},"featured_media":58757,"comment_status":"closed","ping_status":"open","template":"","meta":{"_acf_changed":false},"product_brand":[],"product_cat":[20,572],"product_tag":[],"class_list":{"0":"post-58756","1":"product","2":"type-product","3":"status-publish","4":"has-post-thumbnail","6":"product_cat-ceasuri-barbati","7":"product_cat-swiss-military","8":"pa_brand-swiss-military","9":"pa_braslet-otel-inoxidabil","10":"pa_corpus-40-mm","11":"pa_forma-rotund","12":"pa_funcii-cronograf","13":"pa_funcii-data","14":"pa_garatia-24-luni","15":"pa_korpus-argintiu","16":"pa_kvarc-quartz","17":"pa_material-otel-inoxidabil","18":"pa_mehanizm-quartz","19":"pa_remeshok-argintiu","20":"pa_steklo-cristal-safir","21":"pa_strana-elvetia","22":"pa_voda-10-atm","24":"first","25":"instock","26":"purchasable","27":"product-type-simple"},"acf":[],"_links":{"self":[{"href":"https:\/\/ceasuri.md\/ru\/wp-json\/wp\/v2\/product\/58756","targetHints":{"allow":["GET"]}}],"collection":[{"href":"https:\/\/ceasuri.md\/ru\/wp-json\/wp\/v2\/product"}],"about":[{"href":"https:\/\/ceasuri.md\/ru\/wp-json\/wp\/v2\/types\/product"}],"replies":[{"embeddable":true,"href":"https:\/\/ceasuri.md\/ru\/wp-json\/wp\/v2\/comments?post=58756"}],"wp:featuredmedia":[{"embeddable":true,"href":"https:\/\/ceasuri.md\/ru\/wp-json\/wp\/v2\/media\/58757"}],"wp:attachment":[{"href":"https:\/\/ceasuri.md\/ru\/wp-json\/wp\/v2\/media?parent=58756"}],"wp:term":[{"taxonomy":"product_brand","embeddable":true,"href":"https:\/\/ceasuri.md\/ru\/wp-json\/wp\/v2\/product_brand?post=58756"},{"taxonomy":"product_cat","embeddable":true,"href":"https:\/\/ceasuri.md\/ru\/wp-json\/wp\/v2\/product_cat?post=58756"},{"taxonomy":"product_tag","embeddable":true,"href":"https:\/\/ceasuri.md\/ru\/wp-json\/wp\/v2\/product_tag?post=58756"}],"curies":[{"name":"wp","href":"https:\/\/api.w.org\/{rel}","templated":true}]}}