{"id":58754,"date":"2026-04-03T00:54:25","date_gmt":"2026-04-02T21:54:25","guid":{"rendered":"http:\/\/new.ceasuri.md\/shop\/uncategorized\/swiss-military-by-chrono-sm34107-05\/"},"modified":"2026-04-20T01:49:45","modified_gmt":"2026-04-19T22:49:45","slug":"swiss-military-by-chrono-sm34107-05","status":"publish","type":"product","link":"https:\/\/ceasuri.md\/ru\/shop\/branduri\/swiss-military\/swiss-military-by-chrono-sm34107-05\/","title":{"rendered":"\u0427\u0430\u0441\u044b SWISS MILITARY BY CHRONO SM34107.05"},"content":{"rendered":"<p>Ceasul \u00eembin\u0103 stilul \u00eendr\u0103zne\u021b cu precizia elve\u021bian\u0103.<\/p>\n<p>Cadranul negru cu raze de soare se potrive\u0219te perfect cu carcasa \u0219i br\u0103\u021bara din o\u021bel inoxidabil bicolor, cre\u00e2nd un contrast ascu\u021bit care este at\u00e2t elegant, c\u00e2t \u0219i modern.<\/p>\n<p>Br\u0103\u021bara are verigi exterioare late \u0219i cinci verigi centrale sub\u021biri, oferind confort \u0219i durabilitate.<\/p>\n<p>Cristalul de safir rezistent la zg\u00e2rieturi protejeaz\u0103 cadranul, asigur\u00e2nd claritatea \u0219i u\u0219urin\u021ba de citire. M\u00e2inile \u0219i indicatoarele luminoase garanteaz\u0103 o vizibilitate excelent\u0103, chiar \u0219i \u00een condi\u021bii de lumin\u0103 slab\u0103.<\/p>\n<p>\u00cen interior, mi\u0219carea de cronograf fabricat\u0103 \u00een Elve\u021bia asigur\u0103 cronometrarea precis\u0103, asigur\u00e2ndu-v\u0103 c\u0103 v\u0103 pute\u021bi baza pe acest ceas pentru utilizarea zilnic\u0103.<\/p>\n<p>Asamblat manual \u00een atelierul elve\u021bian, acest ceas reprezint\u0103 cel mai \u00eenalt nivel de m\u0103iestrie.<\/p>\n<p>Fie pentru un eveniment formal sau o ie\u0219ire casual, acest cronograf versatil adaug\u0103 o not\u0103 rafinat\u0103 oric\u0103rei ocazii.<\/p>","protected":false},"excerpt":{"rendered":"<p>Ceasul \u00eembin\u0103 stilul \u00eendr\u0103zne\u021b cu precizia elve\u021bian\u0103. Cadranul negru cu raze de soare se potrive\u0219te perfect cu carcasa \u0219i br\u0103\u021bara din o\u021bel inoxidabil bicolor, cre\u00e2nd un contrast ascu\u021bit care este at\u00e2t elegant, c\u00e2t \u0219i modern. Br\u0103\u021bara are verigi exterioare late \u0219i cinci verigi centrale sub\u021biri, oferind confort \u0219i durabilitate. Cristalul de safir rezistent la zg\u00e2rieturi [&hellip;]<\/p>\n","protected":false},"featured_media":58755,"comment_status":"closed","ping_status":"open","template":"","meta":{"_acf_changed":false},"product_brand":[],"product_cat":[20,572],"product_tag":[],"class_list":{"0":"post-58754","1":"product","2":"type-product","3":"status-publish","4":"has-post-thumbnail","6":"product_cat-ceasuri-barbati","7":"product_cat-swiss-military","8":"pa_brand-swiss-military","9":"pa_braslet-otel-inoxidabil","10":"pa_corpus-40-mm","11":"pa_forma-rotund","12":"pa_funcii-cronograf","13":"pa_funcii-data","14":"pa_garatia-24-luni","15":"pa_korpus-bicolor","16":"pa_kvarc-quartz","17":"pa_material-otel-inoxidabil","18":"pa_mehanizm-quartz","19":"pa_remeshok-bicolor","20":"pa_steklo-cristal-safir","21":"pa_strana-elvetia","22":"pa_voda-10-atm","24":"first","25":"instock","26":"purchasable","27":"product-type-simple"},"acf":[],"_links":{"self":[{"href":"https:\/\/ceasuri.md\/ru\/wp-json\/wp\/v2\/product\/58754","targetHints":{"allow":["GET"]}}],"collection":[{"href":"https:\/\/ceasuri.md\/ru\/wp-json\/wp\/v2\/product"}],"about":[{"href":"https:\/\/ceasuri.md\/ru\/wp-json\/wp\/v2\/types\/product"}],"replies":[{"embeddable":true,"href":"https:\/\/ceasuri.md\/ru\/wp-json\/wp\/v2\/comments?post=58754"}],"wp:featuredmedia":[{"embeddable":true,"href":"https:\/\/ceasuri.md\/ru\/wp-json\/wp\/v2\/media\/58755"}],"wp:attachment":[{"href":"https:\/\/ceasuri.md\/ru\/wp-json\/wp\/v2\/media?parent=58754"}],"wp:term":[{"taxonomy":"product_brand","embeddable":true,"href":"https:\/\/ceasuri.md\/ru\/wp-json\/wp\/v2\/product_brand?post=58754"},{"taxonomy":"product_cat","embeddable":true,"href":"https:\/\/ceasuri.md\/ru\/wp-json\/wp\/v2\/product_cat?post=58754"},{"taxonomy":"product_tag","embeddable":true,"href":"https:\/\/ceasuri.md\/ru\/wp-json\/wp\/v2\/product_tag?post=58754"}],"curies":[{"name":"wp","href":"https:\/\/api.w.org\/{rel}","templated":true}]}}