{"id":58752,"date":"2026-04-03T00:54:25","date_gmt":"2026-04-02T21:54:25","guid":{"rendered":"http:\/\/new.ceasuri.md\/shop\/uncategorized\/swiss-military-by-chrono-sm34107-06\/"},"modified":"2026-04-20T01:49:45","modified_gmt":"2026-04-19T22:49:45","slug":"swiss-military-by-chrono-sm34107-06","status":"publish","type":"product","link":"https:\/\/ceasuri.md\/ru\/shop\/branduri\/swiss-military\/swiss-military-by-chrono-sm34107-06\/","title":{"rendered":"\u0427\u0430\u0441\u044b SWISS MILITARY BY CHRONO SM34107.06"},"content":{"rendered":"<p>Combin\u0103 elegan\u021ba \u0219i durabilitatea \u00eentr-un singur ceas uimitor.<\/p>\n<p>Cadranul argintiu cu raze de soare capteaz\u0103 lumina, \u00een timp ce carcasa bicolor\u0103 din o\u021bel inoxidabil ofer\u0103 rezisten\u021b\u0103 \u0219i sofisticare.<\/p>\n<p>Br\u0103\u021bara sa unic\u0103 are verigi exterioare late \u0219i cinci verigi centrale sub\u021biri, asigur\u00e2nd o potrivire confortabil\u0103 cu un farmec de durat\u0103.<\/p>\n<p>Datorit\u0103 sticlei de safir rezistente la zg\u00e2rieturi, acest ceas p\u0103streaz\u0103 aspectul nou chiar \u0219i dup\u0103 purtarea zilnic\u0103.<\/p>\n<p>M\u00e2inile \u0219i indicatoarele luminoase asigur\u0103 o lizibilitate excelent\u0103, chiar \u0219i \u00een condi\u021bii de luminozitate sc\u0103zut\u0103, ceea ce \u00eel face at\u00e2t practic, c\u00e2t \u0219i elegant.<\/p>\n<p>Ac\u021bionat de o mi\u0219care de cronograf fabricat\u0103 \u00een Elve\u021bia, ceasul ofer\u0103 o cronometrare precis\u0103. Fiecare model este asamblat\u0103 manual \u00een atelierul elve\u021bian, reflect\u00e2nd angajamentul nostru fa\u021b\u0103 de calitate \u0219i m\u0103iestrie. V\u0103 pute\u021bi baza pe acest ceas pentru a rezista testului timpului.<\/p>","protected":false},"excerpt":{"rendered":"<p>Combin\u0103 elegan\u021ba \u0219i durabilitatea \u00eentr-un singur ceas uimitor. Cadranul argintiu cu raze de soare capteaz\u0103 lumina, \u00een timp ce carcasa bicolor\u0103 din o\u021bel inoxidabil ofer\u0103 rezisten\u021b\u0103 \u0219i sofisticare. Br\u0103\u021bara sa unic\u0103 are verigi exterioare late \u0219i cinci verigi centrale sub\u021biri, asigur\u00e2nd o potrivire confortabil\u0103 cu un farmec de durat\u0103. Datorit\u0103 sticlei de safir rezistente la [&hellip;]<\/p>\n","protected":false},"featured_media":58753,"comment_status":"closed","ping_status":"open","template":"","meta":{"_acf_changed":false},"product_brand":[],"product_cat":[20,572],"product_tag":[],"class_list":{"0":"post-58752","1":"product","2":"type-product","3":"status-publish","4":"has-post-thumbnail","6":"product_cat-ceasuri-barbati","7":"product_cat-swiss-military","8":"pa_brand-swiss-military","9":"pa_braslet-otel-inoxidabil","10":"pa_corpus-40-mm","11":"pa_forma-rotund","12":"pa_funcii-cronograf","13":"pa_funcii-data","14":"pa_garatia-24-luni","15":"pa_korpus-bicolor","16":"pa_kvarc-quartz","17":"pa_material-otel-inoxidabil","18":"pa_mehanizm-quartz","19":"pa_remeshok-bicolor","20":"pa_steklo-cristal-safir","21":"pa_strana-elvetia","22":"pa_voda-10-atm","24":"first","25":"instock","26":"purchasable","27":"product-type-simple"},"acf":[],"_links":{"self":[{"href":"https:\/\/ceasuri.md\/ru\/wp-json\/wp\/v2\/product\/58752","targetHints":{"allow":["GET"]}}],"collection":[{"href":"https:\/\/ceasuri.md\/ru\/wp-json\/wp\/v2\/product"}],"about":[{"href":"https:\/\/ceasuri.md\/ru\/wp-json\/wp\/v2\/types\/product"}],"replies":[{"embeddable":true,"href":"https:\/\/ceasuri.md\/ru\/wp-json\/wp\/v2\/comments?post=58752"}],"wp:featuredmedia":[{"embeddable":true,"href":"https:\/\/ceasuri.md\/ru\/wp-json\/wp\/v2\/media\/58753"}],"wp:attachment":[{"href":"https:\/\/ceasuri.md\/ru\/wp-json\/wp\/v2\/media?parent=58752"}],"wp:term":[{"taxonomy":"product_brand","embeddable":true,"href":"https:\/\/ceasuri.md\/ru\/wp-json\/wp\/v2\/product_brand?post=58752"},{"taxonomy":"product_cat","embeddable":true,"href":"https:\/\/ceasuri.md\/ru\/wp-json\/wp\/v2\/product_cat?post=58752"},{"taxonomy":"product_tag","embeddable":true,"href":"https:\/\/ceasuri.md\/ru\/wp-json\/wp\/v2\/product_tag?post=58752"}],"curies":[{"name":"wp","href":"https:\/\/api.w.org\/{rel}","templated":true}]}}