{"id":58750,"date":"2025-04-22T14:02:19","date_gmt":"2025-04-22T11:02:19","guid":{"rendered":"http:\/\/new.ceasuri.md\/shop\/uncategorized\/swiss-military-by-chrono-sm34107-08\/"},"modified":"2026-05-01T19:25:36","modified_gmt":"2026-05-01T16:25:36","slug":"swiss-military-by-chrono-sm34107-08","status":"publish","type":"product","link":"https:\/\/ceasuri.md\/ru\/shop\/branduri\/swiss-military\/swiss-military-by-chrono-sm34107-08\/","title":{"rendered":"\u0427\u0430\u0441\u044b SWISS MILITARY BY CHRONO SM34107.08"},"content":{"rendered":"<p>Ceasul combin\u0103 stilul atemporal cu func\u021bionalitatea fiabil\u0103.<\/p>\n<p>Acesta are un cadran verde cu raze de soare care creeaz\u0103 un aspect atr\u0103g\u0103tor \u0219i sofisticat. \u00cen acela\u0219i timp, carcasa \u0219i br\u0103\u021bara din o\u021bel inoxidabil bicolor adaug\u0103 o not\u0103 de lux. Br\u0103\u021bara, cu verigi exterioare late \u0219i cinci verigi centrale sub\u021biri, asigur\u0103 at\u00e2t stil, c\u00e2t \u0219i confort pentru purtarea zilnic\u0103.<\/p>\n<p>Datorit\u0103 sticlei safir rezistente, ceasul r\u0103m\u00e2ne protejat de zg\u00e2rieturi \u0219i deterior\u0103ri. \u00cen plus, m\u00e2inile \u0219i indicatoarele luminoase asigur\u0103 o vizibilitate clar\u0103, chiar \u0219i \u00een condi\u021bii de luminozitate sc\u0103zut\u0103.<\/p>\n<p>Acest ceas func\u021bioneaz\u0103 cu o mi\u0219care de cronograf fabricat\u0103 \u00een Elve\u021bia, asigur\u00e2nd o cronometrare precis\u0103 \u0219i fiabil\u0103 ori de c\u00e2te ori ave\u021bi nevoie.<\/p>\n<p>Exper\u021bii ceasornicari asambleaz\u0103 manual fiecare ceas \u00een atelierul elve\u021bian, eviden\u021biind o m\u0103iestrie de neegalat \u0219i aten\u021bie la detalii.<\/p>","protected":false},"excerpt":{"rendered":"<p>Ceasul combin\u0103 stilul atemporal cu func\u021bionalitatea fiabil\u0103. Acesta are un cadran verde cu raze de soare care creeaz\u0103 un aspect atr\u0103g\u0103tor \u0219i sofisticat. \u00cen acela\u0219i timp, carcasa \u0219i br\u0103\u021bara din o\u021bel inoxidabil bicolor adaug\u0103 o not\u0103 de lux. Br\u0103\u021bara, cu verigi exterioare late \u0219i cinci verigi centrale sub\u021biri, asigur\u0103 at\u00e2t stil, c\u00e2t \u0219i confort pentru [&hellip;]<\/p>\n","protected":false},"featured_media":58751,"comment_status":"closed","ping_status":"open","template":"","meta":{"_acf_changed":false},"product_brand":[],"product_cat":[20,572],"product_tag":[],"class_list":{"0":"post-58750","1":"product","2":"type-product","3":"status-publish","4":"has-post-thumbnail","6":"product_cat-ceasuri-barbati","7":"product_cat-swiss-military","8":"pa_brand-swiss-military","9":"pa_braslet-otel-inoxidabil","10":"pa_corpus-40-mm","11":"pa_forma-rotund","12":"pa_funcii-cronograf","13":"pa_funcii-data","14":"pa_garatia-24-luni","15":"pa_korpus-bicolor","16":"pa_kvarc-quartz","17":"pa_material-otel-inoxidabil","18":"pa_mehanizm-quartz","19":"pa_remeshok-bicolor","20":"pa_steklo-cristal-safir","21":"pa_strana-elvetia","22":"pa_voda-10-atm","24":"first","25":"instock","26":"purchasable","27":"product-type-simple"},"acf":[],"_links":{"self":[{"href":"https:\/\/ceasuri.md\/ru\/wp-json\/wp\/v2\/product\/58750","targetHints":{"allow":["GET"]}}],"collection":[{"href":"https:\/\/ceasuri.md\/ru\/wp-json\/wp\/v2\/product"}],"about":[{"href":"https:\/\/ceasuri.md\/ru\/wp-json\/wp\/v2\/types\/product"}],"replies":[{"embeddable":true,"href":"https:\/\/ceasuri.md\/ru\/wp-json\/wp\/v2\/comments?post=58750"}],"wp:featuredmedia":[{"embeddable":true,"href":"https:\/\/ceasuri.md\/ru\/wp-json\/wp\/v2\/media\/58751"}],"wp:attachment":[{"href":"https:\/\/ceasuri.md\/ru\/wp-json\/wp\/v2\/media?parent=58750"}],"wp:term":[{"taxonomy":"product_brand","embeddable":true,"href":"https:\/\/ceasuri.md\/ru\/wp-json\/wp\/v2\/product_brand?post=58750"},{"taxonomy":"product_cat","embeddable":true,"href":"https:\/\/ceasuri.md\/ru\/wp-json\/wp\/v2\/product_cat?post=58750"},{"taxonomy":"product_tag","embeddable":true,"href":"https:\/\/ceasuri.md\/ru\/wp-json\/wp\/v2\/product_tag?post=58750"}],"curies":[{"name":"wp","href":"https:\/\/api.w.org\/{rel}","templated":true}]}}