{"id":58748,"date":"2026-04-03T00:54:25","date_gmt":"2026-04-02T21:54:25","guid":{"rendered":"http:\/\/new.ceasuri.md\/shop\/uncategorized\/swiss-military-by-chrono-sm34107-10\/"},"modified":"2026-04-20T01:49:46","modified_gmt":"2026-04-19T22:49:46","slug":"swiss-military-by-chrono-sm34107-10","status":"publish","type":"product","link":"https:\/\/ceasuri.md\/ru\/shop\/branduri\/swiss-military\/swiss-military-by-chrono-sm34107-10\/","title":{"rendered":"\u0427\u0430\u0441\u044b SWISS MILITARY BY CHRONO SM34107.10"},"content":{"rendered":"<p>Classic Chronograph Watch reune\u0219te un design atemporal \u0219i un rafinament sportiv.<\/p>\n<p>Acesta prezint\u0103 un cadran negru Sunray, oferind un aspect rafinat \u0219i versatil potrivit pentru orice ocazie. \u00cemperecheat cu ocurea elegant\u0103 din piele neagr\u0103, acest ceas eman\u0103 elegan\u021b\u0103 \u0219i confort.<\/p>\n<p>Protejat de sticl\u0103 safir rezistent\u0103 la zg\u00e2rieturi, cadranul r\u0103m\u00e2ne clar \u0219i impecabil, chiar \u0219i \u00een cazul utiliz\u0103rii zilnice. M\u00e2inile \u0219i indicatoarele luminoase asigur\u0103 o lizibilitate excelent\u0103 \u00een toate condi\u021biile de iluminare.<\/p>\n<p>Cu o mi\u0219care de cronograf fabricat\u0103 \u00een Elve\u021bia, acesta ofer\u0103 precizie \u0219i performan\u021b\u0103 fiabile.<\/p>\n<p>Fiecare ceas este asamblat manual \u00een atelierul elve\u021bian, demonstr\u00e2nd o m\u0103iestrie excep\u021bional\u0103 \u0219i aten\u021bie la detalii.<\/p>","protected":false},"excerpt":{"rendered":"<p>Classic Chronograph Watch reune\u0219te un design atemporal \u0219i un rafinament sportiv. Acesta prezint\u0103 un cadran negru Sunray, oferind un aspect rafinat \u0219i versatil potrivit pentru orice ocazie. \u00cemperecheat cu ocurea elegant\u0103 din piele neagr\u0103, acest ceas eman\u0103 elegan\u021b\u0103 \u0219i confort. Protejat de sticl\u0103 safir rezistent\u0103 la zg\u00e2rieturi, cadranul r\u0103m\u00e2ne clar \u0219i impecabil, chiar \u0219i \u00een [&hellip;]<\/p>\n","protected":false},"featured_media":58749,"comment_status":"closed","ping_status":"open","template":"","meta":{"_acf_changed":false},"product_brand":[],"product_cat":[20,572],"product_tag":[],"class_list":{"0":"post-58748","1":"product","2":"type-product","3":"status-publish","4":"has-post-thumbnail","6":"product_cat-ceasuri-barbati","7":"product_cat-swiss-military","8":"pa_brand-swiss-military","9":"pa_braslet-piele","10":"pa_corpus-40-mm","11":"pa_forma-rotund","12":"pa_funcii-cronograf","13":"pa_funcii-data","14":"pa_garatia-24-luni","15":"pa_korpus-argintiu","16":"pa_kvarc-quartz","17":"pa_material-otel-inoxidabil","18":"pa_mehanizm-quartz","19":"pa_remeshok-negru","20":"pa_steklo-cristal-safir","21":"pa_strana-elvetia","22":"pa_voda-10-atm","24":"first","25":"instock","26":"purchasable","27":"product-type-simple"},"acf":[],"_links":{"self":[{"href":"https:\/\/ceasuri.md\/ru\/wp-json\/wp\/v2\/product\/58748","targetHints":{"allow":["GET"]}}],"collection":[{"href":"https:\/\/ceasuri.md\/ru\/wp-json\/wp\/v2\/product"}],"about":[{"href":"https:\/\/ceasuri.md\/ru\/wp-json\/wp\/v2\/types\/product"}],"replies":[{"embeddable":true,"href":"https:\/\/ceasuri.md\/ru\/wp-json\/wp\/v2\/comments?post=58748"}],"wp:featuredmedia":[{"embeddable":true,"href":"https:\/\/ceasuri.md\/ru\/wp-json\/wp\/v2\/media\/58749"}],"wp:attachment":[{"href":"https:\/\/ceasuri.md\/ru\/wp-json\/wp\/v2\/media?parent=58748"}],"wp:term":[{"taxonomy":"product_brand","embeddable":true,"href":"https:\/\/ceasuri.md\/ru\/wp-json\/wp\/v2\/product_brand?post=58748"},{"taxonomy":"product_cat","embeddable":true,"href":"https:\/\/ceasuri.md\/ru\/wp-json\/wp\/v2\/product_cat?post=58748"},{"taxonomy":"product_tag","embeddable":true,"href":"https:\/\/ceasuri.md\/ru\/wp-json\/wp\/v2\/product_tag?post=58748"}],"curies":[{"name":"wp","href":"https:\/\/api.w.org\/{rel}","templated":true}]}}