{"id":58746,"date":"2026-04-03T00:54:25","date_gmt":"2026-04-02T21:54:25","guid":{"rendered":"http:\/\/new.ceasuri.md\/shop\/uncategorized\/swiss-military-by-chrono-sm34107-12\/"},"modified":"2026-04-20T01:49:47","modified_gmt":"2026-04-19T22:49:47","slug":"swiss-military-by-chrono-sm34107-12","status":"publish","type":"product","link":"https:\/\/ceasuri.md\/ru\/shop\/branduri\/swiss-military\/swiss-military-by-chrono-sm34107-12\/","title":{"rendered":"\u0427\u0430\u0441\u044b SWISS MILITARY BY CHRONO SM34107.12"},"content":{"rendered":"<p>Ceasul ofer\u0103 un amestec perfect de sofisticare \u0219i sportivitate. Acesta are un cadran uimitor albastru cu raze solare care se potrive\u0219te perfect cu o curea din piele albastr\u0103 asortat\u0103 pentru un aspect rafinat \u0219i modern.<\/p>\n<p>Protejat de sticl\u0103 de safir rezistent\u0103 la zg\u00e2rieturi, ceasul asigur\u0103 durabilitate \u0219i o vizualizare clar\u0103 a cadranului. \u00cen plus, m\u00e2inile \u0219i indicatoarele luminoase asigur\u0103 o lizibilitate excelent\u0103, chiar \u0219i \u00een condi\u021bii de luminozitate sc\u0103zut\u0103.<\/p>\n<p>Acest ceas func\u021bioneaz\u0103 cu o mi\u0219care cronograf fabricat\u0103 \u00een Elve\u021bia, garant\u00e2nd precizie \u0219i performan\u021b\u0103 fiabil\u0103.<\/p>\n<p>Asamblat manual \u00een atelierul elve\u021bian, ceasul reflect\u0103 meticulozitate \u0219i aten\u021bie la detalii.<\/p>","protected":false},"excerpt":{"rendered":"<p>Ceasul ofer\u0103 un amestec perfect de sofisticare \u0219i sportivitate. Acesta are un cadran uimitor albastru cu raze solare care se potrive\u0219te perfect cu o curea din piele albastr\u0103 asortat\u0103 pentru un aspect rafinat \u0219i modern. Protejat de sticl\u0103 de safir rezistent\u0103 la zg\u00e2rieturi, ceasul asigur\u0103 durabilitate \u0219i o vizualizare clar\u0103 a cadranului. \u00cen plus, m\u00e2inile [&hellip;]<\/p>\n","protected":false},"featured_media":58747,"comment_status":"closed","ping_status":"open","template":"","meta":{"_acf_changed":false},"product_brand":[],"product_cat":[20,572],"product_tag":[],"class_list":{"0":"post-58746","1":"product","2":"type-product","3":"status-publish","4":"has-post-thumbnail","6":"product_cat-ceasuri-barbati","7":"product_cat-swiss-military","8":"pa_brand-swiss-military","9":"pa_braslet-piele","10":"pa_corpus-40-mm","11":"pa_forma-rotund","12":"pa_funcii-cronograf","13":"pa_funcii-data","14":"pa_garatia-24-luni","15":"pa_korpus-argintiu","16":"pa_kvarc-quartz","17":"pa_material-otel-inoxidabil","18":"pa_mehanizm-quartz","19":"pa_remeshok-albastru-inchis","20":"pa_steklo-cristal-safir","21":"pa_strana-elvetia","22":"pa_voda-10-atm","24":"first","25":"instock","26":"purchasable","27":"product-type-simple"},"acf":[],"_links":{"self":[{"href":"https:\/\/ceasuri.md\/ru\/wp-json\/wp\/v2\/product\/58746","targetHints":{"allow":["GET"]}}],"collection":[{"href":"https:\/\/ceasuri.md\/ru\/wp-json\/wp\/v2\/product"}],"about":[{"href":"https:\/\/ceasuri.md\/ru\/wp-json\/wp\/v2\/types\/product"}],"replies":[{"embeddable":true,"href":"https:\/\/ceasuri.md\/ru\/wp-json\/wp\/v2\/comments?post=58746"}],"wp:featuredmedia":[{"embeddable":true,"href":"https:\/\/ceasuri.md\/ru\/wp-json\/wp\/v2\/media\/58747"}],"wp:attachment":[{"href":"https:\/\/ceasuri.md\/ru\/wp-json\/wp\/v2\/media?parent=58746"}],"wp:term":[{"taxonomy":"product_brand","embeddable":true,"href":"https:\/\/ceasuri.md\/ru\/wp-json\/wp\/v2\/product_brand?post=58746"},{"taxonomy":"product_cat","embeddable":true,"href":"https:\/\/ceasuri.md\/ru\/wp-json\/wp\/v2\/product_cat?post=58746"},{"taxonomy":"product_tag","embeddable":true,"href":"https:\/\/ceasuri.md\/ru\/wp-json\/wp\/v2\/product_tag?post=58746"}],"curies":[{"name":"wp","href":"https:\/\/api.w.org\/{rel}","templated":true}]}}