{"id":58744,"date":"2026-04-03T00:54:25","date_gmt":"2026-04-02T21:54:25","guid":{"rendered":"http:\/\/new.ceasuri.md\/shop\/uncategorized\/swiss-military-by-chrono-sm34107-15\/"},"modified":"2026-04-20T01:49:48","modified_gmt":"2026-04-19T22:49:48","slug":"swiss-military-by-chrono-sm34107-15","status":"publish","type":"product","link":"https:\/\/ceasuri.md\/ru\/shop\/branduri\/swiss-military\/swiss-military-by-chrono-sm34107-15\/","title":{"rendered":"\u0427\u0430\u0441\u044b SWISS MILITARY BY CHRONO SM34107.15"},"content":{"rendered":"<p>Ceasul ofer\u0103 un echilibru elegant de design atemporal \u0219i m\u0103iestrie modern\u0103.<\/p>\n<p>Acesta are un cadran argintiu sunray sofisticat, completat frumos de o carcas\u0103 din o\u021bel inoxidabil bicolor \u0219i o curea din piele maro rafinat\u0103.<\/p>\n<p>Ceasul este protejat de sticl\u0103 safir rezistent\u0103 la zg\u00e2rieturi, asigur\u00e2nd claritate \u0219i durabilitate \u00eendelungat\u0103. M\u00e2inile \u0219i indicatoarele luminoase \u00eembun\u0103t\u0103\u021besc lizibilitatea, chiar \u0219i \u00een condi\u021bii de lumin\u0103 sc\u0103zut\u0103.<\/p>\n<p>Ac\u021bionat de o mi\u0219care de cronograf fabricat\u0103 \u00een Elve\u021bia, acesta garanteaz\u0103 precizie \u0219i performan\u021b\u0103 fiabil\u0103 pentru purtarea zilnic\u0103.<\/p>\n<p>Asamblat manual \u00een atelierul elve\u021bian, ceasul reflect\u0103 aten\u021bia la detalii \u0219i calitatea premium.<\/p>","protected":false},"excerpt":{"rendered":"<p>Ceasul ofer\u0103 un echilibru elegant de design atemporal \u0219i m\u0103iestrie modern\u0103. Acesta are un cadran argintiu sunray sofisticat, completat frumos de o carcas\u0103 din o\u021bel inoxidabil bicolor \u0219i o curea din piele maro rafinat\u0103. Ceasul este protejat de sticl\u0103 safir rezistent\u0103 la zg\u00e2rieturi, asigur\u00e2nd claritate \u0219i durabilitate \u00eendelungat\u0103. M\u00e2inile \u0219i indicatoarele luminoase \u00eembun\u0103t\u0103\u021besc lizibilitatea, chiar [&hellip;]<\/p>\n","protected":false},"featured_media":58745,"comment_status":"closed","ping_status":"open","template":"","meta":{"_acf_changed":false},"product_brand":[],"product_cat":[20,572],"product_tag":[],"class_list":{"0":"post-58744","1":"product","2":"type-product","3":"status-publish","4":"has-post-thumbnail","6":"product_cat-ceasuri-barbati","7":"product_cat-swiss-military","8":"pa_brand-swiss-military","9":"pa_braslet-piele","10":"pa_corpus-40-mm","11":"pa_forma-rotund","12":"pa_funcii-cronograf","13":"pa_funcii-data","14":"pa_garatia-24-luni","15":"pa_korpus-bicolor","16":"pa_kvarc-quartz","17":"pa_material-otel-inoxidabil","18":"pa_mehanizm-quartz","19":"pa_remeshok-maro","20":"pa_steklo-cristal-safir","21":"pa_strana-elvetia","22":"pa_voda-10-atm","24":"first","25":"instock","26":"purchasable","27":"product-type-simple"},"acf":[],"_links":{"self":[{"href":"https:\/\/ceasuri.md\/ru\/wp-json\/wp\/v2\/product\/58744","targetHints":{"allow":["GET"]}}],"collection":[{"href":"https:\/\/ceasuri.md\/ru\/wp-json\/wp\/v2\/product"}],"about":[{"href":"https:\/\/ceasuri.md\/ru\/wp-json\/wp\/v2\/types\/product"}],"replies":[{"embeddable":true,"href":"https:\/\/ceasuri.md\/ru\/wp-json\/wp\/v2\/comments?post=58744"}],"wp:featuredmedia":[{"embeddable":true,"href":"https:\/\/ceasuri.md\/ru\/wp-json\/wp\/v2\/media\/58745"}],"wp:attachment":[{"href":"https:\/\/ceasuri.md\/ru\/wp-json\/wp\/v2\/media?parent=58744"}],"wp:term":[{"taxonomy":"product_brand","embeddable":true,"href":"https:\/\/ceasuri.md\/ru\/wp-json\/wp\/v2\/product_brand?post=58744"},{"taxonomy":"product_cat","embeddable":true,"href":"https:\/\/ceasuri.md\/ru\/wp-json\/wp\/v2\/product_cat?post=58744"},{"taxonomy":"product_tag","embeddable":true,"href":"https:\/\/ceasuri.md\/ru\/wp-json\/wp\/v2\/product_tag?post=58744"}],"curies":[{"name":"wp","href":"https:\/\/api.w.org\/{rel}","templated":true}]}}