{"id":58739,"date":"2026-04-03T00:54:25","date_gmt":"2026-04-02T21:54:25","guid":{"rendered":"http:\/\/new.ceasuri.md\/shop\/uncategorized\/swiss-military-by-chrono-sm34108-02\/"},"modified":"2026-04-20T01:49:49","modified_gmt":"2026-04-19T22:49:49","slug":"swiss-military-by-chrono-sm34108-02","status":"publish","type":"product","link":"https:\/\/ceasuri.md\/ru\/shop\/branduri\/swiss-military\/swiss-military-by-chrono-sm34108-02\/","title":{"rendered":"\u0427\u0430\u0441\u044b SWISS MILITARY BY CHRONO SM34108.02"},"content":{"rendered":"<p>Acesta este un ceas b\u0103rb\u0103tesc robust \u0219i fiabil, cu un stil militar clasic. Swiss Military by Chrono a proiectat acest model \u021bin\u00e2nd cont de stil \u0219i durabilitate.<\/p>\n<p>Ceasul are un cadran alb mat \u0219i m\u00e2ini luminescente pentru vizibilitate \u00een lumin\u0103 slab\u0103. De asemenea, acestea prezint\u0103 indicatoare orare bej pentru o lizibilitate \u0219i func\u021bionalitate excelente. Orele suplimentare (13-23) subliniaz\u0103 \u0219i mai mult designul lor practic.<\/p>\n<p>Un cristal de safir, o carcas\u0103 din o\u021bel inoxidabil satinat \u0219i rezisten\u021ba la ap\u0103 p\u00e2n\u0103 la 100 de metri fac ca acest ceas militar s\u0103 fie preg\u0103tit pentru orice aventur\u0103.<\/p>\n<p>Realizat manual \u00eentr-un atelier de ceasornic\u0103rie elve\u021bian, acest ceas \u00een stil militar combin\u0103 func\u021biile fiabile cu m\u0103iestria rafinat\u0103. Este alegerea perfect\u0103 pentru b\u0103rba\u021bii care doresc un ceas fiabil care s\u0103 reziste stilului lor de via\u021b\u0103 activ.<\/p>","protected":false},"excerpt":{"rendered":"<p>Acesta este un ceas b\u0103rb\u0103tesc robust \u0219i fiabil, cu un stil militar clasic. Swiss Military by Chrono a proiectat acest model \u021bin\u00e2nd cont de stil \u0219i durabilitate. Ceasul are un cadran alb mat \u0219i m\u00e2ini luminescente pentru vizibilitate \u00een lumin\u0103 slab\u0103. De asemenea, acestea prezint\u0103 indicatoare orare bej pentru o lizibilitate \u0219i func\u021bionalitate excelente. Orele [&hellip;]<\/p>\n","protected":false},"featured_media":58740,"comment_status":"closed","ping_status":"open","template":"","meta":{"_acf_changed":false},"product_brand":[],"product_cat":[20,572],"product_tag":[],"class_list":{"0":"post-58739","1":"product","2":"type-product","3":"status-publish","4":"has-post-thumbnail","6":"product_cat-ceasuri-barbati","7":"product_cat-swiss-military","8":"pa_brand-swiss-military","9":"pa_braslet-otel-inoxidabil","10":"pa_corpus-40-mm","11":"pa_forma-rotund","12":"pa_funcii-data","13":"pa_garatia-24-luni","14":"pa_korpus-argintiu","15":"pa_kvarc-quartz","16":"pa_material-otel-inoxidabil","17":"pa_mehanizm-quartz","18":"pa_remeshok-argintiu","19":"pa_steklo-cristal-safir","20":"pa_strana-elvetia","21":"pa_voda-10-atm","23":"first","24":"instock","25":"purchasable","26":"product-type-simple"},"acf":[],"_links":{"self":[{"href":"https:\/\/ceasuri.md\/ru\/wp-json\/wp\/v2\/product\/58739","targetHints":{"allow":["GET"]}}],"collection":[{"href":"https:\/\/ceasuri.md\/ru\/wp-json\/wp\/v2\/product"}],"about":[{"href":"https:\/\/ceasuri.md\/ru\/wp-json\/wp\/v2\/types\/product"}],"replies":[{"embeddable":true,"href":"https:\/\/ceasuri.md\/ru\/wp-json\/wp\/v2\/comments?post=58739"}],"wp:featuredmedia":[{"embeddable":true,"href":"https:\/\/ceasuri.md\/ru\/wp-json\/wp\/v2\/media\/58740"}],"wp:attachment":[{"href":"https:\/\/ceasuri.md\/ru\/wp-json\/wp\/v2\/media?parent=58739"}],"wp:term":[{"taxonomy":"product_brand","embeddable":true,"href":"https:\/\/ceasuri.md\/ru\/wp-json\/wp\/v2\/product_brand?post=58739"},{"taxonomy":"product_cat","embeddable":true,"href":"https:\/\/ceasuri.md\/ru\/wp-json\/wp\/v2\/product_cat?post=58739"},{"taxonomy":"product_tag","embeddable":true,"href":"https:\/\/ceasuri.md\/ru\/wp-json\/wp\/v2\/product_tag?post=58739"}],"curies":[{"name":"wp","href":"https:\/\/api.w.org\/{rel}","templated":true}]}}