{"id":58735,"date":"2026-04-03T00:53:45","date_gmt":"2026-04-02T21:53:45","guid":{"rendered":"http:\/\/new.ceasuri.md\/shop\/uncategorized\/swiss-military-by-chrono-sm34108-04\/"},"modified":"2026-04-20T01:49:50","modified_gmt":"2026-04-19T22:49:50","slug":"swiss-military-by-chrono-sm34108-04","status":"publish","type":"product","link":"https:\/\/ceasuri.md\/ru\/shop\/branduri\/swiss-military\/swiss-military-by-chrono-sm34108-04\/","title":{"rendered":"\u0427\u0430\u0441\u044b SWISS MILITARY BY CHRONO SM34108.04"},"content":{"rendered":"<p>Este un ceas robust \u00een stil clasic de armat\u0103. Cu o rezisten\u021b\u0103 la ap\u0103 de 100 m \u0219i sticl\u0103 de safir rezistent\u0103 la zg\u00e2rieturi, este preg\u0103tit pentru orice aventur\u0103.<\/p>\n<p>Cu cadran alb mat, ore negre \u0219i m\u00e2ini luminoase pentru ore \u0219i minute, acest ceas ofer\u0103 o lizibilitate clar\u0103 zi \u0219i noapte. M\u00e2na a doua neagr\u0103 adaug\u0103 o not\u0103 elegant\u0103 designului s\u0103u.<\/p>\n<p>Acest ceas \u00een stil militar are o carcas\u0103 unic\u0103 din o\u021bel inoxidabil finisat\u0103 cu sablare gri, oferind un aspect robust, dar rafinat.<\/p>\n<p>Fabricat manual \u00een atelierul elve\u021bian de ceasornic\u0103rie, acesta ofer\u0103 m\u0103iestrie \u0219i calitate superioare.<\/p>\n<p>Cureaua durabil\u0103 din p\u00e2nz\u0103 verde este perfect\u0103 at\u00e2t pentru confort, c\u00e2t \u0219i pentru durabilitate \u00een exterior.<\/p>","protected":false},"excerpt":{"rendered":"<p>Este un ceas robust \u00een stil clasic de armat\u0103. Cu o rezisten\u021b\u0103 la ap\u0103 de 100 m \u0219i sticl\u0103 de safir rezistent\u0103 la zg\u00e2rieturi, este preg\u0103tit pentru orice aventur\u0103. Cu cadran alb mat, ore negre \u0219i m\u00e2ini luminoase pentru ore \u0219i minute, acest ceas ofer\u0103 o lizibilitate clar\u0103 zi \u0219i noapte. M\u00e2na a doua neagr\u0103 [&hellip;]<\/p>\n","protected":false},"featured_media":58736,"comment_status":"closed","ping_status":"open","template":"","meta":{"_acf_changed":false},"product_brand":[],"product_cat":[20,572],"product_tag":[],"class_list":{"0":"post-58735","1":"product","2":"type-product","3":"status-publish","4":"has-post-thumbnail","6":"product_cat-ceasuri-barbati","7":"product_cat-swiss-military","8":"pa_brand-swiss-military","9":"pa_braslet-piele-textile","10":"pa_corpus-40-mm","11":"pa_forma-rotund","12":"pa_funcii-data","13":"pa_garatia-24-luni","14":"pa_korpus-gri","15":"pa_kvarc-quartz","16":"pa_material-otel-inoxidabil","17":"pa_mehanizm-quartz","18":"pa_remeshok-verde","19":"pa_steklo-cristal-safir","20":"pa_strana-elvetia","21":"pa_voda-10-atm","23":"first","24":"instock","25":"purchasable","26":"product-type-simple"},"acf":[],"_links":{"self":[{"href":"https:\/\/ceasuri.md\/ru\/wp-json\/wp\/v2\/product\/58735","targetHints":{"allow":["GET"]}}],"collection":[{"href":"https:\/\/ceasuri.md\/ru\/wp-json\/wp\/v2\/product"}],"about":[{"href":"https:\/\/ceasuri.md\/ru\/wp-json\/wp\/v2\/types\/product"}],"replies":[{"embeddable":true,"href":"https:\/\/ceasuri.md\/ru\/wp-json\/wp\/v2\/comments?post=58735"}],"wp:featuredmedia":[{"embeddable":true,"href":"https:\/\/ceasuri.md\/ru\/wp-json\/wp\/v2\/media\/58736"}],"wp:attachment":[{"href":"https:\/\/ceasuri.md\/ru\/wp-json\/wp\/v2\/media?parent=58735"}],"wp:term":[{"taxonomy":"product_brand","embeddable":true,"href":"https:\/\/ceasuri.md\/ru\/wp-json\/wp\/v2\/product_brand?post=58735"},{"taxonomy":"product_cat","embeddable":true,"href":"https:\/\/ceasuri.md\/ru\/wp-json\/wp\/v2\/product_cat?post=58735"},{"taxonomy":"product_tag","embeddable":true,"href":"https:\/\/ceasuri.md\/ru\/wp-json\/wp\/v2\/product_tag?post=58735"}],"curies":[{"name":"wp","href":"https:\/\/api.w.org\/{rel}","templated":true}]}}