{"id":58732,"date":"2026-04-03T00:53:45","date_gmt":"2026-04-02T21:53:45","guid":{"rendered":"http:\/\/new.ceasuri.md\/shop\/uncategorized\/swiss-military-by-chrono-sm34108-05\/"},"modified":"2026-04-20T01:49:50","modified_gmt":"2026-04-19T22:49:50","slug":"swiss-military-by-chrono-sm34108-05","status":"publish","type":"product","link":"https:\/\/ceasuri.md\/ru\/shop\/branduri\/swiss-military\/swiss-military-by-chrono-sm34108-05\/","title":{"rendered":"\u0427\u0430\u0441\u044b SWISS MILITARY BY CHRONO SM34108.05"},"content":{"rendered":"<p>Este un ceas clasic robust \u00een stil militar. Proiectat pentru durabilitate robust\u0103, ceasul este un ceas care \u00eembin\u0103 stilul distinctiv cu func\u021bionalitatea de inspira\u021bie militar\u0103.<\/p>\n<p>Dispun\u00e2nd de un cadran albastru, cifre arabe \u0219i m\u00e2ini luminoase, acesta asigur\u0103 o lizibilitate u\u0219oar\u0103 \u00een orice condi\u021bii de iluminare.<\/p>\n<p>\u00cen plus, carcasa din o\u021bel inoxidabil cu finisaj sablat gri \u0219i cureaua din p\u00e2nz\u0103 gri ofer\u0103 un aspect modern, dar robust.<\/p>\n<p>Fabricat manual \u00een atelierul elve\u021bian, acest ceas \u00een stil militar ofer\u0103 caracteristici practice precum sticl\u0103 safir rezistent\u0103 la zg\u00e2rieturi \u0219i rezisten\u021b\u0103 la ap\u0103 de 100 m.<\/p>\n<p>Perfect pentru activit\u0103\u021bile \u00een aer liber, acesta combin\u0103 rezisten\u021ba, precizia \u0219i stilul.<\/p>","protected":false},"excerpt":{"rendered":"<p>Este un ceas clasic robust \u00een stil militar. Proiectat pentru durabilitate robust\u0103, ceasul este un ceas care \u00eembin\u0103 stilul distinctiv cu func\u021bionalitatea de inspira\u021bie militar\u0103. Dispun\u00e2nd de un cadran albastru, cifre arabe \u0219i m\u00e2ini luminoase, acesta asigur\u0103 o lizibilitate u\u0219oar\u0103 \u00een orice condi\u021bii de iluminare. \u00cen plus, carcasa din o\u021bel inoxidabil cu finisaj sablat gri [&hellip;]<\/p>\n","protected":false},"featured_media":58733,"comment_status":"closed","ping_status":"open","template":"","meta":{"_acf_changed":false},"product_brand":[],"product_cat":[20,572],"product_tag":[],"class_list":{"0":"post-58732","1":"product","2":"type-product","3":"status-publish","4":"has-post-thumbnail","6":"product_cat-ceasuri-barbati","7":"product_cat-swiss-military","8":"pa_brand-swiss-military","9":"pa_braslet-piele-textile","10":"pa_corpus-40-mm","11":"pa_forma-rotund","12":"pa_funcii-data","13":"pa_garatia-24-luni","14":"pa_korpus-gri","15":"pa_kvarc-quartz","16":"pa_material-otel-inoxidabil","17":"pa_mehanizm-quartz","18":"pa_remeshok-gri","19":"pa_steklo-cristal-safir","20":"pa_strana-elvetia","21":"pa_voda-10-atm","23":"first","24":"instock","25":"purchasable","26":"product-type-simple"},"acf":[],"_links":{"self":[{"href":"https:\/\/ceasuri.md\/ru\/wp-json\/wp\/v2\/product\/58732","targetHints":{"allow":["GET"]}}],"collection":[{"href":"https:\/\/ceasuri.md\/ru\/wp-json\/wp\/v2\/product"}],"about":[{"href":"https:\/\/ceasuri.md\/ru\/wp-json\/wp\/v2\/types\/product"}],"replies":[{"embeddable":true,"href":"https:\/\/ceasuri.md\/ru\/wp-json\/wp\/v2\/comments?post=58732"}],"wp:featuredmedia":[{"embeddable":true,"href":"https:\/\/ceasuri.md\/ru\/wp-json\/wp\/v2\/media\/58733"}],"wp:attachment":[{"href":"https:\/\/ceasuri.md\/ru\/wp-json\/wp\/v2\/media?parent=58732"}],"wp:term":[{"taxonomy":"product_brand","embeddable":true,"href":"https:\/\/ceasuri.md\/ru\/wp-json\/wp\/v2\/product_brand?post=58732"},{"taxonomy":"product_cat","embeddable":true,"href":"https:\/\/ceasuri.md\/ru\/wp-json\/wp\/v2\/product_cat?post=58732"},{"taxonomy":"product_tag","embeddable":true,"href":"https:\/\/ceasuri.md\/ru\/wp-json\/wp\/v2\/product_tag?post=58732"}],"curies":[{"name":"wp","href":"https:\/\/api.w.org\/{rel}","templated":true}]}}