{"id":58730,"date":"2026-04-03T00:53:45","date_gmt":"2026-04-02T21:53:45","guid":{"rendered":"http:\/\/new.ceasuri.md\/shop\/uncategorized\/swiss-military-by-chrono-sm34108-06\/"},"modified":"2026-04-20T01:49:51","modified_gmt":"2026-04-19T22:49:51","slug":"swiss-military-by-chrono-sm34108-06","status":"publish","type":"product","link":"https:\/\/ceasuri.md\/ru\/shop\/branduri\/swiss-military\/swiss-military-by-chrono-sm34108-06\/","title":{"rendered":"\u0427\u0430\u0441\u044b SWISS MILITARY BY CHRONO SM34108.06"},"content":{"rendered":"<p>Este un ceas durabil Classic Army Style ofer\u0103 combina\u021bia perfect\u0103 de durabilitate robust\u0103 \u0219i design.<\/p>\n<p>Cadranul s\u0103u negru mat prezint\u0103 cifre arabe \u0219i m\u00e2ini luminoase, \u00eempreun\u0103 cu indicatoare orare bej, oferind o lizibilitate clar\u0103 \u00een toate condi\u021biile.<\/p>\n<p>Carcasa din o\u021bel inoxidabil cu finisaj sablat \u0219i placare PVD neagr\u0103 asigur\u0103 at\u00e2t robuste\u021be, c\u00e2t \u0219i stil. Cureaua din p\u00e2nz\u0103 neagr\u0103 cu accente din piele completeaz\u0103 aspectul, oferind \u00een acela\u0219i timp confort \u0219i durabilitate.<\/p>\n<p>Fabricat manual \u00een atelierul elve\u021bian, acest ceas \u00een stil militar combin\u0103 caracteristici practice, cum ar fi sticla de safir rezistent\u0103 la zg\u00e2rieturi \u0219i rezisten\u021ba la ap\u0103 de 100 m, f\u0103c\u00e2ndu-l ideal at\u00e2t pentru aventurile \u00een aer liber, c\u00e2t \u0219i pentru purtarea zilnic\u0103.<\/p>","protected":false},"excerpt":{"rendered":"<p>Este un ceas durabil Classic Army Style ofer\u0103 combina\u021bia perfect\u0103 de durabilitate robust\u0103 \u0219i design. Cadranul s\u0103u negru mat prezint\u0103 cifre arabe \u0219i m\u00e2ini luminoase, \u00eempreun\u0103 cu indicatoare orare bej, oferind o lizibilitate clar\u0103 \u00een toate condi\u021biile. Carcasa din o\u021bel inoxidabil cu finisaj sablat \u0219i placare PVD neagr\u0103 asigur\u0103 at\u00e2t robuste\u021be, c\u00e2t \u0219i stil. Cureaua [&hellip;]<\/p>\n","protected":false},"featured_media":58731,"comment_status":"closed","ping_status":"open","template":"","meta":{"_acf_changed":false},"product_brand":[],"product_cat":[20,572],"product_tag":[],"class_list":{"0":"post-58730","1":"product","2":"type-product","3":"status-publish","4":"has-post-thumbnail","6":"product_cat-ceasuri-barbati","7":"product_cat-swiss-military","8":"pa_brand-swiss-military","9":"pa_braslet-piele-textile","10":"pa_corpus-40-mm","11":"pa_forma-rotund","12":"pa_funcii-data","13":"pa_garatia-24-luni","14":"pa_korpus-negru","15":"pa_kvarc-quartz","16":"pa_material-otel-inoxidabil","17":"pa_mehanizm-quartz","18":"pa_remeshok-negru","19":"pa_steklo-cristal-safir","20":"pa_strana-elvetia","21":"pa_voda-10-atm","23":"first","24":"instock","25":"purchasable","26":"product-type-simple"},"acf":[],"_links":{"self":[{"href":"https:\/\/ceasuri.md\/ru\/wp-json\/wp\/v2\/product\/58730","targetHints":{"allow":["GET"]}}],"collection":[{"href":"https:\/\/ceasuri.md\/ru\/wp-json\/wp\/v2\/product"}],"about":[{"href":"https:\/\/ceasuri.md\/ru\/wp-json\/wp\/v2\/types\/product"}],"replies":[{"embeddable":true,"href":"https:\/\/ceasuri.md\/ru\/wp-json\/wp\/v2\/comments?post=58730"}],"wp:featuredmedia":[{"embeddable":true,"href":"https:\/\/ceasuri.md\/ru\/wp-json\/wp\/v2\/media\/58731"}],"wp:attachment":[{"href":"https:\/\/ceasuri.md\/ru\/wp-json\/wp\/v2\/media?parent=58730"}],"wp:term":[{"taxonomy":"product_brand","embeddable":true,"href":"https:\/\/ceasuri.md\/ru\/wp-json\/wp\/v2\/product_brand?post=58730"},{"taxonomy":"product_cat","embeddable":true,"href":"https:\/\/ceasuri.md\/ru\/wp-json\/wp\/v2\/product_cat?post=58730"},{"taxonomy":"product_tag","embeddable":true,"href":"https:\/\/ceasuri.md\/ru\/wp-json\/wp\/v2\/product_tag?post=58730"}],"curies":[{"name":"wp","href":"https:\/\/api.w.org\/{rel}","templated":true}]}}