{"id":58717,"date":"2026-04-03T00:53:45","date_gmt":"2026-04-02T21:53:45","guid":{"rendered":"http:\/\/new.ceasuri.md\/shop\/uncategorized\/swiss-military-by-chrono-sm34109-04\/"},"modified":"2026-04-20T01:49:54","modified_gmt":"2026-04-19T22:49:54","slug":"swiss-military-by-chrono-sm34109-04","status":"publish","type":"product","link":"https:\/\/ceasuri.md\/ru\/shop\/branduri\/swiss-military\/swiss-military-by-chrono-sm34109-04\/","title":{"rendered":"\u0427\u0430\u0441\u044b SWISS MILITARY BY CHRONO SM34109.04"},"content":{"rendered":"<p>Un ceas elve\u021bian sportiv pentru b\u0103rba\u021bi \u00eendr\u0103zne\u021bi \u0219i \u00eencrez\u0103tori.<\/p>\n<p>Modelul combin\u0103 stilul \u00eencrez\u0103tor \u0219i m\u0103iestria.<\/p>\n<p>Cu cadranul s\u0103u negru Sunburst \u0219i luneta rotativ\u0103 ro\u0219ie, acest ceas iese \u00een eviden\u021b\u0103 \u00een orice mediu.<\/p>\n<p>Carcasa \u0219i br\u0103\u021bara robuste din o\u021bel inoxidabil \u0219i cristalul de safir asigur\u0103 durabilitatea, f\u0103c\u00e2nd ceasul ideal at\u00e2t pentru aventur\u0103, c\u00e2t \u0219i pentru purtarea zilnic\u0103. \u00cen plus, m\u00e2inile \u0219i indicatoarele luminoase v\u0103 permit s\u0103 \u0219ti\u021bi \u00eentotdeauna ce or\u0103 arat\u0103 ceasul, chiar \u0219i \u00een condi\u021bii de luminozitate sc\u0103zut\u0103.<\/p>\n<p>Ceasul este asamblat manual \u00eentr-un atelier elve\u021bian, asigur\u00e2nd o aten\u021bie meticuloas\u0103 la detalii.<\/p>\n<p>Fie c\u0103 face\u021bi drume\u021bii \u00een mediul rural sau \u00eendeplini\u021bi sarcinile zilnice, acest ceas este combina\u021bia perfect\u0103 de func\u021bionalitate \u0219i stil.<\/p>","protected":false},"excerpt":{"rendered":"<p>Un ceas elve\u021bian sportiv pentru b\u0103rba\u021bi \u00eendr\u0103zne\u021bi \u0219i \u00eencrez\u0103tori. Modelul combin\u0103 stilul \u00eencrez\u0103tor \u0219i m\u0103iestria. Cu cadranul s\u0103u negru Sunburst \u0219i luneta rotativ\u0103 ro\u0219ie, acest ceas iese \u00een eviden\u021b\u0103 \u00een orice mediu. Carcasa \u0219i br\u0103\u021bara robuste din o\u021bel inoxidabil \u0219i cristalul de safir asigur\u0103 durabilitatea, f\u0103c\u00e2nd ceasul ideal at\u00e2t pentru aventur\u0103, c\u00e2t \u0219i pentru purtarea [&hellip;]<\/p>\n","protected":false},"featured_media":58718,"comment_status":"closed","ping_status":"open","template":"","meta":{"_acf_changed":false},"product_brand":[],"product_cat":[20,572],"product_tag":[],"class_list":{"0":"post-58717","1":"product","2":"type-product","3":"status-publish","4":"has-post-thumbnail","6":"product_cat-ceasuri-barbati","7":"product_cat-swiss-military","8":"pa_brand-swiss-military","9":"pa_braslet-otel-inoxidabil","10":"pa_corpus-42-mm","11":"pa_forma-rotund","12":"pa_funcii-data","13":"pa_garatia-24-luni","14":"pa_korpus-argintiu","15":"pa_korpus-rosu","16":"pa_kvarc-quartz","17":"pa_material-otel-inoxidabil","18":"pa_mehanizm-quartz","19":"pa_remeshok-argintiu","20":"pa_steklo-cristal-safir","21":"pa_strana-elvetia","22":"pa_voda-10-atm","24":"first","25":"instock","26":"purchasable","27":"product-type-simple"},"acf":[],"_links":{"self":[{"href":"https:\/\/ceasuri.md\/ru\/wp-json\/wp\/v2\/product\/58717","targetHints":{"allow":["GET"]}}],"collection":[{"href":"https:\/\/ceasuri.md\/ru\/wp-json\/wp\/v2\/product"}],"about":[{"href":"https:\/\/ceasuri.md\/ru\/wp-json\/wp\/v2\/types\/product"}],"replies":[{"embeddable":true,"href":"https:\/\/ceasuri.md\/ru\/wp-json\/wp\/v2\/comments?post=58717"}],"wp:featuredmedia":[{"embeddable":true,"href":"https:\/\/ceasuri.md\/ru\/wp-json\/wp\/v2\/media\/58718"}],"wp:attachment":[{"href":"https:\/\/ceasuri.md\/ru\/wp-json\/wp\/v2\/media?parent=58717"}],"wp:term":[{"taxonomy":"product_brand","embeddable":true,"href":"https:\/\/ceasuri.md\/ru\/wp-json\/wp\/v2\/product_brand?post=58717"},{"taxonomy":"product_cat","embeddable":true,"href":"https:\/\/ceasuri.md\/ru\/wp-json\/wp\/v2\/product_cat?post=58717"},{"taxonomy":"product_tag","embeddable":true,"href":"https:\/\/ceasuri.md\/ru\/wp-json\/wp\/v2\/product_tag?post=58717"}],"curies":[{"name":"wp","href":"https:\/\/api.w.org\/{rel}","templated":true}]}}