{"id":58713,"date":"2026-04-03T00:53:45","date_gmt":"2026-04-02T21:53:45","guid":{"rendered":"http:\/\/new.ceasuri.md\/shop\/uncategorized\/swiss-military-by-chrono-sma34110-02\/"},"modified":"2026-04-20T01:49:55","modified_gmt":"2026-04-19T22:49:55","slug":"swiss-military-by-chrono-sma34110-02","status":"publish","type":"product","link":"https:\/\/ceasuri.md\/ru\/shop\/branduri\/swiss-military\/swiss-military-by-chrono-sma34110-02\/","title":{"rendered":"\u0427\u0430\u0441\u044b SWISS MILITARY BY CHRONO SMA34110.02"},"content":{"rendered":"<p>Acest ceas b\u0103rb\u0103tesc cu ceas automat \u00eentruchipeaz\u0103 perfect valorile tradi\u021bionale ale orologeriei elve\u021biene \u00een interior \u0219i \u00een exterior.<\/p>\n<p>Farmecul lor const\u0103 \u00een combina\u021bia armonioas\u0103 dintre designul clasic rotund \u0219i cadranul sclipitor cu raze de soare.<\/p>\n<p>Indicatoarele orare sub\u021biri \u0219i gra\u021bioase combinate cu m\u00e2inile cu design clasic completeaz\u0103 acest ceas b\u0103rb\u0103tesc incontestabil de elegant.<\/p>\n<p>Carcasa acestui ceas este fabricat\u0103 din o\u021bel inoxidabil solid, \u00een conformitate cu principiile de fabrica\u021bie elve\u021biene.<\/p>\n<p>Cadranul argintiu este protejat de un cristal de safir. Func\u021bionarea mi\u0219c\u0103rii automate este vizibil\u0103 prin sticla caseback-ului.<\/p>\n<p>Acest ceas este atent asamblat manual \u00een atelierele SWISS MILITARY.<\/p>","protected":false},"excerpt":{"rendered":"<p>Acest ceas b\u0103rb\u0103tesc cu ceas automat \u00eentruchipeaz\u0103 perfect valorile tradi\u021bionale ale orologeriei elve\u021biene \u00een interior \u0219i \u00een exterior. Farmecul lor const\u0103 \u00een combina\u021bia armonioas\u0103 dintre designul clasic rotund \u0219i cadranul sclipitor cu raze de soare. Indicatoarele orare sub\u021biri \u0219i gra\u021bioase combinate cu m\u00e2inile cu design clasic completeaz\u0103 acest ceas b\u0103rb\u0103tesc incontestabil de elegant. Carcasa acestui [&hellip;]<\/p>\n","protected":false},"featured_media":58714,"comment_status":"closed","ping_status":"open","template":"","meta":{"_acf_changed":false},"product_brand":[],"product_cat":[20,572],"product_tag":[],"class_list":{"0":"post-58713","1":"product","2":"type-product","3":"status-publish","4":"has-post-thumbnail","6":"product_cat-ceasuri-barbati","7":"product_cat-swiss-military","8":"pa_brand-swiss-military","9":"pa_braslet-otel-inoxidabil","10":"pa_corpus-41-mm","11":"pa_forma-rotund","12":"pa_funcii-data","13":"pa_garatia-24-luni","14":"pa_korpus-argintiu","15":"pa_material-otel-inoxidabil","16":"pa_mehanizm-mecanic","17":"pa_mehanizm-mecanism-automatic","18":"pa_remeshok-argintiu","19":"pa_steklo-cristal-safir","20":"pa_strana-elvetia","21":"pa_voda-10-atm","23":"first","24":"instock","25":"purchasable","26":"product-type-simple"},"acf":[],"_links":{"self":[{"href":"https:\/\/ceasuri.md\/ru\/wp-json\/wp\/v2\/product\/58713","targetHints":{"allow":["GET"]}}],"collection":[{"href":"https:\/\/ceasuri.md\/ru\/wp-json\/wp\/v2\/product"}],"about":[{"href":"https:\/\/ceasuri.md\/ru\/wp-json\/wp\/v2\/types\/product"}],"replies":[{"embeddable":true,"href":"https:\/\/ceasuri.md\/ru\/wp-json\/wp\/v2\/comments?post=58713"}],"wp:featuredmedia":[{"embeddable":true,"href":"https:\/\/ceasuri.md\/ru\/wp-json\/wp\/v2\/media\/58714"}],"wp:attachment":[{"href":"https:\/\/ceasuri.md\/ru\/wp-json\/wp\/v2\/media?parent=58713"}],"wp:term":[{"taxonomy":"product_brand","embeddable":true,"href":"https:\/\/ceasuri.md\/ru\/wp-json\/wp\/v2\/product_brand?post=58713"},{"taxonomy":"product_cat","embeddable":true,"href":"https:\/\/ceasuri.md\/ru\/wp-json\/wp\/v2\/product_cat?post=58713"},{"taxonomy":"product_tag","embeddable":true,"href":"https:\/\/ceasuri.md\/ru\/wp-json\/wp\/v2\/product_tag?post=58713"}],"curies":[{"name":"wp","href":"https:\/\/api.w.org\/{rel}","templated":true}]}}