{"id":58697,"date":"2026-04-03T00:53:45","date_gmt":"2026-04-02T21:53:45","guid":{"rendered":"http:\/\/new.ceasuri.md\/shop\/uncategorized\/cover-iconosteel-chrono-co212-06\/"},"modified":"2026-04-24T18:29:23","modified_gmt":"2026-04-24T15:29:23","slug":"cover-iconosteel-chrono-co212-06","status":"publish","type":"product","link":"https:\/\/ceasuri.md\/ru\/shop\/branduri\/cover\/cover-iconosteel-chrono-co212-06\/","title":{"rendered":"Ceas COVER ICONOSTEEL CHRONO CO212.06"},"content":{"rendered":"<p>Ceasul elve\u021bian pentru b\u0103rba\u021bi, cu un cadran elegant gri deschis, luneta neagr\u0103 \u0219i subcadranele negre ale cronografului, ofer\u0103 un amestec perfect de stil modern \u0219i inginerie de precizie.<\/p>\n<p>La fel ca fiecare ceas din familia Iconosteel, acest cronograf pentru b\u0103rba\u021bi prezint\u0103 forma iconic\u0103 a carcasei: margini drepte \u00een partea superioar\u0103 \u0219i inferioar\u0103, completate de o deschidere perfect rotund\u0103 a cadranului. Cadranul gri deschis discret \u0219i luneta neagr\u0103 \u00eendr\u0103znea\u021b\u0103 creeaz\u0103 un contrast puternic, f\u0103c\u00e2nd acest ceas at\u00e2t impresionant din punct de vedere vizual, c\u00e2t \u0219i foarte func\u021bional. Subcadranele negre ale cronografului \u0219i cifrele argintii asigur\u0103 o lizibilitate f\u0103r\u0103 efort.<\/p>\n<p>Fabricat din o\u021bel inoxidabil durabil, ceasul are o br\u0103\u021bar\u0103 argintie asortat\u0103 \u0219i este protejat de sticl\u0103 safir rezistent\u0103 la zg\u00e2rieturi. Ac\u021bionat de o mi\u0219care precis\u0103 de cronograf cu cuar\u021b, acesta include un afi\u0219aj practic al datei \u0219i m\u00e2ini luminoase, asigur\u00e2nd claritate \u00een orice condi\u021bii de iluminare.<\/p>\n<p>Asamblat manual \u00een atelierul de ceasornic\u0103rie COVER, acest ceas fabricat \u00een Elve\u021bia este rezistent la ap\u0103 p\u00e2n\u0103 la 10 ATM (100 de metri).<\/p>","protected":false},"excerpt":{"rendered":"<p>Ceasul elve\u021bian pentru b\u0103rba\u021bi, cu un cadran elegant gri deschis, luneta neagr\u0103 \u0219i subcadranele negre ale cronografului, ofer\u0103 un amestec perfect de stil modern \u0219i inginerie de precizie. La fel ca fiecare ceas din familia Iconosteel, acest cronograf pentru b\u0103rba\u021bi prezint\u0103 forma iconic\u0103 a carcasei: margini drepte \u00een partea superioar\u0103 \u0219i inferioar\u0103, completate de o [&hellip;]<\/p>\n","protected":false},"featured_media":58698,"comment_status":"closed","ping_status":"closed","template":"","meta":{"_acf_changed":false},"product_brand":[],"product_cat":[18,20,204],"product_tag":[],"class_list":{"0":"post-58697","1":"product","2":"type-product","3":"status-publish","4":"has-post-thumbnail","6":"product_cat-branduri","7":"product_cat-ceasuri-barbati","8":"product_cat-cover","9":"pa_brand-cover","10":"pa_braslet-otel-inoxidabil","11":"pa_corpus-41-mm","12":"pa_forma-rotund","13":"pa_funcii-cronograf","14":"pa_funcii-data","15":"pa_garatia-24-luni","16":"pa_korpus-argintiu","17":"pa_korpus-negru","18":"pa_kvarc-quartz","19":"pa_material-otel-inoxidabil","20":"pa_mehanizm-quartz","21":"pa_remeshok-argintiu","22":"pa_steklo-cristal-safir","23":"pa_strana-elvetia","24":"pa_voda-10-atm","26":"first","27":"instock","28":"purchasable","29":"product-type-simple"},"acf":[],"_links":{"self":[{"href":"https:\/\/ceasuri.md\/ru\/wp-json\/wp\/v2\/product\/58697","targetHints":{"allow":["GET"]}}],"collection":[{"href":"https:\/\/ceasuri.md\/ru\/wp-json\/wp\/v2\/product"}],"about":[{"href":"https:\/\/ceasuri.md\/ru\/wp-json\/wp\/v2\/types\/product"}],"replies":[{"embeddable":true,"href":"https:\/\/ceasuri.md\/ru\/wp-json\/wp\/v2\/comments?post=58697"}],"wp:featuredmedia":[{"embeddable":true,"href":"https:\/\/ceasuri.md\/ru\/wp-json\/wp\/v2\/media\/58698"}],"wp:attachment":[{"href":"https:\/\/ceasuri.md\/ru\/wp-json\/wp\/v2\/media?parent=58697"}],"wp:term":[{"taxonomy":"product_brand","embeddable":true,"href":"https:\/\/ceasuri.md\/ru\/wp-json\/wp\/v2\/product_brand?post=58697"},{"taxonomy":"product_cat","embeddable":true,"href":"https:\/\/ceasuri.md\/ru\/wp-json\/wp\/v2\/product_cat?post=58697"},{"taxonomy":"product_tag","embeddable":true,"href":"https:\/\/ceasuri.md\/ru\/wp-json\/wp\/v2\/product_tag?post=58697"}],"curies":[{"name":"wp","href":"https:\/\/api.w.org\/{rel}","templated":true}]}}