{"id":58694,"date":"2025-04-22T13:49:54","date_gmt":"2025-04-22T10:49:54","guid":{"rendered":"http:\/\/new.ceasuri.md\/shop\/uncategorized\/cover-iconosteel-chrono-co212-07\/"},"modified":"2026-05-01T19:24:43","modified_gmt":"2026-05-01T16:24:43","slug":"cover-iconosteel-chrono-co212-07","status":"publish","type":"product","link":"https:\/\/ceasuri.md\/ru\/shop\/branduri\/cover\/cover-iconosteel-chrono-co212-07\/","title":{"rendered":"\u0427\u0430\u0441\u044b COVER ICONOSTEEL CHRONO CO212.07"},"content":{"rendered":"<p>Ceasul elve\u021bian pentru b\u0103rba\u021bi, cu cadran albastru deschis, luneta maro \u00eenchis \u0219i subcadranele cronografului maro \u00eenchis, \u00eembin\u0103 perfect elegan\u021ba modern\u0103 cu me\u0219te\u0219ugul precis.<\/p>\n<p>Acest cronograf sportiv, dar sofisticat, prezint\u0103 forma iconic\u0103 a carcasei semnat\u0103 de familia Iconosteel: margini drepte \u00een partea superioar\u0103 \u0219i inferioar\u0103, asociate cu o deschidere perfect rotund\u0103 a cadranului. Cadranul albastru deschis r\u0103coritor \u0219i luneta contrastant\u0103 maro \u00eenchis creeaz\u0103 un aspect \u00eendr\u0103zne\u021b \u0219i contemporan, \u00een timp ce cifrele argintii \u0219i subcadranele cronografului sporesc claritatea \u0219i lizibilitatea general\u0103.<\/p>\n<p>Fabricat din o\u021bel inoxidabil durabil cu o br\u0103\u021bar\u0103 argintie asortat\u0103, ceasul este protejat de o sticl\u0103 de safir rezistent\u0103 la zg\u00e2rieturi. Ac\u021bionat de o mi\u0219care precis\u0103 de cronograf cu cuar\u021b, acesta include un afi\u0219aj practic al datei \u0219i m\u00e2ini luminoase pentru o lizibilitate optim\u0103 \u00een orice lumin\u0103.<\/p>\n<p>Asamblat manual \u00een atelierul de ceasornic\u0103rie COVER, acest ceas fabricat \u00een Elve\u021bia este rezistent la ap\u0103 p\u00e2n\u0103 la 10 ATM (100 de metri).<\/p>","protected":false},"excerpt":{"rendered":"<p>Ceasul elve\u021bian pentru b\u0103rba\u021bi, cu cadran albastru deschis, luneta maro \u00eenchis \u0219i subcadranele cronografului maro \u00eenchis, \u00eembin\u0103 perfect elegan\u021ba modern\u0103 cu me\u0219te\u0219ugul precis. Acest cronograf sportiv, dar sofisticat, prezint\u0103 forma iconic\u0103 a carcasei semnat\u0103 de familia Iconosteel: margini drepte \u00een partea superioar\u0103 \u0219i inferioar\u0103, asociate cu o deschidere perfect rotund\u0103 a cadranului. Cadranul albastru deschis [&hellip;]<\/p>\n","protected":false},"featured_media":58695,"comment_status":"closed","ping_status":"open","template":"","meta":{"_acf_changed":false},"product_brand":[],"product_cat":[20,204],"product_tag":[],"class_list":{"0":"post-58694","1":"product","2":"type-product","3":"status-publish","4":"has-post-thumbnail","6":"product_cat-ceasuri-barbati","7":"product_cat-cover","8":"pa_brand-cover","9":"pa_braslet-otel-inoxidabil","10":"pa_corpus-41-mm","11":"pa_forma-rotund","12":"pa_funcii-cronograf","13":"pa_funcii-data","14":"pa_garatia-24-luni","15":"pa_korpus-argintiu","16":"pa_korpus-maro","17":"pa_kvarc-quartz","18":"pa_material-otel-inoxidabil","19":"pa_mehanizm-quartz","20":"pa_remeshok-argintiu","21":"pa_steklo-cristal-safir","22":"pa_strana-elvetia","23":"pa_voda-10-atm","25":"first","26":"instock","27":"purchasable","28":"product-type-simple"},"acf":[],"_links":{"self":[{"href":"https:\/\/ceasuri.md\/ru\/wp-json\/wp\/v2\/product\/58694","targetHints":{"allow":["GET"]}}],"collection":[{"href":"https:\/\/ceasuri.md\/ru\/wp-json\/wp\/v2\/product"}],"about":[{"href":"https:\/\/ceasuri.md\/ru\/wp-json\/wp\/v2\/types\/product"}],"replies":[{"embeddable":true,"href":"https:\/\/ceasuri.md\/ru\/wp-json\/wp\/v2\/comments?post=58694"}],"wp:featuredmedia":[{"embeddable":true,"href":"https:\/\/ceasuri.md\/ru\/wp-json\/wp\/v2\/media\/58695"}],"wp:attachment":[{"href":"https:\/\/ceasuri.md\/ru\/wp-json\/wp\/v2\/media?parent=58694"}],"wp:term":[{"taxonomy":"product_brand","embeddable":true,"href":"https:\/\/ceasuri.md\/ru\/wp-json\/wp\/v2\/product_brand?post=58694"},{"taxonomy":"product_cat","embeddable":true,"href":"https:\/\/ceasuri.md\/ru\/wp-json\/wp\/v2\/product_cat?post=58694"},{"taxonomy":"product_tag","embeddable":true,"href":"https:\/\/ceasuri.md\/ru\/wp-json\/wp\/v2\/product_tag?post=58694"}],"curies":[{"name":"wp","href":"https:\/\/api.w.org\/{rel}","templated":true}]}}