{"id":58690,"date":"2026-04-03T00:53:45","date_gmt":"2026-04-02T21:53:45","guid":{"rendered":"http:\/\/new.ceasuri.md\/shop\/uncategorized\/cover-iconosteel-chrono-co212-08\/"},"modified":"2026-04-20T01:49:05","modified_gmt":"2026-04-19T22:49:05","slug":"cover-iconosteel-chrono-co212-08","status":"publish","type":"product","link":"https:\/\/ceasuri.md\/ru\/shop\/branduri\/cover\/cover-iconosteel-chrono-co212-08\/","title":{"rendered":"\u0427\u0430\u0441\u044b COVER ICONOSTEEL CHRONO CO212.08"},"content":{"rendered":"<p>Ceasul elve\u021bian pentru b\u0103rba\u021bi cu cadran auriu, luneta neagr\u0103 cu cifre aurii \u0219i o carcas\u0103 rafinat\u0103 din o\u021bel inoxidabil bicolor combin\u0103 elegan\u021ba sportiv\u0103 cu m\u0103iestria excep\u021bional\u0103.<\/p>\n<p>Bine\u00een\u021beles, acest cronograf pentru b\u0103rba\u021bi sportiv, dar elegant, prezint\u0103 forma iconic\u0103 a carcasei semnat\u0103 de familia Iconosteel: margini drepte \u00een partea de sus \u0219i de jos, asociate cu o deschidere perfect rotund\u0103 a cadranului. Acest design modern, combinat cu cadranul auriu \u0219i luneta cu accente aurii, creeaz\u0103 un aspect bicolor izbitor, care se remarc\u0103 at\u00e2t prin sofisticare, c\u00e2t \u0219i prin fler contemporan.<\/p>\n<p>Fabricat din o\u021bel inoxidabil durabil cu o br\u0103\u021bar\u0103 argintie asortat\u0103, ceasul este protejat de o sticl\u0103 safir rezistent\u0103 la zg\u00e2rieturi. Ac\u021bionat de o mi\u0219care precis\u0103 de cronograf cu cuar\u021b, acesta include un afi\u0219aj practic al datei \u0219i m\u00e2ini luminoase pentru o lizibilitate optim\u0103 \u00een orice lumin\u0103.<\/p>\n<p>Asamblat manual \u00een atelierul de ceasornic\u0103rie COVER, acest ceas fabricat \u00een Elve\u021bia este rezistent la ap\u0103 p\u00e2n\u0103 la 10 ATM (100 de metri).<\/p>","protected":false},"excerpt":{"rendered":"<p>Ceasul elve\u021bian pentru b\u0103rba\u021bi cu cadran auriu, luneta neagr\u0103 cu cifre aurii \u0219i o carcas\u0103 rafinat\u0103 din o\u021bel inoxidabil bicolor combin\u0103 elegan\u021ba sportiv\u0103 cu m\u0103iestria excep\u021bional\u0103. Bine\u00een\u021beles, acest cronograf pentru b\u0103rba\u021bi sportiv, dar elegant, prezint\u0103 forma iconic\u0103 a carcasei semnat\u0103 de familia Iconosteel: margini drepte \u00een partea de sus \u0219i de jos, asociate cu o [&hellip;]<\/p>\n","protected":false},"featured_media":58691,"comment_status":"closed","ping_status":"open","template":"","meta":{"_acf_changed":false},"product_brand":[],"product_cat":[20,204],"product_tag":[],"class_list":{"0":"post-58690","1":"product","2":"type-product","3":"status-publish","4":"has-post-thumbnail","6":"product_cat-ceasuri-barbati","7":"product_cat-cover","8":"pa_brand-cover","9":"pa_braslet-otel-inoxidabil","10":"pa_corpus-41-mm","11":"pa_forma-rotund","12":"pa_funcii-cronograf","13":"pa_funcii-data","14":"pa_garatia-24-luni","15":"pa_korpus-bicolor","16":"pa_korpus-negru","17":"pa_kvarc-quartz","18":"pa_material-otel-inoxidabil","19":"pa_mehanizm-quartz","20":"pa_remeshok-argintiu","21":"pa_steklo-cristal-safir","22":"pa_strana-elvetia","23":"pa_voda-10-atm","25":"first","26":"instock","27":"purchasable","28":"product-type-simple"},"acf":[],"_links":{"self":[{"href":"https:\/\/ceasuri.md\/ru\/wp-json\/wp\/v2\/product\/58690","targetHints":{"allow":["GET"]}}],"collection":[{"href":"https:\/\/ceasuri.md\/ru\/wp-json\/wp\/v2\/product"}],"about":[{"href":"https:\/\/ceasuri.md\/ru\/wp-json\/wp\/v2\/types\/product"}],"replies":[{"embeddable":true,"href":"https:\/\/ceasuri.md\/ru\/wp-json\/wp\/v2\/comments?post=58690"}],"wp:featuredmedia":[{"embeddable":true,"href":"https:\/\/ceasuri.md\/ru\/wp-json\/wp\/v2\/media\/58691"}],"wp:attachment":[{"href":"https:\/\/ceasuri.md\/ru\/wp-json\/wp\/v2\/media?parent=58690"}],"wp:term":[{"taxonomy":"product_brand","embeddable":true,"href":"https:\/\/ceasuri.md\/ru\/wp-json\/wp\/v2\/product_brand?post=58690"},{"taxonomy":"product_cat","embeddable":true,"href":"https:\/\/ceasuri.md\/ru\/wp-json\/wp\/v2\/product_cat?post=58690"},{"taxonomy":"product_tag","embeddable":true,"href":"https:\/\/ceasuri.md\/ru\/wp-json\/wp\/v2\/product_tag?post=58690"}],"curies":[{"name":"wp","href":"https:\/\/api.w.org\/{rel}","templated":true}]}}