{"id":58688,"date":"2026-04-03T00:53:45","date_gmt":"2026-04-02T21:53:45","guid":{"rendered":"http:\/\/new.ceasuri.md\/shop\/uncategorized\/cover-iconosteel-co213-06\/"},"modified":"2026-04-20T01:49:05","modified_gmt":"2026-04-19T22:49:05","slug":"cover-iconosteel-co213-06","status":"publish","type":"product","link":"https:\/\/ceasuri.md\/ru\/shop\/branduri\/cover\/cover-iconosteel-co213-06\/","title":{"rendered":"Ceas COVER ICONOSTEEL CO213.06"},"content":{"rendered":"<p>COVER Iconosteel iese \u00een eviden\u021b\u0103 prin elegan\u021ba sa sportiv\u0103 \u0219i forma iconic\u0103 a carcasei.<\/p>\n<p>Cadranul albastru deschis, cu un model geometric, aduce o not\u0103 proasp\u0103t\u0103, modern\u0103, \u00een timp ce m\u00e2inile \u0219i indicatoarele orare argintii asigur\u0103 o lizibilitate excelent\u0103.<\/p>\n<p>Carcasa, cu marginile sale drepte \u00een partea superioar\u0103 \u0219i inferioar\u0103, pune \u00een valoare cadranul rotund \u0219i confer\u0103 ceasului o prezen\u021b\u0103 unic\u0103, izbitoare. Carcasa \u0219i br\u0103\u021bara argintii subliniaz\u0103 designul minimalist, dar dinamic, f\u0103c\u00e2ndu-l un companion perfect at\u00e2t pentru afaceri, c\u00e2t \u0219i pentru stilul de via\u021b\u0103 activ.<\/p>\n<p>Sticla safir rezistent\u0103 la zg\u00e2rieturi asigur\u0103 claritatea cadranului, \u00een timp ce mi\u0219carea elve\u021bian\u0103 Ronda garanteaz\u0103 cronometrarea precis\u0103.<\/p>\n<p>Afi\u0219ajul datei adaug\u0103 caracter practic, iar asamblarea manual\u0103 elve\u021bian\u0103 asigur\u0103 durabilitatea.<\/p>","protected":false},"excerpt":{"rendered":"<p>COVER Iconosteel iese \u00een eviden\u021b\u0103 prin elegan\u021ba sa sportiv\u0103 \u0219i forma iconic\u0103 a carcasei. Cadranul albastru deschis, cu un model geometric, aduce o not\u0103 proasp\u0103t\u0103, modern\u0103, \u00een timp ce m\u00e2inile \u0219i indicatoarele orare argintii asigur\u0103 o lizibilitate excelent\u0103. Carcasa, cu marginile sale drepte \u00een partea superioar\u0103 \u0219i inferioar\u0103, pune \u00een valoare cadranul rotund \u0219i confer\u0103 [&hellip;]<\/p>\n","protected":false},"featured_media":58689,"comment_status":"closed","ping_status":"open","template":"","meta":{"_acf_changed":false},"product_brand":[],"product_cat":[20,204],"product_tag":[],"class_list":{"0":"post-58688","1":"product","2":"type-product","3":"status-publish","4":"has-post-thumbnail","6":"product_cat-ceasuri-barbati","7":"product_cat-cover","8":"pa_brand-cover","9":"pa_braslet-otel-inoxidabil","10":"pa_corpus-41-mm","11":"pa_forma-rotund","12":"pa_funcii-data","13":"pa_garatia-24-luni","14":"pa_korpus-argintiu","15":"pa_kvarc-quartz","16":"pa_material-otel-inoxidabil","17":"pa_mehanizm-quartz","18":"pa_remeshok-argintiu","19":"pa_steklo-cristal-safir","20":"pa_strana-elvetia","21":"pa_voda-10-atm","23":"first","24":"instock","25":"purchasable","26":"product-type-simple"},"acf":[],"_links":{"self":[{"href":"https:\/\/ceasuri.md\/ru\/wp-json\/wp\/v2\/product\/58688","targetHints":{"allow":["GET"]}}],"collection":[{"href":"https:\/\/ceasuri.md\/ru\/wp-json\/wp\/v2\/product"}],"about":[{"href":"https:\/\/ceasuri.md\/ru\/wp-json\/wp\/v2\/types\/product"}],"replies":[{"embeddable":true,"href":"https:\/\/ceasuri.md\/ru\/wp-json\/wp\/v2\/comments?post=58688"}],"wp:featuredmedia":[{"embeddable":true,"href":"https:\/\/ceasuri.md\/ru\/wp-json\/wp\/v2\/media\/58689"}],"wp:attachment":[{"href":"https:\/\/ceasuri.md\/ru\/wp-json\/wp\/v2\/media?parent=58688"}],"wp:term":[{"taxonomy":"product_brand","embeddable":true,"href":"https:\/\/ceasuri.md\/ru\/wp-json\/wp\/v2\/product_brand?post=58688"},{"taxonomy":"product_cat","embeddable":true,"href":"https:\/\/ceasuri.md\/ru\/wp-json\/wp\/v2\/product_cat?post=58688"},{"taxonomy":"product_tag","embeddable":true,"href":"https:\/\/ceasuri.md\/ru\/wp-json\/wp\/v2\/product_tag?post=58688"}],"curies":[{"name":"wp","href":"https:\/\/api.w.org\/{rel}","templated":true}]}}