{"id":58684,"date":"2026-04-03T00:53:02","date_gmt":"2026-04-02T21:53:02","guid":{"rendered":"http:\/\/new.ceasuri.md\/shop\/uncategorized\/cover-iconosteel-co213-07\/"},"modified":"2026-04-20T01:49:06","modified_gmt":"2026-04-19T22:49:06","slug":"cover-iconosteel-co213-07","status":"publish","type":"product","link":"https:\/\/ceasuri.md\/ru\/shop\/branduri\/cover\/cover-iconosteel-co213-07\/","title":{"rendered":"Ceas COVER ICONOSTEEL CO213.07"},"content":{"rendered":"<p>COVER Iconosteel \u00eembin\u0103 dinamismul sportiv cu designul modern.<\/p>\n<p>Cadranul albastru intens, cu un model geometric, este completat de m\u00e2ini \u0219i indicatoare orare argintii.<\/p>\n<p>Carcasa iconic\u0103, cu margini drepte \u00een partea superioar\u0103 \u0219i inferioar\u0103, eviden\u021biaz\u0103 cadranul rotund \u0219i confer\u0103 ceasului o siluet\u0103 \u00eendr\u0103znea\u021b\u0103, distinctiv\u0103. Carcasa \u0219i br\u0103\u021bara argintii accentueaz\u0103 caracterul modern \u0219i elegant al acestui ceas, f\u0103c\u00e2ndu-l perfect at\u00e2t pentru afaceri, c\u00e2t \u0219i pentru timpul liber.<\/p>\n<p>Sticla safir rezistent\u0103 la zg\u00e2rieturi protejeaz\u0103 cadranul, asigur\u00e2nd o claritate de lung\u0103 durat\u0103.<\/p>\n<p>Cu o mi\u0219care precis\u0103 Swiss Ronda \u0219i un afi\u0219aj practic al datei, acest ceas ofer\u0103 func\u021bionalitate \u0219i fiabilitate de top.<\/p>","protected":false},"excerpt":{"rendered":"<p>COVER Iconosteel \u00eembin\u0103 dinamismul sportiv cu designul modern. Cadranul albastru intens, cu un model geometric, este completat de m\u00e2ini \u0219i indicatoare orare argintii. Carcasa iconic\u0103, cu margini drepte \u00een partea superioar\u0103 \u0219i inferioar\u0103, eviden\u021biaz\u0103 cadranul rotund \u0219i confer\u0103 ceasului o siluet\u0103 \u00eendr\u0103znea\u021b\u0103, distinctiv\u0103. Carcasa \u0219i br\u0103\u021bara argintii accentueaz\u0103 caracterul modern \u0219i elegant al acestui ceas, [&hellip;]<\/p>\n","protected":false},"featured_media":58685,"comment_status":"closed","ping_status":"open","template":"","meta":{"_acf_changed":false},"product_brand":[],"product_cat":[20,204],"product_tag":[],"class_list":{"0":"post-58684","1":"product","2":"type-product","3":"status-publish","4":"has-post-thumbnail","6":"product_cat-ceasuri-barbati","7":"product_cat-cover","8":"pa_brand-cover","9":"pa_braslet-otel-inoxidabil","10":"pa_corpus-41-mm","11":"pa_forma-rotund","12":"pa_funcii-data","13":"pa_garatia-24-luni","14":"pa_korpus-argintiu","15":"pa_kvarc-quartz","16":"pa_material-otel-inoxidabil","17":"pa_mehanizm-quartz","18":"pa_remeshok-argintiu","19":"pa_steklo-cristal-safir","20":"pa_strana-elvetia","21":"pa_voda-10-atm","23":"first","24":"instock","25":"purchasable","26":"product-type-simple"},"acf":[],"_links":{"self":[{"href":"https:\/\/ceasuri.md\/ru\/wp-json\/wp\/v2\/product\/58684","targetHints":{"allow":["GET"]}}],"collection":[{"href":"https:\/\/ceasuri.md\/ru\/wp-json\/wp\/v2\/product"}],"about":[{"href":"https:\/\/ceasuri.md\/ru\/wp-json\/wp\/v2\/types\/product"}],"replies":[{"embeddable":true,"href":"https:\/\/ceasuri.md\/ru\/wp-json\/wp\/v2\/comments?post=58684"}],"wp:featuredmedia":[{"embeddable":true,"href":"https:\/\/ceasuri.md\/ru\/wp-json\/wp\/v2\/media\/58685"}],"wp:attachment":[{"href":"https:\/\/ceasuri.md\/ru\/wp-json\/wp\/v2\/media?parent=58684"}],"wp:term":[{"taxonomy":"product_brand","embeddable":true,"href":"https:\/\/ceasuri.md\/ru\/wp-json\/wp\/v2\/product_brand?post=58684"},{"taxonomy":"product_cat","embeddable":true,"href":"https:\/\/ceasuri.md\/ru\/wp-json\/wp\/v2\/product_cat?post=58684"},{"taxonomy":"product_tag","embeddable":true,"href":"https:\/\/ceasuri.md\/ru\/wp-json\/wp\/v2\/product_tag?post=58684"}],"curies":[{"name":"wp","href":"https:\/\/api.w.org\/{rel}","templated":true}]}}