{"id":58682,"date":"2026-04-03T00:53:02","date_gmt":"2026-04-02T21:53:02","guid":{"rendered":"http:\/\/new.ceasuri.md\/shop\/uncategorized\/cover-iconosteel-co213-08\/"},"modified":"2026-04-20T01:49:06","modified_gmt":"2026-04-19T22:49:06","slug":"cover-iconosteel-co213-08","status":"publish","type":"product","link":"https:\/\/ceasuri.md\/ru\/shop\/branduri\/cover\/cover-iconosteel-co213-08\/","title":{"rendered":"Ceas COVER ICONOSTEEL CO213.08"},"content":{"rendered":"<p>Modelul COVER Iconosteel \u00eentruchipeaz\u0103 rafinamentul sportiv \u0219i designul iconic.<\/p>\n<p>Cadranul de culoare \u0219ampanie, cu un model geometric, eman\u0103 o elegan\u021b\u0103 subtil\u0103, completat\u0103 de m\u00e2inile \u0219i indicatoarele orare aurii.<\/p>\n<p>Carcasa, cu margini drepte \u00een partea superioar\u0103 \u0219i inferioar\u0103, \u00eencadreaz\u0103 perfect cadranul rotund, oferind ceasului o siluet\u0103 distinctiv\u0103 \u0219i iconic\u0103. Carcasa bicolor\u0103, care \u00eembin\u0103 auriul \u0219i argintiul, \u00eempreun\u0103 cu coroana aurie \u0219i luneta aurie texturat\u0103, eman\u0103 lux, p\u0103str\u00e2nd \u00een acela\u0219i timp o vibra\u021bie sportiv\u0103.<\/p>\n<p>Br\u0103\u021bara argintie adaug\u0103 o not\u0103 modern\u0103, ating\u00e2nd echilibrul perfect \u00eentre elegan\u021b\u0103 \u0219i dinamism.<\/p>\n<p>Cu sticl\u0103 de safir rezistent\u0103 la zg\u00e2rieturi \u0219i o mi\u0219care precis\u0103 Swiss Ronda, acest ceas ofer\u0103 calitate \u0219i func\u021bionalitate excep\u021bionale.<\/p>","protected":false},"excerpt":{"rendered":"<p>Modelul COVER Iconosteel \u00eentruchipeaz\u0103 rafinamentul sportiv \u0219i designul iconic. Cadranul de culoare \u0219ampanie, cu un model geometric, eman\u0103 o elegan\u021b\u0103 subtil\u0103, completat\u0103 de m\u00e2inile \u0219i indicatoarele orare aurii. Carcasa, cu margini drepte \u00een partea superioar\u0103 \u0219i inferioar\u0103, \u00eencadreaz\u0103 perfect cadranul rotund, oferind ceasului o siluet\u0103 distinctiv\u0103 \u0219i iconic\u0103. Carcasa bicolor\u0103, care \u00eembin\u0103 auriul \u0219i argintiul, [&hellip;]<\/p>\n","protected":false},"featured_media":58683,"comment_status":"closed","ping_status":"open","template":"","meta":{"_acf_changed":false},"product_brand":[],"product_cat":[20,204],"product_tag":[],"class_list":{"0":"post-58682","1":"product","2":"type-product","3":"status-publish","4":"has-post-thumbnail","6":"product_cat-ceasuri-barbati","7":"product_cat-cover","8":"pa_brand-cover","9":"pa_braslet-otel-inoxidabil","10":"pa_corpus-41-mm","11":"pa_forma-rotund","12":"pa_funcii-data","13":"pa_garatia-24-luni","14":"pa_korpus-bicolor","15":"pa_kvarc-quartz","16":"pa_material-otel-inoxidabil","17":"pa_mehanizm-quartz","18":"pa_remeshok-argintiu","19":"pa_steklo-cristal-safir","20":"pa_strana-elvetia","21":"pa_voda-10-atm","23":"first","24":"instock","25":"purchasable","26":"product-type-simple"},"acf":[],"_links":{"self":[{"href":"https:\/\/ceasuri.md\/ru\/wp-json\/wp\/v2\/product\/58682","targetHints":{"allow":["GET"]}}],"collection":[{"href":"https:\/\/ceasuri.md\/ru\/wp-json\/wp\/v2\/product"}],"about":[{"href":"https:\/\/ceasuri.md\/ru\/wp-json\/wp\/v2\/types\/product"}],"replies":[{"embeddable":true,"href":"https:\/\/ceasuri.md\/ru\/wp-json\/wp\/v2\/comments?post=58682"}],"wp:featuredmedia":[{"embeddable":true,"href":"https:\/\/ceasuri.md\/ru\/wp-json\/wp\/v2\/media\/58683"}],"wp:attachment":[{"href":"https:\/\/ceasuri.md\/ru\/wp-json\/wp\/v2\/media?parent=58682"}],"wp:term":[{"taxonomy":"product_brand","embeddable":true,"href":"https:\/\/ceasuri.md\/ru\/wp-json\/wp\/v2\/product_brand?post=58682"},{"taxonomy":"product_cat","embeddable":true,"href":"https:\/\/ceasuri.md\/ru\/wp-json\/wp\/v2\/product_cat?post=58682"},{"taxonomy":"product_tag","embeddable":true,"href":"https:\/\/ceasuri.md\/ru\/wp-json\/wp\/v2\/product_tag?post=58682"}],"curies":[{"name":"wp","href":"https:\/\/api.w.org\/{rel}","templated":true}]}}