{"id":58678,"date":"2026-04-03T00:53:02","date_gmt":"2026-04-02T21:53:02","guid":{"rendered":"http:\/\/new.ceasuri.md\/shop\/uncategorized\/cover-iconosteel-co213-09\/"},"modified":"2026-04-17T15:17:20","modified_gmt":"2026-04-17T12:17:20","slug":"cover-iconosteel-co213-09","status":"publish","type":"product","link":"https:\/\/ceasuri.md\/ru\/shop\/branduri\/cover\/cover-iconosteel-co213-09\/","title":{"rendered":"Ceas COVER ICONOSTEEL CO213.09"},"content":{"rendered":"<p>COVER Iconosteel combin\u0103 elegan\u021ba sportiv\u0103 cu designul iconic.<\/p>\n<p>Cadranul auriu, \u00eempodobit cu un model geometric distinctiv, este \u00eenvelit \u00eentr-o carcas\u0103 unic\u0103, cu margini drepte \u00een partea superioar\u0103 \u0219i inferioar\u0103, conferind ceasului o prezen\u021b\u0103 inconfundabil\u0103, iconic\u0103.<\/p>\n<p>Carcasa bicolor\u0103, cu o coroan\u0103 aurie \u0219i un luneta aurie texturat\u0103, adaug\u0103 o not\u0103 sofisticat\u0103, dar modern\u0103. Br\u0103\u021bara argintie completeaz\u0103 designul, sporindu-i estetica sportiv\u0103, dar elegant\u0103.<\/p>\n<p>Cu sticl\u0103 de safir rezistent\u0103 la zg\u00e2rieturi, cadranul r\u0103m\u00e2ne clar \u0219i lizibil, \u00een timp ce mi\u0219carea precis\u0103 Swiss Ronda asigur\u0103 o m\u0103surare excelent\u0103 a timpului.<\/p>\n<p>Afi\u0219ajul practic al datei \u0219i me\u0219te\u0219ugul elve\u021bian asamblat manual fac din acest ceas partenerul ideal pentru b\u0103rbatul activ, orientat spre afaceri.<\/p>","protected":false},"excerpt":{"rendered":"<p>COVER Iconosteel combin\u0103 elegan\u021ba sportiv\u0103 cu designul iconic. Cadranul auriu, \u00eempodobit cu un model geometric distinctiv, este \u00eenvelit \u00eentr-o carcas\u0103 unic\u0103, cu margini drepte \u00een partea superioar\u0103 \u0219i inferioar\u0103, conferind ceasului o prezen\u021b\u0103 inconfundabil\u0103, iconic\u0103. Carcasa bicolor\u0103, cu o coroan\u0103 aurie \u0219i un luneta aurie texturat\u0103, adaug\u0103 o not\u0103 sofisticat\u0103, dar modern\u0103. Br\u0103\u021bara argintie completeaz\u0103 [&hellip;]<\/p>\n","protected":false},"featured_media":58679,"comment_status":"closed","ping_status":"open","template":"","meta":{"_acf_changed":false},"product_brand":[],"product_cat":[20,204],"product_tag":[],"class_list":{"0":"post-58678","1":"product","2":"type-product","3":"status-publish","4":"has-post-thumbnail","6":"product_cat-ceasuri-barbati","7":"product_cat-cover","8":"pa_brand-cover","9":"pa_braslet-otel-inoxidabil","10":"pa_corpus-41-mm","11":"pa_forma-rotund","12":"pa_funcii-data","13":"pa_garatia-24-luni","14":"pa_korpus-bicolor","15":"pa_kvarc-quartz","16":"pa_material-otel-inoxidabil","17":"pa_mehanizm-quartz","18":"pa_remeshok-argintiu","19":"pa_steklo-cristal-safir","20":"pa_strana-elvetia","21":"pa_voda-10-atm","23":"first","24":"instock","25":"purchasable","26":"product-type-simple"},"acf":[],"_links":{"self":[{"href":"https:\/\/ceasuri.md\/ru\/wp-json\/wp\/v2\/product\/58678","targetHints":{"allow":["GET"]}}],"collection":[{"href":"https:\/\/ceasuri.md\/ru\/wp-json\/wp\/v2\/product"}],"about":[{"href":"https:\/\/ceasuri.md\/ru\/wp-json\/wp\/v2\/types\/product"}],"replies":[{"embeddable":true,"href":"https:\/\/ceasuri.md\/ru\/wp-json\/wp\/v2\/comments?post=58678"}],"wp:featuredmedia":[{"embeddable":true,"href":"https:\/\/ceasuri.md\/ru\/wp-json\/wp\/v2\/media\/58679"}],"wp:attachment":[{"href":"https:\/\/ceasuri.md\/ru\/wp-json\/wp\/v2\/media?parent=58678"}],"wp:term":[{"taxonomy":"product_brand","embeddable":true,"href":"https:\/\/ceasuri.md\/ru\/wp-json\/wp\/v2\/product_brand?post=58678"},{"taxonomy":"product_cat","embeddable":true,"href":"https:\/\/ceasuri.md\/ru\/wp-json\/wp\/v2\/product_cat?post=58678"},{"taxonomy":"product_tag","embeddable":true,"href":"https:\/\/ceasuri.md\/ru\/wp-json\/wp\/v2\/product_tag?post=58678"}],"curies":[{"name":"wp","href":"https:\/\/api.w.org\/{rel}","templated":true}]}}