{"id":58676,"date":"2026-04-03T00:53:02","date_gmt":"2026-04-02T21:53:02","guid":{"rendered":"http:\/\/new.ceasuri.md\/shop\/uncategorized\/cover-chapman-chrono-ii-co220-01\/"},"modified":"2026-04-20T01:49:07","modified_gmt":"2026-04-19T22:49:07","slug":"cover-chapman-chrono-ii-co220-01","status":"publish","type":"product","link":"https:\/\/ceasuri.md\/ru\/shop\/branduri\/cover\/cover-chapman-chrono-ii-co220-01\/","title":{"rendered":"\u0427\u0430\u0441\u044b COVER CHAPMAN CHRONO II CO220.01"},"content":{"rendered":"<p>COVER Chapman Chrono II combin\u0103 elegan\u021ba sportiv\u0103 cu designul contemporan.<\/p>\n<p>Cadranul de culoare negru, cu modelul s\u0103u geometric unic, iese frumos \u00een eviden\u021b\u0103 fa\u021b\u0103 de carcasa argintie. Br\u0103\u021bara argintie \u0219i m\u00e2inile \u0219i indicatoarele orare luminoase completeaz\u0103 aspectul modern \u0219i elegant.<\/p>\n<p>Mi\u0219carea elve\u021bian\u0103 fiabil\u0103 garanteaz\u0103 o cronometrare precis\u0103, \u00een timp ce cristalul de safir, diametrul de 42,5 mm \u0219i rezisten\u021ba la ap\u0103 (p\u00e2n\u0103 la 100 de metri) fac ca acest ceas cronograf pentru b\u0103rba\u021bi s\u0103 fie perfect pentru toate ocaziile, la serviciu sau \u00een timpul liber.<\/p>\n<p>Ceasul este asamblat \u00een atelierul de ceasornic\u0103rie COVER, asigur\u00e2nd cea mai \u00eenalt\u0103 calitate \u0219i precizie.<\/p>","protected":false},"excerpt":{"rendered":"<p>COVER Chapman Chrono II combin\u0103 elegan\u021ba sportiv\u0103 cu designul contemporan. Cadranul de culoare negru, cu modelul s\u0103u geometric unic, iese frumos \u00een eviden\u021b\u0103 fa\u021b\u0103 de carcasa argintie. Br\u0103\u021bara argintie \u0219i m\u00e2inile \u0219i indicatoarele orare luminoase completeaz\u0103 aspectul modern \u0219i elegant. Mi\u0219carea elve\u021bian\u0103 fiabil\u0103 garanteaz\u0103 o cronometrare precis\u0103, \u00een timp ce cristalul de safir, diametrul de [&hellip;]<\/p>\n","protected":false},"featured_media":58677,"comment_status":"closed","ping_status":"open","template":"","meta":{"_acf_changed":false},"product_brand":[],"product_cat":[20,204],"product_tag":[],"class_list":{"0":"post-58676","1":"product","2":"type-product","3":"status-publish","4":"has-post-thumbnail","6":"product_cat-ceasuri-barbati","7":"product_cat-cover","8":"pa_brand-cover","9":"pa_braslet-otel-inoxidabil","10":"pa_corpus-43-mm","11":"pa_forma-rotund","12":"pa_funcii-cronograf","13":"pa_funcii-data","14":"pa_garatia-24-luni","15":"pa_korpus-argintiu","16":"pa_kvarc-quartz","17":"pa_material-otel-inoxidabil","18":"pa_mehanizm-quartz","19":"pa_remeshok-argintiu","20":"pa_steklo-cristal-safir","21":"pa_strana-elvetia","22":"pa_voda-10-atm","24":"first","25":"instock","26":"purchasable","27":"product-type-simple"},"acf":[],"_links":{"self":[{"href":"https:\/\/ceasuri.md\/ru\/wp-json\/wp\/v2\/product\/58676","targetHints":{"allow":["GET"]}}],"collection":[{"href":"https:\/\/ceasuri.md\/ru\/wp-json\/wp\/v2\/product"}],"about":[{"href":"https:\/\/ceasuri.md\/ru\/wp-json\/wp\/v2\/types\/product"}],"replies":[{"embeddable":true,"href":"https:\/\/ceasuri.md\/ru\/wp-json\/wp\/v2\/comments?post=58676"}],"wp:featuredmedia":[{"embeddable":true,"href":"https:\/\/ceasuri.md\/ru\/wp-json\/wp\/v2\/media\/58677"}],"wp:attachment":[{"href":"https:\/\/ceasuri.md\/ru\/wp-json\/wp\/v2\/media?parent=58676"}],"wp:term":[{"taxonomy":"product_brand","embeddable":true,"href":"https:\/\/ceasuri.md\/ru\/wp-json\/wp\/v2\/product_brand?post=58676"},{"taxonomy":"product_cat","embeddable":true,"href":"https:\/\/ceasuri.md\/ru\/wp-json\/wp\/v2\/product_cat?post=58676"},{"taxonomy":"product_tag","embeddable":true,"href":"https:\/\/ceasuri.md\/ru\/wp-json\/wp\/v2\/product_tag?post=58676"}],"curies":[{"name":"wp","href":"https:\/\/api.w.org\/{rel}","templated":true}]}}