{"id":58661,"date":"2025-04-22T13:49:49","date_gmt":"2025-04-22T10:49:49","guid":{"rendered":"http:\/\/new.ceasuri.md\/shop\/uncategorized\/cover-chapman-chrono-ii-co220-06\/"},"modified":"2026-05-01T19:24:15","modified_gmt":"2026-05-01T16:24:15","slug":"cover-chapman-chrono-ii-co220-06","status":"publish","type":"product","link":"https:\/\/ceasuri.md\/ru\/shop\/branduri\/cover\/cover-chapman-chrono-ii-co220-06\/","title":{"rendered":"\u0427\u0430\u0441\u044b COVER CHAPMAN CHRONO II CO220.06"},"content":{"rendered":"<p>Chapman Chrono II ofer\u0103 o combina\u021bie perfect\u0103 de elegan\u021b\u0103 sportiv\u0103 \u0219i rafinament.<\/p>\n<p>Carcasa argintie, cadranul albastru cu un model geometric \u0219i curea din piele albastr\u0103 creeaz\u0103 un aspect modern, dar clasic, perfect at\u00e2t pentru mediul de afaceri, c\u00e2t \u0219i pentru cel casual.<\/p>\n<p>Mi\u0219carea elve\u021bian\u0103 fiabil\u0103 garanteaz\u0103 o cronometrare precis\u0103, \u00een timp ce cristalul de safir, diametrul de 42,5 mm \u0219i rezisten\u021ba la ap\u0103 (p\u00e2n\u0103 la 100 de metri) \u00eel fac un companion de \u00eencredere pentru orice ocazie.<\/p>\n<p>Ceasul este asamblat \u00een atelierul de ceasornic\u0103rie COVER, asigur\u00e2nd cea mai \u00eenalt\u0103 calitate \u0219i precizie.<\/p>","protected":false},"excerpt":{"rendered":"<p>Chapman Chrono II ofer\u0103 o combina\u021bie perfect\u0103 de elegan\u021b\u0103 sportiv\u0103 \u0219i rafinament. Carcasa argintie, cadranul albastru cu un model geometric \u0219i curea din piele albastr\u0103 creeaz\u0103 un aspect modern, dar clasic, perfect at\u00e2t pentru mediul de afaceri, c\u00e2t \u0219i pentru cel casual. Mi\u0219carea elve\u021bian\u0103 fiabil\u0103 garanteaz\u0103 o cronometrare precis\u0103, \u00een timp ce cristalul de safir, [&hellip;]<\/p>\n","protected":false},"featured_media":58662,"comment_status":"closed","ping_status":"open","template":"","meta":{"_acf_changed":false},"product_brand":[],"product_cat":[20,204],"product_tag":[],"class_list":{"0":"post-58661","1":"product","2":"type-product","3":"status-publish","4":"has-post-thumbnail","6":"product_cat-ceasuri-barbati","7":"product_cat-cover","8":"pa_brand-cover","9":"pa_braslet-piele","10":"pa_corpus-43-mm","11":"pa_forma-rotund","12":"pa_funcii-cronograf","13":"pa_funcii-data","14":"pa_garatia-24-luni","15":"pa_korpus-argintiu","16":"pa_kvarc-quartz","17":"pa_material-otel-inoxidabil","18":"pa_mehanizm-quartz","19":"pa_remeshok-albastru-inchis","20":"pa_steklo-cristal-safir","21":"pa_strana-elvetia","22":"pa_voda-10-atm","24":"first","25":"instock","26":"purchasable","27":"product-type-simple"},"acf":[],"_links":{"self":[{"href":"https:\/\/ceasuri.md\/ru\/wp-json\/wp\/v2\/product\/58661","targetHints":{"allow":["GET"]}}],"collection":[{"href":"https:\/\/ceasuri.md\/ru\/wp-json\/wp\/v2\/product"}],"about":[{"href":"https:\/\/ceasuri.md\/ru\/wp-json\/wp\/v2\/types\/product"}],"replies":[{"embeddable":true,"href":"https:\/\/ceasuri.md\/ru\/wp-json\/wp\/v2\/comments?post=58661"}],"wp:featuredmedia":[{"embeddable":true,"href":"https:\/\/ceasuri.md\/ru\/wp-json\/wp\/v2\/media\/58662"}],"wp:attachment":[{"href":"https:\/\/ceasuri.md\/ru\/wp-json\/wp\/v2\/media?parent=58661"}],"wp:term":[{"taxonomy":"product_brand","embeddable":true,"href":"https:\/\/ceasuri.md\/ru\/wp-json\/wp\/v2\/product_brand?post=58661"},{"taxonomy":"product_cat","embeddable":true,"href":"https:\/\/ceasuri.md\/ru\/wp-json\/wp\/v2\/product_cat?post=58661"},{"taxonomy":"product_tag","embeddable":true,"href":"https:\/\/ceasuri.md\/ru\/wp-json\/wp\/v2\/product_tag?post=58661"}],"curies":[{"name":"wp","href":"https:\/\/api.w.org\/{rel}","templated":true}]}}