{"id":58655,"date":"2026-04-03T00:53:02","date_gmt":"2026-04-02T21:53:02","guid":{"rendered":"http:\/\/new.ceasuri.md\/shop\/uncategorized\/cover-chapman-chrono-ii-co220-08\/"},"modified":"2026-04-20T01:49:11","modified_gmt":"2026-04-19T22:49:11","slug":"cover-chapman-chrono-ii-co220-08","status":"publish","type":"product","link":"https:\/\/ceasuri.md\/ru\/shop\/branduri\/cover\/cover-chapman-chrono-ii-co220-08\/","title":{"rendered":"\u0427\u0430\u0441\u044b COVER CHAPMAN CHRONO II CO220.08"},"content":{"rendered":"<p>Chapman Chrono II este elegan\u021ba atemporal\u0103 combinat\u0103 cu func\u021bionalitatea.<\/p>\n<p>Carcasa argintie \u0219i cadranul bej cu un model geometric eman\u0103 rafinament, completate de o curea din piele neagr\u0103 \u0219i de m\u00e2ini \u0219i indicatoare orare argintii.<\/p>\n<p>Mi\u0219carea elve\u021bian\u0103 fiabil\u0103 garanteaz\u0103 o cronometrare precis\u0103, \u00een timp ce cristalul de safir, diametrul de 42,5 mm \u0219i rezisten\u021ba la ap\u0103 (p\u00e2n\u0103 la 100 de metri) asigur\u0103 c\u0103 ceasul este practic at\u00e2t pentru purtarea de zi cu zi, c\u00e2t \u0219i pentru afaceri. La birou sau \u00een vacan\u021b\u0103, acest ceas va fi un companion elegant \u0219i func\u021bional.<\/p>\n<p>Ceasul este asamblat \u00een atelierul de ceasornic\u0103rie COVER, asigur\u00e2nd cea mai \u00eenalt\u0103 calitate \u0219i precizie.<\/p>","protected":false},"excerpt":{"rendered":"<p>Chapman Chrono II este elegan\u021ba atemporal\u0103 combinat\u0103 cu func\u021bionalitatea. Carcasa argintie \u0219i cadranul bej cu un model geometric eman\u0103 rafinament, completate de o curea din piele neagr\u0103 \u0219i de m\u00e2ini \u0219i indicatoare orare argintii. Mi\u0219carea elve\u021bian\u0103 fiabil\u0103 garanteaz\u0103 o cronometrare precis\u0103, \u00een timp ce cristalul de safir, diametrul de 42,5 mm \u0219i rezisten\u021ba la ap\u0103 [&hellip;]<\/p>\n","protected":false},"featured_media":58656,"comment_status":"closed","ping_status":"open","template":"","meta":{"_acf_changed":false},"product_brand":[],"product_cat":[20,204],"product_tag":[],"class_list":{"0":"post-58655","1":"product","2":"type-product","3":"status-publish","4":"has-post-thumbnail","6":"product_cat-ceasuri-barbati","7":"product_cat-cover","8":"pa_brand-cover","9":"pa_braslet-piele","10":"pa_corpus-43-mm","11":"pa_forma-rotund","12":"pa_funcii-cronograf","13":"pa_funcii-data","14":"pa_garatia-24-luni","15":"pa_korpus-argintiu","16":"pa_kvarc-quartz","17":"pa_material-otel-inoxidabil","18":"pa_mehanizm-quartz","19":"pa_remeshok-negru","20":"pa_steklo-cristal-safir","21":"pa_strana-elvetia","22":"pa_voda-10-atm","24":"first","25":"instock","26":"purchasable","27":"product-type-simple"},"acf":[],"_links":{"self":[{"href":"https:\/\/ceasuri.md\/ru\/wp-json\/wp\/v2\/product\/58655","targetHints":{"allow":["GET"]}}],"collection":[{"href":"https:\/\/ceasuri.md\/ru\/wp-json\/wp\/v2\/product"}],"about":[{"href":"https:\/\/ceasuri.md\/ru\/wp-json\/wp\/v2\/types\/product"}],"replies":[{"embeddable":true,"href":"https:\/\/ceasuri.md\/ru\/wp-json\/wp\/v2\/comments?post=58655"}],"wp:featuredmedia":[{"embeddable":true,"href":"https:\/\/ceasuri.md\/ru\/wp-json\/wp\/v2\/media\/58656"}],"wp:attachment":[{"href":"https:\/\/ceasuri.md\/ru\/wp-json\/wp\/v2\/media?parent=58655"}],"wp:term":[{"taxonomy":"product_brand","embeddable":true,"href":"https:\/\/ceasuri.md\/ru\/wp-json\/wp\/v2\/product_brand?post=58655"},{"taxonomy":"product_cat","embeddable":true,"href":"https:\/\/ceasuri.md\/ru\/wp-json\/wp\/v2\/product_cat?post=58655"},{"taxonomy":"product_tag","embeddable":true,"href":"https:\/\/ceasuri.md\/ru\/wp-json\/wp\/v2\/product_tag?post=58655"}],"curies":[{"name":"wp","href":"https:\/\/api.w.org\/{rel}","templated":true}]}}