{"id":58651,"date":"2025-04-22T13:49:48","date_gmt":"2025-04-22T10:49:48","guid":{"rendered":"http:\/\/new.ceasuri.md\/shop\/uncategorized\/cover-chapman-chrono-ii-co220-09\/"},"modified":"2026-05-01T19:24:10","modified_gmt":"2026-05-01T16:24:10","slug":"cover-chapman-chrono-ii-co220-09","status":"publish","type":"product","link":"https:\/\/ceasuri.md\/ru\/shop\/branduri\/cover\/cover-chapman-chrono-ii-co220-09\/","title":{"rendered":"\u0427\u0430\u0441\u044b COVER CHAPMAN CHRONO II CO220.09"},"content":{"rendered":"<p>Chapman Chrono II combin\u0103 elegan\u021ba sportiv\u0103 cu o not\u0103 de lux.<\/p>\n<p>Carcasa de culoarea aurului roz, m\u00e2inile \u0219i indicatoarele orelor de culoarea aurului roz \u0219i cadranul albastru cu un model geometric str\u0103lucitor confer\u0103 ceasului un aspect modern \u0219i sofisticat.<\/p>\n<p>Acest cronograf este ideal pentru cei care caut\u0103 un partener elegant at\u00e2t pentru afaceri, c\u00e2t \u0219i pentru timpul liber.<\/p>\n<p>Mi\u0219carea Swiss Made de \u00eenalt\u0103 calitate garanteaz\u0103 o cronometrare precis\u0103, \u00een timp ce cureaua din piele maro confer\u0103 ceasului un aspect elegant, dar sportiv.<\/p>\n<p>Cu un cristal de safir, un diametru de 42,5 mm \u0219i rezisten\u021b\u0103 la ap\u0103 p\u00e2n\u0103 la 100 de metri, acesta este ceasul universal perfect pentru orice ocazie.<\/p>\n<p>Fiecare model este asamblat manual \u00een atelierul de orologerie COVER, asigur\u00e2nd cel mai \u00eenalt nivel de calitate \u0219i precizie.<\/p>","protected":false},"excerpt":{"rendered":"<p>Chapman Chrono II combin\u0103 elegan\u021ba sportiv\u0103 cu o not\u0103 de lux. Carcasa de culoarea aurului roz, m\u00e2inile \u0219i indicatoarele orelor de culoarea aurului roz \u0219i cadranul albastru cu un model geometric str\u0103lucitor confer\u0103 ceasului un aspect modern \u0219i sofisticat. Acest cronograf este ideal pentru cei care caut\u0103 un partener elegant at\u00e2t pentru afaceri, c\u00e2t \u0219i [&hellip;]<\/p>\n","protected":false},"featured_media":58652,"comment_status":"closed","ping_status":"open","template":"","meta":{"_acf_changed":false},"product_brand":[],"product_cat":[20,204],"product_tag":[],"class_list":{"0":"post-58651","1":"product","2":"type-product","3":"status-publish","4":"has-post-thumbnail","6":"product_cat-ceasuri-barbati","7":"product_cat-cover","8":"pa_brand-cover","9":"pa_braslet-piele","10":"pa_corpus-43-mm","11":"pa_forma-rotund","12":"pa_funcii-cronograf","13":"pa_funcii-data","14":"pa_garatia-24-luni","15":"pa_korpus-roz-gold","16":"pa_kvarc-quartz","17":"pa_material-otel-inoxidabil","18":"pa_mehanizm-quartz","19":"pa_remeshok-maro","20":"pa_steklo-cristal-safir","21":"pa_strana-elvetia","22":"pa_voda-10-atm","24":"first","25":"instock","26":"purchasable","27":"product-type-simple"},"acf":[],"_links":{"self":[{"href":"https:\/\/ceasuri.md\/ru\/wp-json\/wp\/v2\/product\/58651","targetHints":{"allow":["GET"]}}],"collection":[{"href":"https:\/\/ceasuri.md\/ru\/wp-json\/wp\/v2\/product"}],"about":[{"href":"https:\/\/ceasuri.md\/ru\/wp-json\/wp\/v2\/types\/product"}],"replies":[{"embeddable":true,"href":"https:\/\/ceasuri.md\/ru\/wp-json\/wp\/v2\/comments?post=58651"}],"wp:featuredmedia":[{"embeddable":true,"href":"https:\/\/ceasuri.md\/ru\/wp-json\/wp\/v2\/media\/58652"}],"wp:attachment":[{"href":"https:\/\/ceasuri.md\/ru\/wp-json\/wp\/v2\/media?parent=58651"}],"wp:term":[{"taxonomy":"product_brand","embeddable":true,"href":"https:\/\/ceasuri.md\/ru\/wp-json\/wp\/v2\/product_brand?post=58651"},{"taxonomy":"product_cat","embeddable":true,"href":"https:\/\/ceasuri.md\/ru\/wp-json\/wp\/v2\/product_cat?post=58651"},{"taxonomy":"product_tag","embeddable":true,"href":"https:\/\/ceasuri.md\/ru\/wp-json\/wp\/v2\/product_tag?post=58651"}],"curies":[{"name":"wp","href":"https:\/\/api.w.org\/{rel}","templated":true}]}}