{"id":58649,"date":"2026-04-03T00:53:02","date_gmt":"2026-04-02T21:53:02","guid":{"rendered":"http:\/\/new.ceasuri.md\/shop\/uncategorized\/cover-cardea-crystal-co221-01\/"},"modified":"2026-04-15T21:08:54","modified_gmt":"2026-04-15T18:08:54","slug":"cover-cardea-crystal-co221-01","status":"publish","type":"product","link":"https:\/\/ceasuri.md\/ru\/shop\/branduri\/cover\/cover-cardea-crystal-co221-01\/","title":{"rendered":"Ceas COVER CARDEA CRYSTAL CO221.01"},"content":{"rendered":"<p>COVER Cardea Crystal capteaz\u0103 elegan\u021ba discret\u0103 cu cadranul s\u0103u cu textur\u0103 moale argintiu. Indicatoarele orare din cristal str\u0103lucitor \u00eei sporesc designul delicat \u0219i rafinat, f\u0103c\u00e2ndu-l un accesoriu atemporal pentru orice ocazie.<\/p>\n<p>Br\u0103\u021bara clasic\u0103 argintie \u0219i carcasa, realizate \u00een \u00eentregime din o\u021bel inoxidabil, confer\u0103 ceasului un aspect curat \u0219i sofisticat. Luneta cu margini multiple \u0219i profilul sub\u021bire adaug\u0103 atingeri moderne subtile acestui ceas gra\u021bios.<\/p>\n<p>Ac\u021bionat de o mi\u0219care precis\u0103 cu cuar\u021b elve\u021bian \u0219i rezistent la ap\u0103 p\u00e2n\u0103 la 5 ATM. Asamblat manual \u00een Elve\u021bia acest elegant ceas reflect\u0103 cea mai bun\u0103 m\u0103iestrie \u0219i design elve\u021bian.<\/p>","protected":false},"excerpt":{"rendered":"<p>COVER Cardea Crystal capteaz\u0103 elegan\u021ba discret\u0103 cu cadranul s\u0103u cu textur\u0103 moale argintiu. Indicatoarele orare din cristal str\u0103lucitor \u00eei sporesc designul delicat \u0219i rafinat, f\u0103c\u00e2ndu-l un accesoriu atemporal pentru orice ocazie. Br\u0103\u021bara clasic\u0103 argintie \u0219i carcasa, realizate \u00een \u00eentregime din o\u021bel inoxidabil, confer\u0103 ceasului un aspect curat \u0219i sofisticat. Luneta cu margini multiple \u0219i profilul [&hellip;]<\/p>\n","protected":false},"featured_media":58650,"comment_status":"closed","ping_status":"open","template":"","meta":{"_acf_changed":false},"product_brand":[],"product_cat":[25,204],"product_tag":[],"class_list":{"0":"post-58649","1":"product","2":"type-product","3":"status-publish","4":"has-post-thumbnail","6":"product_cat-ceasuri-dama","7":"product_cat-cover","8":"pa_brand-cover","9":"pa_braslet-otel-inoxidabil","10":"pa_corpus-32-mm","11":"pa_decor-cristale-swarowski","12":"pa_forma-rotund","13":"pa_garatia-24-luni","14":"pa_korpus-argintiu","15":"pa_kvarc-quartz","16":"pa_material-otel-inoxidabil","17":"pa_mehanizm-quartz","18":"pa_remeshok-argintiu","19":"pa_steklo-cristal-safir","20":"pa_strana-elvetia","21":"pa_voda-5-atm","23":"first","24":"instock","25":"purchasable","26":"product-type-simple"},"acf":[],"_links":{"self":[{"href":"https:\/\/ceasuri.md\/ru\/wp-json\/wp\/v2\/product\/58649","targetHints":{"allow":["GET"]}}],"collection":[{"href":"https:\/\/ceasuri.md\/ru\/wp-json\/wp\/v2\/product"}],"about":[{"href":"https:\/\/ceasuri.md\/ru\/wp-json\/wp\/v2\/types\/product"}],"replies":[{"embeddable":true,"href":"https:\/\/ceasuri.md\/ru\/wp-json\/wp\/v2\/comments?post=58649"}],"wp:featuredmedia":[{"embeddable":true,"href":"https:\/\/ceasuri.md\/ru\/wp-json\/wp\/v2\/media\/58650"}],"wp:attachment":[{"href":"https:\/\/ceasuri.md\/ru\/wp-json\/wp\/v2\/media?parent=58649"}],"wp:term":[{"taxonomy":"product_brand","embeddable":true,"href":"https:\/\/ceasuri.md\/ru\/wp-json\/wp\/v2\/product_brand?post=58649"},{"taxonomy":"product_cat","embeddable":true,"href":"https:\/\/ceasuri.md\/ru\/wp-json\/wp\/v2\/product_cat?post=58649"},{"taxonomy":"product_tag","embeddable":true,"href":"https:\/\/ceasuri.md\/ru\/wp-json\/wp\/v2\/product_tag?post=58649"}],"curies":[{"name":"wp","href":"https:\/\/api.w.org\/{rel}","templated":true}]}}