{"id":58637,"date":"2026-04-03T00:53:02","date_gmt":"2026-04-02T21:53:02","guid":{"rendered":"http:\/\/new.ceasuri.md\/shop\/uncategorized\/cover-cardea-crystal-co221-05\/"},"modified":"2026-04-20T01:49:15","modified_gmt":"2026-04-19T22:49:15","slug":"cover-cardea-crystal-co221-05","status":"publish","type":"product","link":"https:\/\/ceasuri.md\/ru\/shop\/branduri\/cover\/cover-cardea-crystal-co221-05\/","title":{"rendered":"\u0427\u0430\u0441\u044b COVER CARDEA CRYSTAL CO221.05"},"content":{"rendered":"<p>COVER Cardea Crystal eman\u0103 rafinament atemporal cu cadranul s\u0103u captivant cu textur\u0103 verde. Indicatoarele orare din cristal sclipitor adaug\u0103 o not\u0103 de lux, complet\u00e2nd perfect designul rafinat al acestui ceas elegant.<\/p>\n<p>Br\u0103\u021bara bicolor\u0103, fabricat\u0103 \u00een \u00eentregime din o\u021bel inoxidabil, prezint\u0103 o sec\u021biune central\u0103 placat\u0103 cu aur, frumos contrastat\u0103 de verigile exterioare argintii lustruite.<\/p>\n<p>Asociat cu un luneta cu margini multiple \u0219i o carcas\u0103 rotund\u0103 elegant\u0103 din o\u021bel inoxidabil, acest ceas este un amestec armonios de stil modern \u0219i elegan\u021b\u0103 clasic\u0103.<\/p>\n<p>Alimentat de o mi\u0219care precis\u0103 cu cuar\u021b elve\u021bian, ceasul este rezistent la ap\u0103 p\u00e2n\u0103 la 5 ATM, fiind un companion de \u00eencredere pentru orice ocazie.<\/p>\n<p>Asamblat manual \u00een Elve\u021bia demonstr\u00e2nd m\u0103iestrie superioar\u0103 \u0219i calitate durabil\u0103.<\/p>","protected":false},"excerpt":{"rendered":"<p>COVER Cardea Crystal eman\u0103 rafinament atemporal cu cadranul s\u0103u captivant cu textur\u0103 verde. Indicatoarele orare din cristal sclipitor adaug\u0103 o not\u0103 de lux, complet\u00e2nd perfect designul rafinat al acestui ceas elegant. Br\u0103\u021bara bicolor\u0103, fabricat\u0103 \u00een \u00eentregime din o\u021bel inoxidabil, prezint\u0103 o sec\u021biune central\u0103 placat\u0103 cu aur, frumos contrastat\u0103 de verigile exterioare argintii lustruite. Asociat cu [&hellip;]<\/p>\n","protected":false},"featured_media":58638,"comment_status":"closed","ping_status":"open","template":"","meta":{"_acf_changed":false},"product_brand":[],"product_cat":[25,204],"product_tag":[],"class_list":{"0":"post-58637","1":"product","2":"type-product","3":"status-publish","4":"has-post-thumbnail","6":"product_cat-ceasuri-dama","7":"product_cat-cover","8":"pa_brand-cover","9":"pa_braslet-otel-inoxidabil","10":"pa_corpus-32-mm","11":"pa_decor-cristale-swarowski","12":"pa_forma-rotund","13":"pa_garatia-24-luni","14":"pa_korpus-bicolor","15":"pa_kvarc-quartz","16":"pa_material-otel-inoxidabil","17":"pa_mehanizm-quartz","18":"pa_remeshok-bicolor","19":"pa_steklo-cristal-safir","20":"pa_strana-elvetia","21":"pa_voda-5-atm","23":"first","24":"instock","25":"purchasable","26":"product-type-simple"},"acf":[],"_links":{"self":[{"href":"https:\/\/ceasuri.md\/ru\/wp-json\/wp\/v2\/product\/58637","targetHints":{"allow":["GET"]}}],"collection":[{"href":"https:\/\/ceasuri.md\/ru\/wp-json\/wp\/v2\/product"}],"about":[{"href":"https:\/\/ceasuri.md\/ru\/wp-json\/wp\/v2\/types\/product"}],"replies":[{"embeddable":true,"href":"https:\/\/ceasuri.md\/ru\/wp-json\/wp\/v2\/comments?post=58637"}],"wp:featuredmedia":[{"embeddable":true,"href":"https:\/\/ceasuri.md\/ru\/wp-json\/wp\/v2\/media\/58638"}],"wp:attachment":[{"href":"https:\/\/ceasuri.md\/ru\/wp-json\/wp\/v2\/media?parent=58637"}],"wp:term":[{"taxonomy":"product_brand","embeddable":true,"href":"https:\/\/ceasuri.md\/ru\/wp-json\/wp\/v2\/product_brand?post=58637"},{"taxonomy":"product_cat","embeddable":true,"href":"https:\/\/ceasuri.md\/ru\/wp-json\/wp\/v2\/product_cat?post=58637"},{"taxonomy":"product_tag","embeddable":true,"href":"https:\/\/ceasuri.md\/ru\/wp-json\/wp\/v2\/product_tag?post=58637"}],"curies":[{"name":"wp","href":"https:\/\/api.w.org\/{rel}","templated":true}]}}