{"id":58633,"date":"2026-04-03T00:53:02","date_gmt":"2026-04-02T21:53:02","guid":{"rendered":"http:\/\/new.ceasuri.md\/shop\/uncategorized\/cover-cardea-crystal-co221-06\/"},"modified":"2026-04-20T01:49:16","modified_gmt":"2026-04-19T22:49:16","slug":"cover-cardea-crystal-co221-06","status":"publish","type":"product","link":"https:\/\/ceasuri.md\/ru\/shop\/branduri\/cover\/cover-cardea-crystal-co221-06\/","title":{"rendered":"\u0427\u0430\u0441\u044b COVER CARDEA CRYSTAL CO221.06"},"content":{"rendered":"<p>COVER Cardea Crystal este combina\u021bia perfect\u0103 de elegan\u021b\u0103 modern\u0103 \u0219i design clasic.<\/p>\n<p>Cadranul texturat de culoare aur roz este \u00eempodobit cu cristale str\u0103lucitoare pentru un aspect luxos.<\/p>\n<p>Br\u0103\u021bara bicolor\u0103 cu elemente centrale de culoare aur roz \u0219i elemente exterioare din o\u021bel inoxidabil argintiu lucios creeaz\u0103 un contrast sofisticat.<\/p>\n<p>Alimentat de o mi\u0219care de precizie cu cuar\u021b, acest ceas fabricat \u00een Elve\u021bia este elegant \u0219i fiabil.<\/p>\n<p>Conceput pentru femeia modern\u0103, acesta combin\u0103 sofisticarea \u0219i func\u021bionalitatea.<\/p>\n<p>Fabricat manual \u00een Elve\u021bia, acest ceas este \u00eentruchiparea m\u0103iestriei elve\u021biene.<\/p>","protected":false},"excerpt":{"rendered":"<p>COVER Cardea Crystal este combina\u021bia perfect\u0103 de elegan\u021b\u0103 modern\u0103 \u0219i design clasic. Cadranul texturat de culoare aur roz este \u00eempodobit cu cristale str\u0103lucitoare pentru un aspect luxos. Br\u0103\u021bara bicolor\u0103 cu elemente centrale de culoare aur roz \u0219i elemente exterioare din o\u021bel inoxidabil argintiu lucios creeaz\u0103 un contrast sofisticat. Alimentat de o mi\u0219care de precizie cu [&hellip;]<\/p>\n","protected":false},"featured_media":58634,"comment_status":"closed","ping_status":"open","template":"","meta":{"_acf_changed":false},"product_brand":[],"product_cat":[25,204],"product_tag":[],"class_list":{"0":"post-58633","1":"product","2":"type-product","3":"status-publish","4":"has-post-thumbnail","6":"product_cat-ceasuri-dama","7":"product_cat-cover","8":"pa_brand-cover","9":"pa_braslet-otel-inoxidabil","10":"pa_corpus-32-mm","11":"pa_decor-cristale-swarowski","12":"pa_forma-rotund","13":"pa_garatia-24-luni","14":"pa_korpus-bicolor","15":"pa_kvarc-quartz","16":"pa_material-otel-inoxidabil","17":"pa_mehanizm-quartz","18":"pa_remeshok-bicolor","19":"pa_steklo-cristal-safir","20":"pa_strana-elvetia","21":"pa_voda-5-atm","23":"first","24":"instock","25":"purchasable","26":"product-type-simple"},"acf":[],"_links":{"self":[{"href":"https:\/\/ceasuri.md\/ru\/wp-json\/wp\/v2\/product\/58633","targetHints":{"allow":["GET"]}}],"collection":[{"href":"https:\/\/ceasuri.md\/ru\/wp-json\/wp\/v2\/product"}],"about":[{"href":"https:\/\/ceasuri.md\/ru\/wp-json\/wp\/v2\/types\/product"}],"replies":[{"embeddable":true,"href":"https:\/\/ceasuri.md\/ru\/wp-json\/wp\/v2\/comments?post=58633"}],"wp:featuredmedia":[{"embeddable":true,"href":"https:\/\/ceasuri.md\/ru\/wp-json\/wp\/v2\/media\/58634"}],"wp:attachment":[{"href":"https:\/\/ceasuri.md\/ru\/wp-json\/wp\/v2\/media?parent=58633"}],"wp:term":[{"taxonomy":"product_brand","embeddable":true,"href":"https:\/\/ceasuri.md\/ru\/wp-json\/wp\/v2\/product_brand?post=58633"},{"taxonomy":"product_cat","embeddable":true,"href":"https:\/\/ceasuri.md\/ru\/wp-json\/wp\/v2\/product_cat?post=58633"},{"taxonomy":"product_tag","embeddable":true,"href":"https:\/\/ceasuri.md\/ru\/wp-json\/wp\/v2\/product_tag?post=58633"}],"curies":[{"name":"wp","href":"https:\/\/api.w.org\/{rel}","templated":true}]}}