{"id":58625,"date":"2026-04-03T00:52:18","date_gmt":"2026-04-02T21:52:18","guid":{"rendered":"http:\/\/new.ceasuri.md\/shop\/uncategorized\/cover-noble-square-co222-03\/"},"modified":"2026-04-20T01:49:18","modified_gmt":"2026-04-19T22:49:18","slug":"cover-noble-square-co222-03","status":"publish","type":"product","link":"https:\/\/ceasuri.md\/ru\/shop\/branduri\/cover\/cover-noble-square-co222-03\/","title":{"rendered":"\u0427\u0430\u0441\u044b COVER NOBLE SQUARE CO222.03"},"content":{"rendered":"<p>COVER Noble Square este un elegant ceas elve\u021bian dreptunghiular pentru femei care combin\u0103 prospe\u021bimea \u0219i elegan\u021ba.<\/p>\n<p>Cadranul albastru deschis, carcasa \u0219i br\u0103\u021bara de culoare argintie creeaz\u0103 un aspect rafinat \u0219i sofisticat.<\/p>\n<p>Designul minimalist \u0219i forma dreptunghiular\u0103 fac din acest ceas partenerul perfect pentru ocazii formale \u0219i casual, ad\u0103ug\u00e2nd elegan\u021b\u0103 atemporal\u0103 oric\u0103rui look.<\/p>","protected":false},"excerpt":{"rendered":"<p>COVER Noble Square este un elegant ceas elve\u021bian dreptunghiular pentru femei care combin\u0103 prospe\u021bimea \u0219i elegan\u021ba. Cadranul albastru deschis, carcasa \u0219i br\u0103\u021bara de culoare argintie creeaz\u0103 un aspect rafinat \u0219i sofisticat. Designul minimalist \u0219i forma dreptunghiular\u0103 fac din acest ceas partenerul perfect pentru ocazii formale \u0219i casual, ad\u0103ug\u00e2nd elegan\u021b\u0103 atemporal\u0103 oric\u0103rui look.<\/p>","protected":false},"featured_media":58626,"comment_status":"closed","ping_status":"open","template":"","meta":{"_acf_changed":false},"product_brand":[],"product_cat":[25,204],"product_tag":[],"class_list":{"0":"post-58625","1":"product","2":"type-product","3":"status-publish","4":"has-post-thumbnail","6":"product_cat-ceasuri-dama","7":"product_cat-cover","8":"pa_brand-cover","9":"pa_braslet-otel-inoxidabil","10":"pa_corpus-22x30-mm","11":"pa_forma-dreptunghiular","12":"pa_garatia-24-luni","13":"pa_korpus-argintiu","14":"pa_kvarc-quartz","15":"pa_material-otel-inoxidabil","16":"pa_mehanizm-quartz","17":"pa_remeshok-argintiu","18":"pa_steklo-cristal-safir","19":"pa_strana-elvetia","20":"pa_voda-5-atm","22":"first","23":"instock","24":"purchasable","25":"product-type-simple"},"acf":[],"_links":{"self":[{"href":"https:\/\/ceasuri.md\/ru\/wp-json\/wp\/v2\/product\/58625","targetHints":{"allow":["GET"]}}],"collection":[{"href":"https:\/\/ceasuri.md\/ru\/wp-json\/wp\/v2\/product"}],"about":[{"href":"https:\/\/ceasuri.md\/ru\/wp-json\/wp\/v2\/types\/product"}],"replies":[{"embeddable":true,"href":"https:\/\/ceasuri.md\/ru\/wp-json\/wp\/v2\/comments?post=58625"}],"wp:featuredmedia":[{"embeddable":true,"href":"https:\/\/ceasuri.md\/ru\/wp-json\/wp\/v2\/media\/58626"}],"wp:attachment":[{"href":"https:\/\/ceasuri.md\/ru\/wp-json\/wp\/v2\/media?parent=58625"}],"wp:term":[{"taxonomy":"product_brand","embeddable":true,"href":"https:\/\/ceasuri.md\/ru\/wp-json\/wp\/v2\/product_brand?post=58625"},{"taxonomy":"product_cat","embeddable":true,"href":"https:\/\/ceasuri.md\/ru\/wp-json\/wp\/v2\/product_cat?post=58625"},{"taxonomy":"product_tag","embeddable":true,"href":"https:\/\/ceasuri.md\/ru\/wp-json\/wp\/v2\/product_tag?post=58625"}],"curies":[{"name":"wp","href":"https:\/\/api.w.org\/{rel}","templated":true}]}}