{"id":58623,"date":"2026-04-03T00:52:18","date_gmt":"2026-04-02T21:52:18","guid":{"rendered":"http:\/\/new.ceasuri.md\/shop\/uncategorized\/cover-noble-square-co222-04\/"},"modified":"2026-04-20T01:49:28","modified_gmt":"2026-04-19T22:49:28","slug":"cover-noble-square-co222-04","status":"publish","type":"product","link":"https:\/\/ceasuri.md\/ru\/shop\/branduri\/cover\/cover-noble-square-co222-04\/","title":{"rendered":"Ceas COVER NOBLE SQUARE CO222.04"},"content":{"rendered":"<p>COVER Noble Square este un elegant ceas elve\u021bian dreptunghiular pentru femei, cu cadran negru \u0219i carcas\u0103 \u0219i br\u0103\u021bar\u0103 placate cu aur, care eman\u0103 \u0219ic luxos.<\/p>\n<p>Designul dreptunghiular \u0219i elegan\u021ba subtil\u0103 a cadranului \u00eel fac alegerea perfect\u0103 pentru femeile care caut\u0103 o combina\u021bie de modernitate \u0219i elegan\u021b\u0103 clasic\u0103.<\/p>\n<p>Acest ceas este perfect at\u00e2t pentru ocazii speciale, c\u00e2t \u0219i pentru purtarea zilnic\u0103.<\/p>","protected":false},"excerpt":{"rendered":"<p>COVER Noble Square este un elegant ceas elve\u021bian dreptunghiular pentru femei, cu cadran negru \u0219i carcas\u0103 \u0219i br\u0103\u021bar\u0103 placate cu aur, care eman\u0103 \u0219ic luxos. Designul dreptunghiular \u0219i elegan\u021ba subtil\u0103 a cadranului \u00eel fac alegerea perfect\u0103 pentru femeile care caut\u0103 o combina\u021bie de modernitate \u0219i elegan\u021b\u0103 clasic\u0103. Acest ceas este perfect at\u00e2t pentru ocazii speciale, [&hellip;]<\/p>\n","protected":false},"featured_media":58624,"comment_status":"closed","ping_status":"open","template":"","meta":{"_acf_changed":false},"product_brand":[],"product_cat":[25,204],"product_tag":[],"class_list":{"0":"post-58623","1":"product","2":"type-product","3":"status-publish","4":"has-post-thumbnail","6":"product_cat-ceasuri-dama","7":"product_cat-cover","8":"pa_brand-cover","9":"pa_braslet-otel-inoxidabil","10":"pa_corpus-22x30-mm","11":"pa_forma-dreptunghiular","12":"pa_garatia-24-luni","13":"pa_korpus-auriu","14":"pa_kvarc-quartz","15":"pa_material-otel-inoxidabil","16":"pa_mehanizm-quartz","17":"pa_remeshok-auriu","18":"pa_steklo-cristal-safir","19":"pa_strana-elvetia","20":"pa_voda-5-atm","22":"first","23":"instock","24":"purchasable","25":"product-type-simple"},"acf":[],"_links":{"self":[{"href":"https:\/\/ceasuri.md\/ru\/wp-json\/wp\/v2\/product\/58623","targetHints":{"allow":["GET"]}}],"collection":[{"href":"https:\/\/ceasuri.md\/ru\/wp-json\/wp\/v2\/product"}],"about":[{"href":"https:\/\/ceasuri.md\/ru\/wp-json\/wp\/v2\/types\/product"}],"replies":[{"embeddable":true,"href":"https:\/\/ceasuri.md\/ru\/wp-json\/wp\/v2\/comments?post=58623"}],"wp:featuredmedia":[{"embeddable":true,"href":"https:\/\/ceasuri.md\/ru\/wp-json\/wp\/v2\/media\/58624"}],"wp:attachment":[{"href":"https:\/\/ceasuri.md\/ru\/wp-json\/wp\/v2\/media?parent=58623"}],"wp:term":[{"taxonomy":"product_brand","embeddable":true,"href":"https:\/\/ceasuri.md\/ru\/wp-json\/wp\/v2\/product_brand?post=58623"},{"taxonomy":"product_cat","embeddable":true,"href":"https:\/\/ceasuri.md\/ru\/wp-json\/wp\/v2\/product_cat?post=58623"},{"taxonomy":"product_tag","embeddable":true,"href":"https:\/\/ceasuri.md\/ru\/wp-json\/wp\/v2\/product_tag?post=58623"}],"curies":[{"name":"wp","href":"https:\/\/api.w.org\/{rel}","templated":true}]}}