{"id":58620,"date":"2026-04-03T00:52:18","date_gmt":"2026-04-02T21:52:18","guid":{"rendered":"http:\/\/new.ceasuri.md\/shop\/uncategorized\/cover-noble-square-co222-05\/"},"modified":"2026-04-23T13:42:21","modified_gmt":"2026-04-23T10:42:21","slug":"cover-noble-square-co222-05","status":"publish","type":"product","link":"https:\/\/ceasuri.md\/ru\/shop\/branduri\/cover\/cover-noble-square-co222-05\/","title":{"rendered":"\u0427\u0430\u0441\u044b COVER NOBLE SQUARE CO222.05"},"content":{"rendered":"<p>COVER Noble Square este un elegant ceas elve\u021bian dreptunghiular pentru femei care combin\u0103 designul contemporan cu elegan\u021ba atemporal\u0103.<\/p>\n<p>Cu cadranul s\u0103u argintiu \u0219i cu carcasa \u0219i br\u0103\u021bara placate cu aur, acest ceas eman\u0103 rafinament.<\/p>\n<p>Forma sa dreptunghiular\u0103 \u0219i structura minimalist\u0103 a cadranului \u00eel fac accesoriul perfect pentru orice ocazie, ad\u0103ug\u00e2nd o not\u0103 sofisticat\u0103 at\u00e2t look-urilor casual, c\u00e2t \u0219i celor formale.<\/p>","protected":false},"excerpt":{"rendered":"<p>COVER Noble Square este un elegant ceas elve\u021bian dreptunghiular pentru femei care combin\u0103 designul contemporan cu elegan\u021ba atemporal\u0103. Cu cadranul s\u0103u argintiu \u0219i cu carcasa \u0219i br\u0103\u021bara placate cu aur, acest ceas eman\u0103 rafinament. Forma sa dreptunghiular\u0103 \u0219i structura minimalist\u0103 a cadranului \u00eel fac accesoriul perfect pentru orice ocazie, ad\u0103ug\u00e2nd o not\u0103 sofisticat\u0103 at\u00e2t look-urilor [&hellip;]<\/p>\n","protected":false},"featured_media":58621,"comment_status":"closed","ping_status":"open","template":"","meta":{"_acf_changed":false},"product_brand":[],"product_cat":[25,204],"product_tag":[],"class_list":{"0":"post-58620","1":"product","2":"type-product","3":"status-publish","4":"has-post-thumbnail","6":"product_cat-ceasuri-dama","7":"product_cat-cover","8":"pa_brand-cover","9":"pa_braslet-otel-inoxidabil","10":"pa_corpus-22x30-mm","11":"pa_forma-dreptunghiular","12":"pa_garatia-24-luni","13":"pa_korpus-auriu","14":"pa_kvarc-quartz","15":"pa_material-otel-inoxidabil","16":"pa_mehanizm-quartz","17":"pa_remeshok-auriu","18":"pa_steklo-cristal-safir","19":"pa_strana-elvetia","20":"pa_voda-5-atm","22":"first","23":"instock","24":"purchasable","25":"product-type-simple"},"acf":[],"_links":{"self":[{"href":"https:\/\/ceasuri.md\/ru\/wp-json\/wp\/v2\/product\/58620","targetHints":{"allow":["GET"]}}],"collection":[{"href":"https:\/\/ceasuri.md\/ru\/wp-json\/wp\/v2\/product"}],"about":[{"href":"https:\/\/ceasuri.md\/ru\/wp-json\/wp\/v2\/types\/product"}],"replies":[{"embeddable":true,"href":"https:\/\/ceasuri.md\/ru\/wp-json\/wp\/v2\/comments?post=58620"}],"wp:featuredmedia":[{"embeddable":true,"href":"https:\/\/ceasuri.md\/ru\/wp-json\/wp\/v2\/media\/58621"}],"wp:attachment":[{"href":"https:\/\/ceasuri.md\/ru\/wp-json\/wp\/v2\/media?parent=58620"}],"wp:term":[{"taxonomy":"product_brand","embeddable":true,"href":"https:\/\/ceasuri.md\/ru\/wp-json\/wp\/v2\/product_brand?post=58620"},{"taxonomy":"product_cat","embeddable":true,"href":"https:\/\/ceasuri.md\/ru\/wp-json\/wp\/v2\/product_cat?post=58620"},{"taxonomy":"product_tag","embeddable":true,"href":"https:\/\/ceasuri.md\/ru\/wp-json\/wp\/v2\/product_tag?post=58620"}],"curies":[{"name":"wp","href":"https:\/\/api.w.org\/{rel}","templated":true}]}}