{"id":58616,"date":"2026-04-03T00:52:18","date_gmt":"2026-04-02T21:52:18","guid":{"rendered":"http:\/\/new.ceasuri.md\/shop\/uncategorized\/cover-noble-square-co222-06\/"},"modified":"2026-04-20T01:49:30","modified_gmt":"2026-04-19T22:49:30","slug":"cover-noble-square-co222-06","status":"publish","type":"product","link":"https:\/\/ceasuri.md\/ru\/shop\/branduri\/cover\/cover-noble-square-co222-06\/","title":{"rendered":"Ceas COVER NOBLE SQUARE CO222.06"},"content":{"rendered":"<p>COVER Noble Square este un elegant ceas elve\u021bian dreptunghiular pentru femei, cu cadran de culoare \u0219ampanie \u0219i carcas\u0103 \u0219i br\u0103\u021bar\u0103 placate cu aur.<\/p>\n<p>Designul minimalist este eviden\u021biat de forma dreptunghiular\u0103 \u0219i de textura rafinat\u0103 \u0219i elegant\u0103 a cadranului.<\/p>\n<p>Acest ceas va completa cu u\u0219urin\u021b\u0103 at\u00e2t look-urile formale, c\u00e2t \u0219i cele casual \u0219i este alegerea perfect\u0103 pentru orice femeie modern\u0103 care apreciaz\u0103 stilul \u0219i sofisticarea.<\/p>","protected":false},"excerpt":{"rendered":"<p>COVER Noble Square este un elegant ceas elve\u021bian dreptunghiular pentru femei, cu cadran de culoare \u0219ampanie \u0219i carcas\u0103 \u0219i br\u0103\u021bar\u0103 placate cu aur. Designul minimalist este eviden\u021biat de forma dreptunghiular\u0103 \u0219i de textura rafinat\u0103 \u0219i elegant\u0103 a cadranului. Acest ceas va completa cu u\u0219urin\u021b\u0103 at\u00e2t look-urile formale, c\u00e2t \u0219i cele casual \u0219i este alegerea perfect\u0103 [&hellip;]<\/p>\n","protected":false},"featured_media":58617,"comment_status":"closed","ping_status":"open","template":"","meta":{"_acf_changed":false},"product_brand":[],"product_cat":[25,204],"product_tag":[],"class_list":{"0":"post-58616","1":"product","2":"type-product","3":"status-publish","4":"has-post-thumbnail","6":"product_cat-ceasuri-dama","7":"product_cat-cover","8":"pa_brand-cover","9":"pa_braslet-otel-inoxidabil","10":"pa_corpus-22x30-mm","11":"pa_forma-dreptunghiular","12":"pa_garatia-24-luni","13":"pa_korpus-auriu","14":"pa_kvarc-quartz","15":"pa_material-otel-inoxidabil","16":"pa_mehanizm-quartz","17":"pa_remeshok-auriu","18":"pa_steklo-cristal-safir","19":"pa_strana-elvetia","20":"pa_voda-5-atm","22":"first","23":"instock","24":"purchasable","25":"product-type-simple"},"acf":[],"_links":{"self":[{"href":"https:\/\/ceasuri.md\/ru\/wp-json\/wp\/v2\/product\/58616","targetHints":{"allow":["GET"]}}],"collection":[{"href":"https:\/\/ceasuri.md\/ru\/wp-json\/wp\/v2\/product"}],"about":[{"href":"https:\/\/ceasuri.md\/ru\/wp-json\/wp\/v2\/types\/product"}],"replies":[{"embeddable":true,"href":"https:\/\/ceasuri.md\/ru\/wp-json\/wp\/v2\/comments?post=58616"}],"wp:featuredmedia":[{"embeddable":true,"href":"https:\/\/ceasuri.md\/ru\/wp-json\/wp\/v2\/media\/58617"}],"wp:attachment":[{"href":"https:\/\/ceasuri.md\/ru\/wp-json\/wp\/v2\/media?parent=58616"}],"wp:term":[{"taxonomy":"product_brand","embeddable":true,"href":"https:\/\/ceasuri.md\/ru\/wp-json\/wp\/v2\/product_brand?post=58616"},{"taxonomy":"product_cat","embeddable":true,"href":"https:\/\/ceasuri.md\/ru\/wp-json\/wp\/v2\/product_cat?post=58616"},{"taxonomy":"product_tag","embeddable":true,"href":"https:\/\/ceasuri.md\/ru\/wp-json\/wp\/v2\/product_tag?post=58616"}],"curies":[{"name":"wp","href":"https:\/\/api.w.org\/{rel}","templated":true}]}}