{"id":58612,"date":"2025-04-22T13:49:42","date_gmt":"2025-04-22T10:49:42","guid":{"rendered":"http:\/\/new.ceasuri.md\/shop\/uncategorized\/cover-iconosteel-lady-co223-01\/"},"modified":"2026-05-01T19:23:37","modified_gmt":"2026-05-01T16:23:37","slug":"cover-iconosteel-lady-co223-01","status":"publish","type":"product","link":"https:\/\/ceasuri.md\/ru\/shop\/branduri\/cover\/cover-iconosteel-lady-co223-01\/","title":{"rendered":"\u0427\u0430\u0441\u044b COVER ICONOSTEEL LADY CO223.01"},"content":{"rendered":"<p>COVER Iconosteel Lady eman\u0103 elegan\u021b\u0103 atemporal\u0103 cu designul s\u0103u curat \u0219i rafinat.<\/p>\n<p>Cu o carcas\u0103 \u0219i o br\u0103\u021bar\u0103 din o\u021bel inoxidabil lustruit, acest ceas de fabrica\u021bie elve\u021bian\u0103 prezint\u0103 un cadran alb luminos din nuc\u0103 de perle, \u00eencadrat de forma iconic\u0103 Iconosteel cu carcasa cu margini drepte \u0219i luneta canelat\u0103.<\/p>\n<p>Indicatoarele orare din cristal aduc o str\u0103lucire subtil\u0103 cadranului, \u00een timp ce m\u00e2inile luminoase asigur\u0103 claritate \u0219i practicabilitate.<\/p>\n<p>Conceput pentru a completa \u021binutele business sau look-urile casual, acest ceas elve\u021bian iconic pentru femei este \u00eentruchiparea versatilit\u0103\u021bii \u0219i sofistic\u0103rii.<\/p>\n<p>Cu sticl\u0103 de safir rezistent\u0103 la zg\u00e2rieturi, mi\u0219care elve\u021bian\u0103 cu cuar\u021b \u0219i un afi\u0219aj cu data zilei, combin\u0103 fiabilitatea cu elegan\u021ba.<\/p>\n<p>Asamblat manual \u00een atelierul COVER \u0219i rezistent la ap\u0103 p\u00e2n\u0103 la 100 de metri, acesta reprezint\u0103 m\u0103iestria elve\u021bian\u0103 la cel mai \u00eenalt nivel.<\/p>","protected":false},"excerpt":{"rendered":"<p>COVER Iconosteel Lady eman\u0103 elegan\u021b\u0103 atemporal\u0103 cu designul s\u0103u curat \u0219i rafinat. Cu o carcas\u0103 \u0219i o br\u0103\u021bar\u0103 din o\u021bel inoxidabil lustruit, acest ceas de fabrica\u021bie elve\u021bian\u0103 prezint\u0103 un cadran alb luminos din nuc\u0103 de perle, \u00eencadrat de forma iconic\u0103 Iconosteel cu carcasa cu margini drepte \u0219i luneta canelat\u0103. Indicatoarele orare din cristal aduc o [&hellip;]<\/p>\n","protected":false},"featured_media":58613,"comment_status":"closed","ping_status":"open","template":"","meta":{"_acf_changed":false},"product_brand":[],"product_cat":[25,204],"product_tag":[],"class_list":{"0":"post-58612","1":"product","2":"type-product","3":"status-publish","4":"has-post-thumbnail","6":"product_cat-ceasuri-dama","7":"product_cat-cover","8":"pa_brand-cover","9":"pa_braslet-otel-inoxidabil","10":"pa_corpus-35-mm","11":"pa_decor-cristale-swarowski","12":"pa_forma-rotund","13":"pa_funcii-data","14":"pa_garatia-24-luni","15":"pa_korpus-argintiu","16":"pa_kvarc-quartz","17":"pa_material-otel-inoxidabil","18":"pa_mehanizm-quartz","19":"pa_remeshok-argintiu","20":"pa_steklo-cristal-safir","21":"pa_strana-elvetia","22":"pa_voda-10-atm","24":"first","25":"instock","26":"purchasable","27":"product-type-simple"},"acf":[],"_links":{"self":[{"href":"https:\/\/ceasuri.md\/ru\/wp-json\/wp\/v2\/product\/58612","targetHints":{"allow":["GET"]}}],"collection":[{"href":"https:\/\/ceasuri.md\/ru\/wp-json\/wp\/v2\/product"}],"about":[{"href":"https:\/\/ceasuri.md\/ru\/wp-json\/wp\/v2\/types\/product"}],"replies":[{"embeddable":true,"href":"https:\/\/ceasuri.md\/ru\/wp-json\/wp\/v2\/comments?post=58612"}],"wp:featuredmedia":[{"embeddable":true,"href":"https:\/\/ceasuri.md\/ru\/wp-json\/wp\/v2\/media\/58613"}],"wp:attachment":[{"href":"https:\/\/ceasuri.md\/ru\/wp-json\/wp\/v2\/media?parent=58612"}],"wp:term":[{"taxonomy":"product_brand","embeddable":true,"href":"https:\/\/ceasuri.md\/ru\/wp-json\/wp\/v2\/product_brand?post=58612"},{"taxonomy":"product_cat","embeddable":true,"href":"https:\/\/ceasuri.md\/ru\/wp-json\/wp\/v2\/product_cat?post=58612"},{"taxonomy":"product_tag","embeddable":true,"href":"https:\/\/ceasuri.md\/ru\/wp-json\/wp\/v2\/product_tag?post=58612"}],"curies":[{"name":"wp","href":"https:\/\/api.w.org\/{rel}","templated":true}]}}