{"id":58607,"date":"2025-04-22T13:49:42","date_gmt":"2025-04-22T10:49:42","guid":{"rendered":"http:\/\/new.ceasuri.md\/shop\/uncategorized\/cover-iconosteel-lady-co223-02\/"},"modified":"2026-05-01T19:23:35","modified_gmt":"2026-05-01T16:23:35","slug":"cover-iconosteel-lady-co223-02","status":"publish","type":"product","link":"https:\/\/ceasuri.md\/ru\/shop\/branduri\/cover\/cover-iconosteel-lady-co223-02\/","title":{"rendered":"\u0427\u0430\u0441\u044b COVER ICONOSTEEL LADY CO223.02"},"content":{"rendered":"<p>COVER Iconosteel Lady este un amestec captivant de elegan\u021b\u0103 \u0219i design contemporan.<\/p>\n<p>Realizat cu o carcas\u0103 \u0219i o br\u0103\u021bar\u0103 din o\u021bel inoxidabil lustruit, acest ceas de fabrica\u021bie elve\u021bian\u0103 are un cadran hipnotizant din nuc\u0103 de perle albastr\u0103, ad\u0103ug\u00e2nd o not\u0103 unic\u0103 \u0219i luxoas\u0103 siluetei sale moderne.Indicatoarele orare din cristal sporesc sofisticarea cadranului, \u00een timp ce m\u00e2inile luminoase ofer\u0103 o lizibilitate excelent\u0103.<\/p>\n<p>Conceput pentru versatilitate, acest ceas pentru femei trece f\u0103r\u0103 probleme de la \u021binuta casual la cea business, \u00eentruchip\u00e2nd stilul f\u0103r\u0103 efort pentru orice ocazie.<\/p>\n<p>Echipat cu o sticl\u0103 de safir rezistent\u0103 la zg\u00e2rieturi, mi\u0219care elve\u021bian\u0103 cu cuar\u021b \u0219i un afi\u0219aj cu data zilei, ofer\u0103 fiabilitate \u0219i durabilitate.<\/p>\n<p>Asamblat manual \u00een atelierul COVER \u0219i rezistent la ap\u0103 p\u00e2n\u0103 la 100 de metri, acesta reflect\u0103 precizia me\u0219te\u0219ugului elve\u021bian.<\/p>","protected":false},"excerpt":{"rendered":"<p>COVER Iconosteel Lady este un amestec captivant de elegan\u021b\u0103 \u0219i design contemporan. Realizat cu o carcas\u0103 \u0219i o br\u0103\u021bar\u0103 din o\u021bel inoxidabil lustruit, acest ceas de fabrica\u021bie elve\u021bian\u0103 are un cadran hipnotizant din nuc\u0103 de perle albastr\u0103, ad\u0103ug\u00e2nd o not\u0103 unic\u0103 \u0219i luxoas\u0103 siluetei sale moderne.Indicatoarele orare din cristal sporesc sofisticarea cadranului, \u00een timp ce [&hellip;]<\/p>\n","protected":false},"featured_media":58608,"comment_status":"closed","ping_status":"open","template":"","meta":{"_acf_changed":false},"product_brand":[],"product_cat":[25,204],"product_tag":[],"class_list":{"0":"post-58607","1":"product","2":"type-product","3":"status-publish","4":"has-post-thumbnail","6":"product_cat-ceasuri-dama","7":"product_cat-cover","8":"pa_brand-cover","9":"pa_braslet-otel-inoxidabil","10":"pa_corpus-35-mm","11":"pa_decor-cristale-swarowski","12":"pa_forma-rotund","13":"pa_funcii-data","14":"pa_garatia-24-luni","15":"pa_korpus-argintiu","16":"pa_kvarc-quartz","17":"pa_material-otel-inoxidabil","18":"pa_mehanizm-quartz","19":"pa_remeshok-argintiu","20":"pa_steklo-cristal-safir","21":"pa_strana-elvetia","22":"pa_voda-10-atm","24":"first","25":"instock","26":"purchasable","27":"product-type-simple"},"acf":[],"_links":{"self":[{"href":"https:\/\/ceasuri.md\/ru\/wp-json\/wp\/v2\/product\/58607","targetHints":{"allow":["GET"]}}],"collection":[{"href":"https:\/\/ceasuri.md\/ru\/wp-json\/wp\/v2\/product"}],"about":[{"href":"https:\/\/ceasuri.md\/ru\/wp-json\/wp\/v2\/types\/product"}],"replies":[{"embeddable":true,"href":"https:\/\/ceasuri.md\/ru\/wp-json\/wp\/v2\/comments?post=58607"}],"wp:featuredmedia":[{"embeddable":true,"href":"https:\/\/ceasuri.md\/ru\/wp-json\/wp\/v2\/media\/58608"}],"wp:attachment":[{"href":"https:\/\/ceasuri.md\/ru\/wp-json\/wp\/v2\/media?parent=58607"}],"wp:term":[{"taxonomy":"product_brand","embeddable":true,"href":"https:\/\/ceasuri.md\/ru\/wp-json\/wp\/v2\/product_brand?post=58607"},{"taxonomy":"product_cat","embeddable":true,"href":"https:\/\/ceasuri.md\/ru\/wp-json\/wp\/v2\/product_cat?post=58607"},{"taxonomy":"product_tag","embeddable":true,"href":"https:\/\/ceasuri.md\/ru\/wp-json\/wp\/v2\/product_tag?post=58607"}],"curies":[{"name":"wp","href":"https:\/\/api.w.org\/{rel}","templated":true}]}}